{"id":7157,"date":"2023-07-05T09:06:44","date_gmt":"2023-07-05T07:06:44","guid":{"rendered":"https:\/\/www.galvaswiss.ch\/construction\/preparation-adaptee-au-revetement\/"},"modified":"2024-11-07T09:37:51","modified_gmt":"2024-11-07T08:37:51","slug":"preparation-adaptee-au-revetement","status":"publish","type":"page","link":"https:\/\/www.galvaswiss.ch\/fr\/construction\/preparation-adaptee-au-revetement\/","title":{"rendered":"Pr\u00e9paration adapt\u00e9e au rev\u00eatement"},"content":{"rendered":"\t\t<div data-elementor-type=\"wp-page\" data-elementor-id=\"7157\" class=\"elementor elementor-7157 elementor-1714\" data-elementor-post-type=\"page\">\n\t\t\t\t<div class=\"elementor-element elementor-element-440ea3d e-con-full e-flex e-con e-parent\" data-id=\"440ea3d\" data-element_type=\"container\" data-e-type=\"container\" data-settings=\"{&quot;background_background&quot;:&quot;classic&quot;}\">\n\t\t<div class=\"elementor-element elementor-element-a5de8fc e-flex e-con-boxed e-con e-child\" data-id=\"a5de8fc\" data-element_type=\"container\" data-e-type=\"container\">\n\t\t\t\t\t<div class=\"e-con-inner\">\n\t\t<div class=\"elementor-element elementor-element-556d9d6 e-con-full e-flex e-con e-child\" data-id=\"556d9d6\" data-element_type=\"container\" data-e-type=\"container\">\n\t\t\t\t<div class=\"elementor-element elementor-element-f81c541 elementor-widget elementor-widget-breadcrumbs\" data-id=\"f81c541\" data-element_type=\"widget\" data-e-type=\"widget\" data-widget_type=\"breadcrumbs.default\">\n\t\t\t\t<div class=\"elementor-widget-container\">\n\t\t\t\t\t<div id=\"breadcrumbs\"><span><span><a href=\"https:\/\/www.galvaswiss.ch\/fr\/\">Home<\/a><\/span><\/span><\/div>\t\t\t\t<\/div>\n\t\t\t\t<\/div>\n\t\t\t\t<div class=\"elementor-element elementor-element-6e4f558 elementor-widget elementor-widget-heading\" data-id=\"6e4f558\" data-element_type=\"widget\" data-e-type=\"widget\" data-widget_type=\"heading.default\">\n\t\t\t\t<div class=\"elementor-widget-container\">\n\t\t\t\t\t<h1 class=\"elementor-heading-title elementor-size-default\">Pr\u00e9paration adapt\u00e9e au rev\u00eatement<\/h1>\t\t\t\t<\/div>\n\t\t\t\t<\/div>\n\t\t\t\t<div class=\"elementor-element elementor-element-a7e5df6 elementor-widget elementor-widget-text-editor\" data-id=\"a7e5df6\" data-element_type=\"widget\" data-e-type=\"widget\" data-widget_type=\"text-editor.default\">\n\t\t\t\t<div class=\"elementor-widget-container\">\n\t\t\t\t\t\t\t\t\t<p>L&#8217;effet protecteur et la dur\u00e9e de vie d&#8217;un rev\u00eatement d\u00e9pendent de<\/p>\n<ul>\n<li>le choix de la peinture, la structure et l&#8217;\u00e9paisseur des couches<\/li>\n<li>la pr\u00e9paration de la surface par le m\u00e9tallier (casser les bords, endormir les ar\u00eates de coupe thermique, etc.)<\/li>\n<li>le pr\u00e9traitement de la surface par l&#8217;enducteur (grenaillage, pr\u00e9traitement chimique)<\/li>\n<\/ul>\n\t\t\t\t\t\t\t\t<\/div>\n\t\t\t\t<\/div>\n\t\t\t\t<\/div>\n\t\t\t\t\t<\/div>\n\t\t\t\t<\/div>\n\t\t\t\t<\/div>\n\t\t<div class=\"elementor-element elementor-element-eb9b8aa e-flex e-con-boxed e-con e-parent\" data-id=\"eb9b8aa\" data-element_type=\"container\" data-e-type=\"container\" data-settings=\"{&quot;background_background&quot;:&quot;classic&quot;}\">\n\t\t\t\t\t<div class=\"e-con-inner\">\n\t\t<div class=\"elementor-element elementor-element-35484d2 e-con-full e-flex e-con e-child\" data-id=\"35484d2\" data-element_type=\"container\" data-e-type=\"container\">\n\t\t\t\t<div class=\"elementor-element elementor-element-abc7bb8 elementor-widget elementor-widget-text-editor\" data-id=\"abc7bb8\" data-element_type=\"widget\" data-e-type=\"widget\" data-widget_type=\"text-editor.default\">\n\t\t\t\t<div class=\"elementor-widget-container\">\n\t\t\t\t\t\t\t\t\t<p>Les constructions m\u00e9talliques qui sont galvanis\u00e9es \u00e0 chaud et rev\u00eatues (duplex) doivent d\u00e9j\u00e0 r\u00e9pondre aux crit\u00e8res de pr\u00e9paration du rev\u00eatement avant la galvanisation \u00e0 chaud.<\/p>\n<p>La pr\u00e9paration est d\u00e9crite dans la norme ISO 12944-3, mais plus pr\u00e9cis\u00e9ment dans la norme EN 1090 pour les \u00e9l\u00e9ments porteurs en acier.<\/p>\n\t\t\t\t\t\t\t\t<\/div>\n\t\t\t\t<\/div>\n\t\t\t\t<div class=\"elementor-element elementor-element-2d82d92 elementor-widget elementor-widget-heading\" data-id=\"2d82d92\" data-element_type=\"widget\" data-e-type=\"widget\" data-widget_type=\"heading.default\">\n\t\t\t\t<div class=\"elementor-widget-container\">\n\t\t\t\t\t<p class=\"elementor-heading-title elementor-size-default\">Pr\u00e9paration de surface par le m\u00e9tallier selon la norme EN 1090 pour le duplex et la peinture directement sur l'acier<\/p>\t\t\t\t<\/div>\n\t\t\t\t<\/div>\n\t\t\t\t<div class=\"elementor-element elementor-element-e3f758d elementor-widget elementor-widget-text-editor\" data-id=\"e3f758d\" data-element_type=\"widget\" data-e-type=\"widget\" data-widget_type=\"text-editor.default\">\n\t\t\t\t<div class=\"elementor-widget-container\">\n\t\t\t\t\t\t\t\t\t<p>L&#8217;effort de pr\u00e9paration d\u00e9pend du degr\u00e9 de charge et de la dur\u00e9e de protection dans l&#8217;application :<\/p>\n\t\t\t\t\t\t\t\t<\/div>\n\t\t\t\t<\/div>\n\t\t\t\t<div class=\"elementor-element elementor-element-67b2ba8 elementor-widget elementor-widget-image\" data-id=\"67b2ba8\" data-element_type=\"widget\" data-e-type=\"widget\" data-widget_type=\"image.default\">\n\t\t\t\t<div class=\"elementor-widget-container\">\n\t\t\t\t\t\t\t\t\t\t\t\t\t\t\t<img fetchpriority=\"high\" decoding=\"async\" width=\"800\" height=\"122\" src=\"https:\/\/www.galvaswiss.ch\/app\/uploads\/Bildschirmfoto-2024-03-11-um-16.00.28-1-1024x156.png\" class=\"attachment-large size-large wp-image-6974\" alt=\"\" srcset=\"https:\/\/www.galvaswiss.ch\/app\/uploads\/Bildschirmfoto-2024-03-11-um-16.00.28-1-1024x156.png 1024w, https:\/\/www.galvaswiss.ch\/app\/uploads\/Bildschirmfoto-2024-03-11-um-16.00.28-1-300x46.png 300w, https:\/\/www.galvaswiss.ch\/app\/uploads\/Bildschirmfoto-2024-03-11-um-16.00.28-1-768x117.png 768w, https:\/\/www.galvaswiss.ch\/app\/uploads\/Bildschirmfoto-2024-03-11-um-16.00.28-1-1536x233.png 1536w, https:\/\/www.galvaswiss.ch\/app\/uploads\/Bildschirmfoto-2024-03-11-um-16.00.28-1-2048x311.png 2048w\" sizes=\"(max-width: 800px) 100vw, 800px\" \/>\t\t\t\t\t\t\t\t\t\t\t\t\t\t\t<\/div>\n\t\t\t\t<\/div>\n\t\t\t\t<div class=\"elementor-element elementor-element-e399c30 elementor-widget elementor-widget-text-editor\" data-id=\"e399c30\" data-element_type=\"widget\" data-e-type=\"widget\" data-widget_type=\"text-editor.default\">\n\t\t\t\t<div class=\"elementor-widget-container\">\n\t\t\t\t\t\t\t\t\t<p>Vous trouverez plus de d\u00e9tails sur la pr\u00e9paration selon la norme EN 1090 dans nos t\u00e9l\u00e9chargements :<\/p>\n\t\t\t\t\t\t\t\t<\/div>\n\t\t\t\t<\/div>\n\t\t\t\t<div class=\"elementor-element elementor-element-4d538ea bordered-button animated-slow elementor-invisible elementor-widget elementor-widget-button\" data-id=\"4d538ea\" data-element_type=\"widget\" data-e-type=\"widget\" data-settings=\"{&quot;_animation&quot;:&quot;fadeInUp&quot;}\" data-widget_type=\"button.default\">\n\t\t\t\t<div class=\"elementor-widget-container\">\n\t\t\t\t\t\t\t\t\t<div class=\"elementor-button-wrapper\">\n\t\t\t\t\t<a class=\"elementor-button elementor-button-link elementor-size-md\" href=\"https:\/\/www.galvaswiss.ch\/fr\/service\/downloads\/#en-1090\">\n\t\t\t\t\t\t<span class=\"elementor-button-content-wrapper\">\n\t\t\t\t\t\t<span class=\"elementor-button-icon\">\n\t\t\t\t<svg xmlns=\"http:\/\/www.w3.org\/2000\/svg\" width=\"14\" height=\"13\" viewBox=\"0 0 14 13\" fill=\"none\"><path d=\"M12.877 7.18872C13.2578 6.83716 13.2578 6.22192 12.877 5.87036L8.18945 1.18286C7.83789 0.802002 7.22266 0.802002 6.87109 1.18286C6.49023 1.53442 6.49023 2.14966 6.87109 2.50122L9.94727 5.57739H0.982422C0.455078 5.57739 0.0449219 6.01685 0.0449219 6.51489C0.0449219 7.04224 0.455078 7.45239 0.982422 7.45239H9.94727L6.87109 10.5579C6.49023 10.9094 6.49023 11.5247 6.87109 11.8762C7.22266 12.2571 7.83789 12.2571 8.18945 11.8762L12.877 7.18872Z\" fill=\"#DD0016\"><\/path><\/svg>\t\t\t<\/span>\n\t\t\t\t\t\t\t\t\t<span class=\"elementor-button-text\">en savoir plus<\/span>\n\t\t\t\t\t<\/span>\n\t\t\t\t\t<\/a>\n\t\t\t\t<\/div>\n\t\t\t\t\t\t\t\t<\/div>\n\t\t\t\t<\/div>\n\t\t\t\t<\/div>\n\t\t\t\t\t<\/div>\n\t\t\t\t<\/div>\n\t\t<div class=\"elementor-element elementor-element-3d2f428 regular-padding e-flex e-con-boxed e-con e-parent\" data-id=\"3d2f428\" data-element_type=\"container\" data-e-type=\"container\" data-settings=\"{&quot;background_background&quot;:&quot;classic&quot;}\">\n\t\t\t\t\t<div class=\"e-con-inner\">\n\t\t<div class=\"elementor-element elementor-element-b362268 e-con-full col-10 e-flex e-con e-child\" data-id=\"b362268\" data-element_type=\"container\" data-e-type=\"container\" data-settings=\"{&quot;background_background&quot;:&quot;classic&quot;}\">\n\t\t<div class=\"elementor-element elementor-element-9fa24c2 e-flex e-con-boxed e-con e-child\" data-id=\"9fa24c2\" data-element_type=\"container\" data-e-type=\"container\">\n\t\t\t\t\t<div class=\"e-con-inner\">\n\t\t\t\t<div class=\"elementor-element elementor-element-887f134 elementor-widget elementor-widget-heading\" data-id=\"887f134\" data-element_type=\"widget\" data-e-type=\"widget\" data-widget_type=\"heading.default\">\n\t\t\t\t<div class=\"elementor-widget-container\">\n\t\t\t\t\t<h3 class=\"elementor-heading-title elementor-size-default\">Vous avez des questions ?<\/h3>\t\t\t\t<\/div>\n\t\t\t\t<\/div>\n\t\t\t\t<div class=\"elementor-element elementor-element-f4b21fc elementor-widget elementor-widget-text-editor\" data-id=\"f4b21fc\" data-element_type=\"widget\" data-e-type=\"widget\" data-widget_type=\"text-editor.default\">\n\t\t\t\t<div class=\"elementor-widget-container\">\n\t\t\t\t\t\t\t\t\t<p>Nos experts du service d&#8217;assistance technique se feront un plaisir de vous aider.<\/p>\n\t\t\t\t\t\t\t\t<\/div>\n\t\t\t\t<\/div>\n\t\t\t\t<div class=\"elementor-element elementor-element-0e5c20e bordered-button animated-slow elementor-invisible elementor-widget elementor-widget-button\" data-id=\"0e5c20e\" data-element_type=\"widget\" data-e-type=\"widget\" data-settings=\"{&quot;_animation&quot;:&quot;fadeInUp&quot;}\" data-widget_type=\"button.default\">\n\t\t\t\t<div class=\"elementor-widget-container\">\n\t\t\t\t\t\t\t\t\t<div class=\"elementor-button-wrapper\">\n\t\t\t\t\t<a class=\"elementor-button elementor-button-link elementor-size-md\" href=\"https:\/\/www.galvaswiss.ch\/fr\/?page_id=7126\">\n\t\t\t\t\t\t<span class=\"elementor-button-content-wrapper\">\n\t\t\t\t\t\t<span class=\"elementor-button-icon\">\n\t\t\t\t<svg xmlns=\"http:\/\/www.w3.org\/2000\/svg\" width=\"14\" height=\"13\" viewBox=\"0 0 14 13\" fill=\"none\"><path d=\"M12.877 7.18872C13.2578 6.83716 13.2578 6.22192 12.877 5.87036L8.18945 1.18286C7.83789 0.802002 7.22266 0.802002 6.87109 1.18286C6.49023 1.53442 6.49023 2.14966 6.87109 2.50122L9.94727 5.57739H0.982422C0.455078 5.57739 0.0449219 6.01685 0.0449219 6.51489C0.0449219 7.04224 0.455078 7.45239 0.982422 7.45239H9.94727L6.87109 10.5579C6.49023 10.9094 6.49023 11.5247 6.87109 11.8762C7.22266 12.2571 7.83789 12.2571 8.18945 11.8762L12.877 7.18872Z\" fill=\"#DD0016\"><\/path><\/svg>\t\t\t<\/span>\n\t\t\t\t\t\t\t\t\t<span class=\"elementor-button-text\">Vers la page de contact<\/span>\n\t\t\t\t\t<\/span>\n\t\t\t\t\t<\/a>\n\t\t\t\t<\/div>\n\t\t\t\t\t\t\t\t<\/div>\n\t\t\t\t<\/div>\n\t\t\t\t\t<\/div>\n\t\t\t\t<\/div>\n\t\t<div class=\"elementor-element elementor-element-9eb54ac e-flex e-con-boxed e-con e-child\" data-id=\"9eb54ac\" data-element_type=\"container\" data-e-type=\"container\">\n\t\t\t\t\t<div class=\"e-con-inner\">\n\t\t\t\t<div class=\"elementor-element elementor-element-8158ce2 elementor-widget elementor-widget-image\" data-id=\"8158ce2\" data-element_type=\"widget\" data-e-type=\"widget\" data-widget_type=\"image.default\">\n\t\t\t\t<div class=\"elementor-widget-container\">\n\t\t\t\t\t\t\t\t\t\t\t\t\t\t\t<img decoding=\"async\" src=\"https:\/\/www.galvaswiss.ch\/app\/uploads\/speach_bubbles.svg\" class=\"attachment-full size-full wp-image-6709\" alt=\"\" \/>\t\t\t\t\t\t\t\t\t\t\t\t\t\t\t<\/div>\n\t\t\t\t<\/div>\n\t\t\t\t\t<\/div>\n\t\t\t\t<\/div>\n\t\t\t\t<\/div>\n\t\t\t\t\t<\/div>\n\t\t\t\t<\/div>\n\t\t\t\t<\/div>\n\t\t","protected":false},"excerpt":{"rendered":"<p>Pr\u00e9paration adapt\u00e9e au rev\u00eatement L&#8217;effet protecteur et la dur\u00e9e de vie d&#8217;un rev\u00eatement d\u00e9pendent de le choix de la peinture, la structure et l&#8217;\u00e9paisseur des couches la pr\u00e9paration de la surface par le m\u00e9tallier (casser les bords, endormir les ar\u00eates de coupe thermique, etc.) le pr\u00e9traitement de la surface par l&#8217;enducteur (grenaillage, pr\u00e9traitement chimique) Les [&hellip;]<\/p>\n","protected":false},"author":1,"featured_media":0,"parent":7110,"menu_order":0,"comment_status":"closed","ping_status":"closed","template":"","meta":{"_glsr_average":0,"_glsr_ranking":0,"_glsr_reviews":0,"footnotes":""},"class_list":["post-7157","page","type-page","status-publish","hentry"],"yoast_head":"<!-- This site is optimized with the Yoast SEO plugin v26.9 - https:\/\/yoast.com\/product\/yoast-seo-wordpress\/ -->\n<title>Pr\u00e9paration adapt\u00e9e au rev\u00eatement - Galvaswiss AG<\/title>\n<meta name=\"description\" content=\"La dur\u00e9e de vie du rev\u00eatement d\u00e9pend fortement de la pr\u00e9paration de la surface par le m\u00e9tallier (cassure des bords, pon\u00e7age des ar\u00eates de coupe thermique, etc.)\" \/>\n<meta name=\"robots\" content=\"index, follow, max-snippet:-1, max-image-preview:large, max-video-preview:-1\" \/>\n<link rel=\"canonical\" href=\"https:\/\/www.galvaswiss.ch\/fr\/construction\/preparation-adaptee-au-revetement\/\" \/>\n<meta property=\"og:locale\" content=\"fr_FR\" \/>\n<meta property=\"og:type\" content=\"article\" \/>\n<meta property=\"og:title\" content=\"Pr\u00e9paration adapt\u00e9e au rev\u00eatement - Galvaswiss AG\" \/>\n<meta property=\"og:description\" content=\"La dur\u00e9e de vie du rev\u00eatement d\u00e9pend fortement de la pr\u00e9paration de la surface par le m\u00e9tallier (cassure des bords, pon\u00e7age des ar\u00eates de coupe thermique, etc.)\" \/>\n<meta property=\"og:url\" content=\"https:\/\/www.galvaswiss.ch\/fr\/construction\/preparation-adaptee-au-revetement\/\" \/>\n<meta property=\"og:site_name\" content=\"Galvaswiss AG\" \/>\n<meta property=\"article:modified_time\" content=\"2024-11-07T08:37:51+00:00\" \/>\n<meta property=\"og:image\" content=\"https:\/\/www.galvaswiss.ch\/app\/uploads\/Bildschirmfoto-2024-03-11-um-16.00.28-1-1024x156.png\" \/>\n<meta name=\"twitter:card\" content=\"summary_large_image\" \/>\n<script type=\"application\/ld+json\" class=\"yoast-schema-graph\">{\"@context\":\"https:\/\/schema.org\",\"@graph\":[{\"@type\":\"WebPage\",\"@id\":\"https:\/\/www.galvaswiss.ch\/fr\/construction\/preparation-adaptee-au-revetement\/\",\"url\":\"https:\/\/www.galvaswiss.ch\/fr\/construction\/preparation-adaptee-au-revetement\/\",\"name\":\"Pr\u00e9paration adapt\u00e9e au rev\u00eatement - Galvaswiss AG\",\"isPartOf\":{\"@id\":\"https:\/\/staging.galvaswiss.zwei14.website\/#website\"},\"primaryImageOfPage\":{\"@id\":\"https:\/\/www.galvaswiss.ch\/fr\/construction\/preparation-adaptee-au-revetement\/#primaryimage\"},\"image\":{\"@id\":\"https:\/\/www.galvaswiss.ch\/fr\/construction\/preparation-adaptee-au-revetement\/#primaryimage\"},\"thumbnailUrl\":\"https:\/\/www.galvaswiss.ch\/app\/uploads\/Bildschirmfoto-2024-03-11-um-16.00.28-1-1024x156.png\",\"datePublished\":\"2023-07-05T07:06:44+00:00\",\"dateModified\":\"2024-11-07T08:37:51+00:00\",\"description\":\"La dur\u00e9e de vie du rev\u00eatement d\u00e9pend fortement de la pr\u00e9paration de la surface par le m\u00e9tallier (cassure des bords, pon\u00e7age des ar\u00eates de coupe thermique, etc.)\",\"breadcrumb\":{\"@id\":\"https:\/\/www.galvaswiss.ch\/fr\/construction\/preparation-adaptee-au-revetement\/#breadcrumb\"},\"inLanguage\":\"fr-FR\",\"potentialAction\":[{\"@type\":\"ReadAction\",\"target\":[\"https:\/\/www.galvaswiss.ch\/fr\/construction\/preparation-adaptee-au-revetement\/\"]}]},{\"@type\":\"ImageObject\",\"inLanguage\":\"fr-FR\",\"@id\":\"https:\/\/www.galvaswiss.ch\/fr\/construction\/preparation-adaptee-au-revetement\/#primaryimage\",\"url\":\"https:\/\/www.galvaswiss.ch\/app\/uploads\/Bildschirmfoto-2024-03-11-um-16.00.28-1-1024x156.png\",\"contentUrl\":\"https:\/\/www.galvaswiss.ch\/app\/uploads\/Bildschirmfoto-2024-03-11-um-16.00.28-1-1024x156.png\"},{\"@type\":\"BreadcrumbList\",\"@id\":\"https:\/\/www.galvaswiss.ch\/fr\/construction\/preparation-adaptee-au-revetement\/#breadcrumb\",\"itemListElement\":[{\"@type\":\"ListItem\",\"position\":1,\"name\":\"Home\",\"item\":\"https:\/\/www.galvaswiss.ch\/fr\/\"},{\"@type\":\"ListItem\",\"position\":2,\"name\":\"Construction\",\"item\":\"https:\/\/www.galvaswiss.ch\/fr\/construction\/\"},{\"@type\":\"ListItem\",\"position\":3,\"name\":\"Pr\u00e9paration adapt\u00e9e au rev\u00eatement\"}]},{\"@type\":\"WebSite\",\"@id\":\"https:\/\/staging.galvaswiss.zwei14.website\/#website\",\"url\":\"https:\/\/staging.galvaswiss.zwei14.website\/\",\"name\":\"Galvaswiss AG\",\"description\":\"\",\"publisher\":{\"@id\":\"https:\/\/staging.galvaswiss.zwei14.website\/#organization\"},\"potentialAction\":[{\"@type\":\"SearchAction\",\"target\":{\"@type\":\"EntryPoint\",\"urlTemplate\":\"https:\/\/staging.galvaswiss.zwei14.website\/?s={search_term_string}\"},\"query-input\":{\"@type\":\"PropertyValueSpecification\",\"valueRequired\":true,\"valueName\":\"search_term_string\"}}],\"inLanguage\":\"fr-FR\"},{\"@type\":\"Organization\",\"@id\":\"https:\/\/staging.galvaswiss.zwei14.website\/#organization\",\"name\":\"Galvaswiss AG\",\"url\":\"https:\/\/staging.galvaswiss.zwei14.website\/\",\"logo\":{\"@type\":\"ImageObject\",\"inLanguage\":\"fr-FR\",\"@id\":\"https:\/\/staging.galvaswiss.zwei14.website\/#\/schema\/logo\/image\/\",\"url\":\"https:\/\/www.galvaswiss.ch\/app\/uploads\/galvaswiss_230.svg\",\"contentUrl\":\"https:\/\/www.galvaswiss.ch\/app\/uploads\/galvaswiss_230.svg\",\"width\":230,\"height\":41,\"caption\":\"Galvaswiss AG\"},\"image\":{\"@id\":\"https:\/\/staging.galvaswiss.zwei14.website\/#\/schema\/logo\/image\/\"}}]}<\/script>\n<!-- \/ Yoast SEO plugin. -->","yoast_head_json":{"title":"Pr\u00e9paration adapt\u00e9e au rev\u00eatement - Galvaswiss AG","description":"La dur\u00e9e de vie du rev\u00eatement d\u00e9pend fortement de la pr\u00e9paration de la surface par le m\u00e9tallier (cassure des bords, pon\u00e7age des ar\u00eates de coupe thermique, etc.)","robots":{"index":"index","follow":"follow","max-snippet":"max-snippet:-1","max-image-preview":"max-image-preview:large","max-video-preview":"max-video-preview:-1"},"canonical":"https:\/\/www.galvaswiss.ch\/fr\/construction\/preparation-adaptee-au-revetement\/","og_locale":"fr_FR","og_type":"article","og_title":"Pr\u00e9paration adapt\u00e9e au rev\u00eatement - Galvaswiss AG","og_description":"La dur\u00e9e de vie du rev\u00eatement d\u00e9pend fortement de la pr\u00e9paration de la surface par le m\u00e9tallier (cassure des bords, pon\u00e7age des ar\u00eates de coupe thermique, etc.)","og_url":"https:\/\/www.galvaswiss.ch\/fr\/construction\/preparation-adaptee-au-revetement\/","og_site_name":"Galvaswiss AG","article_modified_time":"2024-11-07T08:37:51+00:00","og_image":[{"url":"https:\/\/www.galvaswiss.ch\/app\/uploads\/Bildschirmfoto-2024-03-11-um-16.00.28-1-1024x156.png","type":"","width":"","height":""}],"twitter_card":"summary_large_image","schema":{"@context":"https:\/\/schema.org","@graph":[{"@type":"WebPage","@id":"https:\/\/www.galvaswiss.ch\/fr\/construction\/preparation-adaptee-au-revetement\/","url":"https:\/\/www.galvaswiss.ch\/fr\/construction\/preparation-adaptee-au-revetement\/","name":"Pr\u00e9paration adapt\u00e9e au rev\u00eatement - Galvaswiss AG","isPartOf":{"@id":"https:\/\/staging.galvaswiss.zwei14.website\/#website"},"primaryImageOfPage":{"@id":"https:\/\/www.galvaswiss.ch\/fr\/construction\/preparation-adaptee-au-revetement\/#primaryimage"},"image":{"@id":"https:\/\/www.galvaswiss.ch\/fr\/construction\/preparation-adaptee-au-revetement\/#primaryimage"},"thumbnailUrl":"https:\/\/www.galvaswiss.ch\/app\/uploads\/Bildschirmfoto-2024-03-11-um-16.00.28-1-1024x156.png","datePublished":"2023-07-05T07:06:44+00:00","dateModified":"2024-11-07T08:37:51+00:00","description":"La dur\u00e9e de vie du rev\u00eatement d\u00e9pend fortement de la pr\u00e9paration de la surface par le m\u00e9tallier (cassure des bords, pon\u00e7age des ar\u00eates de coupe thermique, etc.)","breadcrumb":{"@id":"https:\/\/www.galvaswiss.ch\/fr\/construction\/preparation-adaptee-au-revetement\/#breadcrumb"},"inLanguage":"fr-FR","potentialAction":[{"@type":"ReadAction","target":["https:\/\/www.galvaswiss.ch\/fr\/construction\/preparation-adaptee-au-revetement\/"]}]},{"@type":"ImageObject","inLanguage":"fr-FR","@id":"https:\/\/www.galvaswiss.ch\/fr\/construction\/preparation-adaptee-au-revetement\/#primaryimage","url":"https:\/\/www.galvaswiss.ch\/app\/uploads\/Bildschirmfoto-2024-03-11-um-16.00.28-1-1024x156.png","contentUrl":"https:\/\/www.galvaswiss.ch\/app\/uploads\/Bildschirmfoto-2024-03-11-um-16.00.28-1-1024x156.png"},{"@type":"BreadcrumbList","@id":"https:\/\/www.galvaswiss.ch\/fr\/construction\/preparation-adaptee-au-revetement\/#breadcrumb","itemListElement":[{"@type":"ListItem","position":1,"name":"Home","item":"https:\/\/www.galvaswiss.ch\/fr\/"},{"@type":"ListItem","position":2,"name":"Construction","item":"https:\/\/www.galvaswiss.ch\/fr\/construction\/"},{"@type":"ListItem","position":3,"name":"Pr\u00e9paration adapt\u00e9e au rev\u00eatement"}]},{"@type":"WebSite","@id":"https:\/\/staging.galvaswiss.zwei14.website\/#website","url":"https:\/\/staging.galvaswiss.zwei14.website\/","name":"Galvaswiss AG","description":"","publisher":{"@id":"https:\/\/staging.galvaswiss.zwei14.website\/#organization"},"potentialAction":[{"@type":"SearchAction","target":{"@type":"EntryPoint","urlTemplate":"https:\/\/staging.galvaswiss.zwei14.website\/?s={search_term_string}"},"query-input":{"@type":"PropertyValueSpecification","valueRequired":true,"valueName":"search_term_string"}}],"inLanguage":"fr-FR"},{"@type":"Organization","@id":"https:\/\/staging.galvaswiss.zwei14.website\/#organization","name":"Galvaswiss AG","url":"https:\/\/staging.galvaswiss.zwei14.website\/","logo":{"@type":"ImageObject","inLanguage":"fr-FR","@id":"https:\/\/staging.galvaswiss.zwei14.website\/#\/schema\/logo\/image\/","url":"https:\/\/www.galvaswiss.ch\/app\/uploads\/galvaswiss_230.svg","contentUrl":"https:\/\/www.galvaswiss.ch\/app\/uploads\/galvaswiss_230.svg","width":230,"height":41,"caption":"Galvaswiss AG"},"image":{"@id":"https:\/\/staging.galvaswiss.zwei14.website\/#\/schema\/logo\/image\/"}}]}},"_links":{"self":[{"href":"https:\/\/www.galvaswiss.ch\/fr\/wp-json\/wp\/v2\/pages\/7157","targetHints":{"allow":["GET"]}}],"collection":[{"href":"https:\/\/www.galvaswiss.ch\/fr\/wp-json\/wp\/v2\/pages"}],"about":[{"href":"https:\/\/www.galvaswiss.ch\/fr\/wp-json\/wp\/v2\/types\/page"}],"author":[{"embeddable":true,"href":"https:\/\/www.galvaswiss.ch\/fr\/wp-json\/wp\/v2\/users\/1"}],"replies":[{"embeddable":true,"href":"https:\/\/www.galvaswiss.ch\/fr\/wp-json\/wp\/v2\/comments?post=7157"}],"version-history":[{"count":5,"href":"https:\/\/www.galvaswiss.ch\/fr\/wp-json\/wp\/v2\/pages\/7157\/revisions"}],"predecessor-version":[{"id":7819,"href":"https:\/\/www.galvaswiss.ch\/fr\/wp-json\/wp\/v2\/pages\/7157\/revisions\/7819"}],"up":[{"embeddable":true,"href":"https:\/\/www.galvaswiss.ch\/fr\/wp-json\/wp\/v2\/pages\/7110"}],"wp:attachment":[{"href":"https:\/\/www.galvaswiss.ch\/fr\/wp-json\/wp\/v2\/media?parent=7157"}],"curies":[{"name":"wp","href":"https:\/\/api.w.org\/{rel}","templated":true}]}}