{"id":7162,"date":"2023-07-05T12:42:01","date_gmt":"2023-07-05T10:42:01","guid":{"rendered":"https:\/\/www.galvaswiss.ch\/construction\/tableaux-de-poids-et-de-surface-pour-les-profiles-et-les-toles\/"},"modified":"2024-11-04T15:32:26","modified_gmt":"2024-11-04T14:32:26","slug":"tableaux-de-poids-et-de-surface-pour-les-profiles-et-les-toles","status":"publish","type":"page","link":"https:\/\/www.galvaswiss.ch\/fr\/construction\/tableaux-de-poids-et-de-surface-pour-les-profiles-et-les-toles\/","title":{"rendered":"Tableaux de poids et de surface pour les profil\u00e9s et les t\u00f4les"},"content":{"rendered":"\t\t<div data-elementor-type=\"wp-page\" data-elementor-id=\"7162\" class=\"elementor elementor-7162 elementor-1758\" data-elementor-post-type=\"page\">\n\t\t\t\t<div class=\"elementor-element elementor-element-6c41618 e-con-full e-flex e-con e-parent\" data-id=\"6c41618\" data-element_type=\"container\" data-e-type=\"container\" data-settings=\"{&quot;background_background&quot;:&quot;classic&quot;}\">\n\t\t<div class=\"elementor-element elementor-element-525fe81 e-flex e-con-boxed e-con e-child\" data-id=\"525fe81\" data-element_type=\"container\" data-e-type=\"container\">\n\t\t\t\t\t<div class=\"e-con-inner\">\n\t\t<div class=\"elementor-element elementor-element-596002c e-con-full e-flex e-con e-child\" data-id=\"596002c\" data-element_type=\"container\" data-e-type=\"container\">\n\t\t\t\t<div class=\"elementor-element elementor-element-5a370ea elementor-widget elementor-widget-breadcrumbs\" data-id=\"5a370ea\" data-element_type=\"widget\" data-e-type=\"widget\" data-widget_type=\"breadcrumbs.default\">\n\t\t\t\t<div class=\"elementor-widget-container\">\n\t\t\t\t\t<div id=\"breadcrumbs\"><span><span><a href=\"https:\/\/www.galvaswiss.ch\/fr\/\">Home<\/a><\/span><\/span><\/div>\t\t\t\t<\/div>\n\t\t\t\t<\/div>\n\t\t\t\t<div class=\"elementor-element elementor-element-e42aadc elementor-widget elementor-widget-heading\" data-id=\"e42aadc\" data-element_type=\"widget\" data-e-type=\"widget\" data-widget_type=\"heading.default\">\n\t\t\t\t<div class=\"elementor-widget-container\">\n\t\t\t\t\t<h1 class=\"elementor-heading-title elementor-size-default\">Tableaux de poids et de surface pour les profil\u00e9s et les t\u00f4les<\/h1>\t\t\t\t<\/div>\n\t\t\t\t<\/div>\n\t\t\t\t<\/div>\n\t\t\t\t\t<\/div>\n\t\t\t\t<\/div>\n\t\t\t\t<\/div>\n\t\t<div class=\"elementor-element elementor-element-ed61178 e-flex e-con-boxed e-con e-parent\" data-id=\"ed61178\" data-element_type=\"container\" data-e-type=\"container\" data-settings=\"{&quot;background_background&quot;:&quot;classic&quot;}\">\n\t\t\t\t\t<div class=\"e-con-inner\">\n\t\t<div class=\"elementor-element elementor-element-8503aae e-con-full e-flex e-con e-child\" data-id=\"8503aae\" data-element_type=\"container\" data-e-type=\"container\">\n\t\t\t\t<div class=\"elementor-element elementor-element-bd89695 elementor-widget elementor-widget-heading\" data-id=\"bd89695\" data-element_type=\"widget\" data-e-type=\"widget\" data-widget_type=\"heading.default\">\n\t\t\t\t<div class=\"elementor-widget-container\">\n\t\t\t\t\t<h2 class=\"elementor-heading-title elementor-size-default\">Acier \u00e0 corni\u00e8res, acier en T, acier en U, acier \u00e0 coulisse, acier en Z<\/h2>\t\t\t\t<\/div>\n\t\t\t\t<\/div>\n\t\t\t\t<div class=\"elementor-element elementor-element-6d0d25b bordered-button elementor-widget elementor-widget-button\" data-id=\"6d0d25b\" data-element_type=\"widget\" data-e-type=\"widget\" data-widget_type=\"button.default\">\n\t\t\t\t<div class=\"elementor-widget-container\">\n\t\t\t\t\t\t\t\t\t<div class=\"elementor-button-wrapper\">\n\t\t\t\t\t<a class=\"elementor-button elementor-button-link elementor-size-md\" href=\"https:\/\/ks-ratgeber.galvaswiss.ch\/fr\/218-219\/index.html\" target=\"_blank\">\n\t\t\t\t\t\t<span class=\"elementor-button-content-wrapper\">\n\t\t\t\t\t\t<span class=\"elementor-button-icon\">\n\t\t\t\t<svg xmlns=\"http:\/\/www.w3.org\/2000\/svg\" width=\"14\" height=\"13\" viewBox=\"0 0 14 13\" fill=\"none\"><path d=\"M12.877 7.18872C13.2578 6.83716 13.2578 6.22192 12.877 5.87036L8.18945 1.18286C7.83789 0.802002 7.22266 0.802002 6.87109 1.18286C6.49023 1.53442 6.49023 2.14966 6.87109 2.50122L9.94727 5.57739H0.982422C0.455078 5.57739 0.0449219 6.01685 0.0449219 6.51489C0.0449219 7.04224 0.455078 7.45239 0.982422 7.45239H9.94727L6.87109 10.5579C6.49023 10.9094 6.49023 11.5247 6.87109 11.8762C7.22266 12.2571 7.83789 12.2571 8.18945 11.8762L12.877 7.18872Z\" fill=\"#DD0016\"><\/path><\/svg>\t\t\t<\/span>\n\t\t\t\t\t\t\t\t\t<span class=\"elementor-button-text\">en savoir plus<\/span>\n\t\t\t\t\t<\/span>\n\t\t\t\t\t<\/a>\n\t\t\t\t<\/div>\n\t\t\t\t\t\t\t\t<\/div>\n\t\t\t\t<\/div>\n\t\t\t\t<\/div>\n\t\t<div class=\"elementor-element elementor-element-c3fc777 e-con-full e-flex e-con e-child\" data-id=\"c3fc777\" data-element_type=\"container\" data-e-type=\"container\">\n\t\t\t\t<div class=\"elementor-element elementor-element-3c88772 elementor-widget elementor-widget-heading\" data-id=\"3c88772\" data-element_type=\"widget\" data-e-type=\"widget\" data-widget_type=\"heading.default\">\n\t\t\t\t<div class=\"elementor-widget-container\">\n\t\t\t\t\t<h2 class=\"elementor-heading-title elementor-size-default\">Aciers ronds, carr\u00e9s, plats, larges plats &amp; t\u00f4les<\/h2>\t\t\t\t<\/div>\n\t\t\t\t<\/div>\n\t\t\t\t<div class=\"elementor-element elementor-element-ea11142 bordered-button elementor-widget elementor-widget-button\" data-id=\"ea11142\" data-element_type=\"widget\" data-e-type=\"widget\" data-widget_type=\"button.default\">\n\t\t\t\t<div class=\"elementor-widget-container\">\n\t\t\t\t\t\t\t\t\t<div class=\"elementor-button-wrapper\">\n\t\t\t\t\t<a class=\"elementor-button elementor-button-link elementor-size-md\" href=\"https:\/\/ks-ratgeber.galvaswiss.ch\/fr\/228-229\/index.html\" target=\"_blank\">\n\t\t\t\t\t\t<span class=\"elementor-button-content-wrapper\">\n\t\t\t\t\t\t<span class=\"elementor-button-icon\">\n\t\t\t\t<svg xmlns=\"http:\/\/www.w3.org\/2000\/svg\" width=\"14\" height=\"13\" viewBox=\"0 0 14 13\" fill=\"none\"><path d=\"M12.877 7.18872C13.2578 6.83716 13.2578 6.22192 12.877 5.87036L8.18945 1.18286C7.83789 0.802002 7.22266 0.802002 6.87109 1.18286C6.49023 1.53442 6.49023 2.14966 6.87109 2.50122L9.94727 5.57739H0.982422C0.455078 5.57739 0.0449219 6.01685 0.0449219 6.51489C0.0449219 7.04224 0.455078 7.45239 0.982422 7.45239H9.94727L6.87109 10.5579C6.49023 10.9094 6.49023 11.5247 6.87109 11.8762C7.22266 12.2571 7.83789 12.2571 8.18945 11.8762L12.877 7.18872Z\" fill=\"#DD0016\"><\/path><\/svg>\t\t\t<\/span>\n\t\t\t\t\t\t\t\t\t<span class=\"elementor-button-text\">en savoir plus<\/span>\n\t\t\t\t\t<\/span>\n\t\t\t\t\t<\/a>\n\t\t\t\t<\/div>\n\t\t\t\t\t\t\t\t<\/div>\n\t\t\t\t<\/div>\n\t\t\t\t<\/div>\n\t\t<div class=\"elementor-element elementor-element-9bc40cd e-con-full e-flex e-con e-child\" data-id=\"9bc40cd\" data-element_type=\"container\" data-e-type=\"container\">\n\t\t\t\t<div class=\"elementor-element elementor-element-6b65a0d elementor-widget elementor-widget-heading\" data-id=\"6b65a0d\" data-element_type=\"widget\" data-e-type=\"widget\" data-widget_type=\"heading.default\">\n\t\t\t\t<div class=\"elementor-widget-container\">\n\t\t\t\t\t<h2 class=\"elementor-heading-title elementor-size-default\">Poutres, profil\u00e9s et tubes<\/h2>\t\t\t\t<\/div>\n\t\t\t\t<\/div>\n\t\t\t\t<div class=\"elementor-element elementor-element-a8870f0 bordered-button elementor-widget elementor-widget-button\" data-id=\"a8870f0\" data-element_type=\"widget\" data-e-type=\"widget\" data-widget_type=\"button.default\">\n\t\t\t\t<div class=\"elementor-widget-container\">\n\t\t\t\t\t\t\t\t\t<div class=\"elementor-button-wrapper\">\n\t\t\t\t\t<a class=\"elementor-button elementor-button-link elementor-size-md\" href=\"https:\/\/ks-ratgeber.galvaswiss.ch\/fr\/244-245\/index.html\" target=\"_blank\">\n\t\t\t\t\t\t<span class=\"elementor-button-content-wrapper\">\n\t\t\t\t\t\t<span class=\"elementor-button-icon\">\n\t\t\t\t<svg xmlns=\"http:\/\/www.w3.org\/2000\/svg\" width=\"14\" height=\"13\" viewBox=\"0 0 14 13\" fill=\"none\"><path d=\"M12.877 7.18872C13.2578 6.83716 13.2578 6.22192 12.877 5.87036L8.18945 1.18286C7.83789 0.802002 7.22266 0.802002 6.87109 1.18286C6.49023 1.53442 6.49023 2.14966 6.87109 2.50122L9.94727 5.57739H0.982422C0.455078 5.57739 0.0449219 6.01685 0.0449219 6.51489C0.0449219 7.04224 0.455078 7.45239 0.982422 7.45239H9.94727L6.87109 10.5579C6.49023 10.9094 6.49023 11.5247 6.87109 11.8762C7.22266 12.2571 7.83789 12.2571 8.18945 11.8762L12.877 7.18872Z\" fill=\"#DD0016\"><\/path><\/svg>\t\t\t<\/span>\n\t\t\t\t\t\t\t\t\t<span class=\"elementor-button-text\">en savoir plus<\/span>\n\t\t\t\t\t<\/span>\n\t\t\t\t\t<\/a>\n\t\t\t\t<\/div>\n\t\t\t\t\t\t\t\t<\/div>\n\t\t\t\t<\/div>\n\t\t\t\t<\/div>\n\t\t\t\t\t<\/div>\n\t\t\t\t<\/div>\n\t\t<div class=\"elementor-element elementor-element-6b6b109 regular-padding e-flex e-con-boxed e-con e-parent\" data-id=\"6b6b109\" data-element_type=\"container\" data-e-type=\"container\" data-settings=\"{&quot;background_background&quot;:&quot;classic&quot;}\">\n\t\t\t\t\t<div class=\"e-con-inner\">\n\t\t<div class=\"elementor-element elementor-element-91c8a8e e-con-full col-10 e-flex e-con e-child\" data-id=\"91c8a8e\" data-element_type=\"container\" data-e-type=\"container\" data-settings=\"{&quot;background_background&quot;:&quot;classic&quot;}\">\n\t\t<div class=\"elementor-element elementor-element-001557f e-flex e-con-boxed e-con e-child\" data-id=\"001557f\" data-element_type=\"container\" data-e-type=\"container\">\n\t\t\t\t\t<div class=\"e-con-inner\">\n\t\t\t\t<div class=\"elementor-element elementor-element-3b48855 elementor-widget elementor-widget-heading\" data-id=\"3b48855\" data-element_type=\"widget\" data-e-type=\"widget\" data-widget_type=\"heading.default\">\n\t\t\t\t<div class=\"elementor-widget-container\">\n\t\t\t\t\t<h3 class=\"elementor-heading-title elementor-size-default\">Vous avez des questions ?<\/h3>\t\t\t\t<\/div>\n\t\t\t\t<\/div>\n\t\t\t\t<div class=\"elementor-element elementor-element-cf70ffe elementor-widget elementor-widget-text-editor\" data-id=\"cf70ffe\" data-element_type=\"widget\" data-e-type=\"widget\" data-widget_type=\"text-editor.default\">\n\t\t\t\t<div class=\"elementor-widget-container\">\n\t\t\t\t\t\t\t\t\t<p>Nos experts du service d&#8217;assistance technique se feront un plaisir de vous aider.<\/p>\n\t\t\t\t\t\t\t\t<\/div>\n\t\t\t\t<\/div>\n\t\t\t\t<div class=\"elementor-element elementor-element-345a798 bordered-button animated-slow elementor-invisible elementor-widget elementor-widget-button\" data-id=\"345a798\" data-element_type=\"widget\" data-e-type=\"widget\" data-settings=\"{&quot;_animation&quot;:&quot;fadeInUp&quot;}\" data-widget_type=\"button.default\">\n\t\t\t\t<div class=\"elementor-widget-container\">\n\t\t\t\t\t\t\t\t\t<div class=\"elementor-button-wrapper\">\n\t\t\t\t\t<a class=\"elementor-button elementor-button-link elementor-size-md\" href=\"https:\/\/www.galvaswiss.ch\/fr\/?page_id=7126\">\n\t\t\t\t\t\t<span class=\"elementor-button-content-wrapper\">\n\t\t\t\t\t\t<span class=\"elementor-button-icon\">\n\t\t\t\t<svg xmlns=\"http:\/\/www.w3.org\/2000\/svg\" width=\"14\" height=\"13\" viewBox=\"0 0 14 13\" fill=\"none\"><path d=\"M12.877 7.18872C13.2578 6.83716 13.2578 6.22192 12.877 5.87036L8.18945 1.18286C7.83789 0.802002 7.22266 0.802002 6.87109 1.18286C6.49023 1.53442 6.49023 2.14966 6.87109 2.50122L9.94727 5.57739H0.982422C0.455078 5.57739 0.0449219 6.01685 0.0449219 6.51489C0.0449219 7.04224 0.455078 7.45239 0.982422 7.45239H9.94727L6.87109 10.5579C6.49023 10.9094 6.49023 11.5247 6.87109 11.8762C7.22266 12.2571 7.83789 12.2571 8.18945 11.8762L12.877 7.18872Z\" fill=\"#DD0016\"><\/path><\/svg>\t\t\t<\/span>\n\t\t\t\t\t\t\t\t\t<span class=\"elementor-button-text\">Vers la page de contact<\/span>\n\t\t\t\t\t<\/span>\n\t\t\t\t\t<\/a>\n\t\t\t\t<\/div>\n\t\t\t\t\t\t\t\t<\/div>\n\t\t\t\t<\/div>\n\t\t\t\t\t<\/div>\n\t\t\t\t<\/div>\n\t\t<div class=\"elementor-element elementor-element-78c2c10 e-flex e-con-boxed e-con e-child\" data-id=\"78c2c10\" data-element_type=\"container\" data-e-type=\"container\">\n\t\t\t\t\t<div class=\"e-con-inner\">\n\t\t\t\t<div class=\"elementor-element elementor-element-699d304 elementor-widget elementor-widget-image\" data-id=\"699d304\" data-element_type=\"widget\" data-e-type=\"widget\" data-widget_type=\"image.default\">\n\t\t\t\t<div class=\"elementor-widget-container\">\n\t\t\t\t\t\t\t\t\t\t\t\t\t\t\t<img decoding=\"async\" src=\"https:\/\/www.galvaswiss.ch\/app\/uploads\/speach_bubbles.svg\" class=\"attachment-full size-full wp-image-6709\" alt=\"\" \/>\t\t\t\t\t\t\t\t\t\t\t\t\t\t\t<\/div>\n\t\t\t\t<\/div>\n\t\t\t\t\t<\/div>\n\t\t\t\t<\/div>\n\t\t\t\t<\/div>\n\t\t\t\t\t<\/div>\n\t\t\t\t<\/div>\n\t\t\t\t<\/div>\n\t\t","protected":false},"excerpt":{"rendered":"<p>Tableaux de poids et de surface pour les profil\u00e9s et les t\u00f4les Acier \u00e0 corni\u00e8res, acier en T, acier en U, acier \u00e0 coulisse, acier en Z en savoir plus Aciers ronds, carr\u00e9s, plats, larges plats &amp; t\u00f4les en savoir plus Poutres, profil\u00e9s et tubes en savoir plus Vous avez des questions ? Nos experts [&hellip;]<\/p>\n","protected":false},"author":1,"featured_media":0,"parent":7110,"menu_order":0,"comment_status":"closed","ping_status":"closed","template":"","meta":{"_glsr_average":0,"_glsr_ranking":0,"_glsr_reviews":0,"footnotes":""},"class_list":["post-7162","page","type-page","status-publish","hentry"],"yoast_head":"<!-- This site is optimized with the Yoast SEO plugin v26.9 - https:\/\/yoast.com\/product\/yoast-seo-wordpress\/ -->\n<title>Tableaux de poids et de surface pour les profil\u00e9s et les t\u00f4les - Galvaswiss AG<\/title>\n<meta name=\"description\" content=\"Surface\/m\u00e8tre lin\u00e9aire (m2\/m), poids\/m\u00e8tre lin\u00e9aire (kg\/m) et surface\/poids (m2\/t)\" \/>\n<meta name=\"robots\" content=\"index, follow, max-snippet:-1, max-image-preview:large, max-video-preview:-1\" \/>\n<link rel=\"canonical\" href=\"https:\/\/www.galvaswiss.ch\/fr\/construction\/tableaux-de-poids-et-de-surface-pour-les-profiles-et-les-toles\/\" \/>\n<meta property=\"og:locale\" content=\"fr_FR\" \/>\n<meta property=\"og:type\" content=\"article\" \/>\n<meta property=\"og:title\" content=\"Tableaux de poids et de surface pour les profil\u00e9s et les t\u00f4les - Galvaswiss AG\" \/>\n<meta property=\"og:description\" content=\"Surface\/m\u00e8tre lin\u00e9aire (m2\/m), poids\/m\u00e8tre lin\u00e9aire (kg\/m) et surface\/poids (m2\/t)\" \/>\n<meta property=\"og:url\" content=\"https:\/\/www.galvaswiss.ch\/fr\/construction\/tableaux-de-poids-et-de-surface-pour-les-profiles-et-les-toles\/\" \/>\n<meta property=\"og:site_name\" content=\"Galvaswiss AG\" \/>\n<meta property=\"article:modified_time\" content=\"2024-11-04T14:32:26+00:00\" \/>\n<meta property=\"og:image\" content=\"https:\/\/www.galvaswiss.ch\/app\/uploads\/speach_bubbles.svg\" \/>\n<meta name=\"twitter:card\" content=\"summary_large_image\" \/>\n<script type=\"application\/ld+json\" class=\"yoast-schema-graph\">{\"@context\":\"https:\/\/schema.org\",\"@graph\":[{\"@type\":\"WebPage\",\"@id\":\"https:\/\/www.galvaswiss.ch\/fr\/construction\/tableaux-de-poids-et-de-surface-pour-les-profiles-et-les-toles\/\",\"url\":\"https:\/\/www.galvaswiss.ch\/fr\/construction\/tableaux-de-poids-et-de-surface-pour-les-profiles-et-les-toles\/\",\"name\":\"Tableaux de poids et de surface pour les profil\u00e9s et les t\u00f4les - Galvaswiss AG\",\"isPartOf\":{\"@id\":\"https:\/\/staging.galvaswiss.zwei14.website\/#website\"},\"primaryImageOfPage\":{\"@id\":\"https:\/\/www.galvaswiss.ch\/fr\/construction\/tableaux-de-poids-et-de-surface-pour-les-profiles-et-les-toles\/#primaryimage\"},\"image\":{\"@id\":\"https:\/\/www.galvaswiss.ch\/fr\/construction\/tableaux-de-poids-et-de-surface-pour-les-profiles-et-les-toles\/#primaryimage\"},\"thumbnailUrl\":\"https:\/\/www.galvaswiss.ch\/app\/uploads\/speach_bubbles.svg\",\"datePublished\":\"2023-07-05T10:42:01+00:00\",\"dateModified\":\"2024-11-04T14:32:26+00:00\",\"description\":\"Surface\/m\u00e8tre lin\u00e9aire (m2\/m), poids\/m\u00e8tre lin\u00e9aire (kg\/m) et surface\/poids (m2\/t)\",\"breadcrumb\":{\"@id\":\"https:\/\/www.galvaswiss.ch\/fr\/construction\/tableaux-de-poids-et-de-surface-pour-les-profiles-et-les-toles\/#breadcrumb\"},\"inLanguage\":\"fr-FR\",\"potentialAction\":[{\"@type\":\"ReadAction\",\"target\":[\"https:\/\/www.galvaswiss.ch\/fr\/construction\/tableaux-de-poids-et-de-surface-pour-les-profiles-et-les-toles\/\"]}]},{\"@type\":\"ImageObject\",\"inLanguage\":\"fr-FR\",\"@id\":\"https:\/\/www.galvaswiss.ch\/fr\/construction\/tableaux-de-poids-et-de-surface-pour-les-profiles-et-les-toles\/#primaryimage\",\"url\":\"https:\/\/www.galvaswiss.ch\/app\/uploads\/speach_bubbles.svg\",\"contentUrl\":\"https:\/\/www.galvaswiss.ch\/app\/uploads\/speach_bubbles.svg\"},{\"@type\":\"BreadcrumbList\",\"@id\":\"https:\/\/www.galvaswiss.ch\/fr\/construction\/tableaux-de-poids-et-de-surface-pour-les-profiles-et-les-toles\/#breadcrumb\",\"itemListElement\":[{\"@type\":\"ListItem\",\"position\":1,\"name\":\"Home\",\"item\":\"https:\/\/www.galvaswiss.ch\/fr\/\"},{\"@type\":\"ListItem\",\"position\":2,\"name\":\"Construction\",\"item\":\"https:\/\/www.galvaswiss.ch\/fr\/construction\/\"},{\"@type\":\"ListItem\",\"position\":3,\"name\":\"Tableaux de poids et de surface pour les profil\u00e9s et les t\u00f4les\"}]},{\"@type\":\"WebSite\",\"@id\":\"https:\/\/staging.galvaswiss.zwei14.website\/#website\",\"url\":\"https:\/\/staging.galvaswiss.zwei14.website\/\",\"name\":\"Galvaswiss AG\",\"description\":\"\",\"publisher\":{\"@id\":\"https:\/\/staging.galvaswiss.zwei14.website\/#organization\"},\"potentialAction\":[{\"@type\":\"SearchAction\",\"target\":{\"@type\":\"EntryPoint\",\"urlTemplate\":\"https:\/\/staging.galvaswiss.zwei14.website\/?s={search_term_string}\"},\"query-input\":{\"@type\":\"PropertyValueSpecification\",\"valueRequired\":true,\"valueName\":\"search_term_string\"}}],\"inLanguage\":\"fr-FR\"},{\"@type\":\"Organization\",\"@id\":\"https:\/\/staging.galvaswiss.zwei14.website\/#organization\",\"name\":\"Galvaswiss AG\",\"url\":\"https:\/\/staging.galvaswiss.zwei14.website\/\",\"logo\":{\"@type\":\"ImageObject\",\"inLanguage\":\"fr-FR\",\"@id\":\"https:\/\/staging.galvaswiss.zwei14.website\/#\/schema\/logo\/image\/\",\"url\":\"https:\/\/www.galvaswiss.ch\/app\/uploads\/galvaswiss_230.svg\",\"contentUrl\":\"https:\/\/www.galvaswiss.ch\/app\/uploads\/galvaswiss_230.svg\",\"width\":230,\"height\":41,\"caption\":\"Galvaswiss AG\"},\"image\":{\"@id\":\"https:\/\/staging.galvaswiss.zwei14.website\/#\/schema\/logo\/image\/\"}}]}<\/script>\n<!-- \/ Yoast SEO plugin. -->","yoast_head_json":{"title":"Tableaux de poids et de surface pour les profil\u00e9s et les t\u00f4les - Galvaswiss AG","description":"Surface\/m\u00e8tre lin\u00e9aire (m2\/m), poids\/m\u00e8tre lin\u00e9aire (kg\/m) et surface\/poids (m2\/t)","robots":{"index":"index","follow":"follow","max-snippet":"max-snippet:-1","max-image-preview":"max-image-preview:large","max-video-preview":"max-video-preview:-1"},"canonical":"https:\/\/www.galvaswiss.ch\/fr\/construction\/tableaux-de-poids-et-de-surface-pour-les-profiles-et-les-toles\/","og_locale":"fr_FR","og_type":"article","og_title":"Tableaux de poids et de surface pour les profil\u00e9s et les t\u00f4les - Galvaswiss AG","og_description":"Surface\/m\u00e8tre lin\u00e9aire (m2\/m), poids\/m\u00e8tre lin\u00e9aire (kg\/m) et surface\/poids (m2\/t)","og_url":"https:\/\/www.galvaswiss.ch\/fr\/construction\/tableaux-de-poids-et-de-surface-pour-les-profiles-et-les-toles\/","og_site_name":"Galvaswiss AG","article_modified_time":"2024-11-04T14:32:26+00:00","og_image":[{"url":"https:\/\/www.galvaswiss.ch\/app\/uploads\/speach_bubbles.svg","type":"","width":"","height":""}],"twitter_card":"summary_large_image","schema":{"@context":"https:\/\/schema.org","@graph":[{"@type":"WebPage","@id":"https:\/\/www.galvaswiss.ch\/fr\/construction\/tableaux-de-poids-et-de-surface-pour-les-profiles-et-les-toles\/","url":"https:\/\/www.galvaswiss.ch\/fr\/construction\/tableaux-de-poids-et-de-surface-pour-les-profiles-et-les-toles\/","name":"Tableaux de poids et de surface pour les profil\u00e9s et les t\u00f4les - Galvaswiss AG","isPartOf":{"@id":"https:\/\/staging.galvaswiss.zwei14.website\/#website"},"primaryImageOfPage":{"@id":"https:\/\/www.galvaswiss.ch\/fr\/construction\/tableaux-de-poids-et-de-surface-pour-les-profiles-et-les-toles\/#primaryimage"},"image":{"@id":"https:\/\/www.galvaswiss.ch\/fr\/construction\/tableaux-de-poids-et-de-surface-pour-les-profiles-et-les-toles\/#primaryimage"},"thumbnailUrl":"https:\/\/www.galvaswiss.ch\/app\/uploads\/speach_bubbles.svg","datePublished":"2023-07-05T10:42:01+00:00","dateModified":"2024-11-04T14:32:26+00:00","description":"Surface\/m\u00e8tre lin\u00e9aire (m2\/m), poids\/m\u00e8tre lin\u00e9aire (kg\/m) et surface\/poids (m2\/t)","breadcrumb":{"@id":"https:\/\/www.galvaswiss.ch\/fr\/construction\/tableaux-de-poids-et-de-surface-pour-les-profiles-et-les-toles\/#breadcrumb"},"inLanguage":"fr-FR","potentialAction":[{"@type":"ReadAction","target":["https:\/\/www.galvaswiss.ch\/fr\/construction\/tableaux-de-poids-et-de-surface-pour-les-profiles-et-les-toles\/"]}]},{"@type":"ImageObject","inLanguage":"fr-FR","@id":"https:\/\/www.galvaswiss.ch\/fr\/construction\/tableaux-de-poids-et-de-surface-pour-les-profiles-et-les-toles\/#primaryimage","url":"https:\/\/www.galvaswiss.ch\/app\/uploads\/speach_bubbles.svg","contentUrl":"https:\/\/www.galvaswiss.ch\/app\/uploads\/speach_bubbles.svg"},{"@type":"BreadcrumbList","@id":"https:\/\/www.galvaswiss.ch\/fr\/construction\/tableaux-de-poids-et-de-surface-pour-les-profiles-et-les-toles\/#breadcrumb","itemListElement":[{"@type":"ListItem","position":1,"name":"Home","item":"https:\/\/www.galvaswiss.ch\/fr\/"},{"@type":"ListItem","position":2,"name":"Construction","item":"https:\/\/www.galvaswiss.ch\/fr\/construction\/"},{"@type":"ListItem","position":3,"name":"Tableaux de poids et de surface pour les profil\u00e9s et les t\u00f4les"}]},{"@type":"WebSite","@id":"https:\/\/staging.galvaswiss.zwei14.website\/#website","url":"https:\/\/staging.galvaswiss.zwei14.website\/","name":"Galvaswiss AG","description":"","publisher":{"@id":"https:\/\/staging.galvaswiss.zwei14.website\/#organization"},"potentialAction":[{"@type":"SearchAction","target":{"@type":"EntryPoint","urlTemplate":"https:\/\/staging.galvaswiss.zwei14.website\/?s={search_term_string}"},"query-input":{"@type":"PropertyValueSpecification","valueRequired":true,"valueName":"search_term_string"}}],"inLanguage":"fr-FR"},{"@type":"Organization","@id":"https:\/\/staging.galvaswiss.zwei14.website\/#organization","name":"Galvaswiss AG","url":"https:\/\/staging.galvaswiss.zwei14.website\/","logo":{"@type":"ImageObject","inLanguage":"fr-FR","@id":"https:\/\/staging.galvaswiss.zwei14.website\/#\/schema\/logo\/image\/","url":"https:\/\/www.galvaswiss.ch\/app\/uploads\/galvaswiss_230.svg","contentUrl":"https:\/\/www.galvaswiss.ch\/app\/uploads\/galvaswiss_230.svg","width":230,"height":41,"caption":"Galvaswiss AG"},"image":{"@id":"https:\/\/staging.galvaswiss.zwei14.website\/#\/schema\/logo\/image\/"}}]}},"_links":{"self":[{"href":"https:\/\/www.galvaswiss.ch\/fr\/wp-json\/wp\/v2\/pages\/7162","targetHints":{"allow":["GET"]}}],"collection":[{"href":"https:\/\/www.galvaswiss.ch\/fr\/wp-json\/wp\/v2\/pages"}],"about":[{"href":"https:\/\/www.galvaswiss.ch\/fr\/wp-json\/wp\/v2\/types\/page"}],"author":[{"embeddable":true,"href":"https:\/\/www.galvaswiss.ch\/fr\/wp-json\/wp\/v2\/users\/1"}],"replies":[{"embeddable":true,"href":"https:\/\/www.galvaswiss.ch\/fr\/wp-json\/wp\/v2\/comments?post=7162"}],"version-history":[{"count":11,"href":"https:\/\/www.galvaswiss.ch\/fr\/wp-json\/wp\/v2\/pages\/7162\/revisions"}],"predecessor-version":[{"id":7717,"href":"https:\/\/www.galvaswiss.ch\/fr\/wp-json\/wp\/v2\/pages\/7162\/revisions\/7717"}],"up":[{"embeddable":true,"href":"https:\/\/www.galvaswiss.ch\/fr\/wp-json\/wp\/v2\/pages\/7110"}],"wp:attachment":[{"href":"https:\/\/www.galvaswiss.ch\/fr\/wp-json\/wp\/v2\/media?parent=7162"}],"curies":[{"name":"wp","href":"https:\/\/api.w.org\/{rel}","templated":true}]}}