{"id":7163,"date":"2023-06-28T09:47:27","date_gmt":"2023-06-28T07:47:27","guid":{"rendered":"https:\/\/www.galvaswiss.ch\/service\/elaboration-de-lexpertise\/"},"modified":"2024-11-26T11:31:21","modified_gmt":"2024-11-26T10:31:21","slug":"elaboration-de-lexpertise","status":"publish","type":"page","link":"https:\/\/www.galvaswiss.ch\/fr\/service\/elaboration-de-lexpertise\/","title":{"rendered":"\u00c9laboration de l&#8217;expertise"},"content":{"rendered":"\t\t<div data-elementor-type=\"wp-page\" data-elementor-id=\"7163\" class=\"elementor elementor-7163 elementor-931\" data-elementor-post-type=\"page\">\n\t\t\t\t<div class=\"elementor-element elementor-element-15d2dfb e-con-full e-flex e-con e-parent\" data-id=\"15d2dfb\" data-element_type=\"container\" data-e-type=\"container\" data-settings=\"{&quot;background_background&quot;:&quot;classic&quot;}\">\n\t\t<div class=\"elementor-element elementor-element-f609994 e-flex e-con-boxed e-con e-child\" data-id=\"f609994\" data-element_type=\"container\" data-e-type=\"container\">\n\t\t\t\t\t<div class=\"e-con-inner\">\n\t\t<div class=\"elementor-element elementor-element-7a64333 e-flex e-con-boxed e-con e-child\" data-id=\"7a64333\" data-element_type=\"container\" data-e-type=\"container\">\n\t\t\t\t\t<div class=\"e-con-inner\">\n\t\t\t\t<div class=\"elementor-element elementor-element-3221cb7 elementor-widget elementor-widget-breadcrumbs\" data-id=\"3221cb7\" data-element_type=\"widget\" data-e-type=\"widget\" data-widget_type=\"breadcrumbs.default\">\n\t\t\t\t<div class=\"elementor-widget-container\">\n\t\t\t\t\t<div id=\"breadcrumbs\"><span><span><a href=\"https:\/\/www.galvaswiss.ch\/fr\/\">Home<\/a><\/span><\/span><\/div>\t\t\t\t<\/div>\n\t\t\t\t<\/div>\n\t\t\t\t<div class=\"elementor-element elementor-element-61e05e5 elementor-widget elementor-widget-heading\" data-id=\"61e05e5\" data-element_type=\"widget\" data-e-type=\"widget\" data-widget_type=\"heading.default\">\n\t\t\t\t<div class=\"elementor-widget-container\">\n\t\t\t\t\t<h1 class=\"elementor-heading-title elementor-size-default\">\u00c9laboration de l'expertise<\/h1>\t\t\t\t<\/div>\n\t\t\t\t<\/div>\n\t\t\t\t<div class=\"elementor-element elementor-element-bdb9a7d elementor-widget elementor-widget-heading\" data-id=\"bdb9a7d\" data-element_type=\"widget\" data-e-type=\"widget\" data-widget_type=\"heading.default\">\n\t\t\t\t<div class=\"elementor-widget-container\">\n\t\t\t\t\t<h1 class=\"elementor-heading-title elementor-size-default\">Thermoplex<\/h1>\t\t\t\t<\/div>\n\t\t\t\t<\/div>\n\t\t\t\t<div class=\"elementor-element elementor-element-78ed594 elementor-widget elementor-widget-text-editor\" data-id=\"78ed594\" data-element_type=\"widget\" data-e-type=\"widget\" data-widget_type=\"text-editor.default\">\n\t\t\t\t<div class=\"elementor-widget-container\">\n\t\t\t\t\t\t\t\t\t<p>Si vous le souhaitez, nous pouvons vous mettre en contact avec un expert pour les questions li\u00e9es \u00e0 la corrosion.<\/p>\n<p><strong>N&#8217;h\u00e9sitez pas \u00e0 nous contacter.<\/strong><\/p>\n\t\t\t\t\t\t\t\t<\/div>\n\t\t\t\t<\/div>\n\t\t\t\t\t<\/div>\n\t\t\t\t<\/div>\n\t\t<div class=\"elementor-element elementor-element-cc93745 e-flex e-con-boxed e-con e-child\" data-id=\"cc93745\" data-element_type=\"container\" data-e-type=\"container\">\n\t\t\t\t\t<div class=\"e-con-inner\">\n\t\t\t\t\t<\/div>\n\t\t\t\t<\/div>\n\t\t\t\t\t<\/div>\n\t\t\t\t<\/div>\n\t\t\t\t<\/div>\n\t\t<div class=\"elementor-element elementor-element-eaf317d regular-padding e-flex e-con-boxed e-con e-parent\" data-id=\"eaf317d\" data-element_type=\"container\" data-e-type=\"container\">\n\t\t\t\t\t<div class=\"e-con-inner\">\n\t\t<div class=\"elementor-element elementor-element-4364926 e-flex e-con-boxed e-con e-child\" data-id=\"4364926\" data-element_type=\"container\" data-e-type=\"container\">\n\t\t\t\t\t<div class=\"e-con-inner\">\n\t\t\t\t<div class=\"elementor-element elementor-element-d91fbfb elementor-widget elementor-widget-image\" data-id=\"d91fbfb\" data-element_type=\"widget\" data-e-type=\"widget\" data-widget_type=\"image.default\">\n\t\t\t\t<div class=\"elementor-widget-container\">\n\t\t\t\t\t\t\t\t\t\t\t\t\t\t\t<img fetchpriority=\"high\" decoding=\"async\" width=\"412\" height=\"275\" src=\"https:\/\/www.galvaswiss.ch\/app\/uploads\/Gutachten.jpg\" class=\"attachment-large size-large wp-image-6785\" alt=\"\" srcset=\"https:\/\/www.galvaswiss.ch\/app\/uploads\/Gutachten.jpg 412w, https:\/\/www.galvaswiss.ch\/app\/uploads\/Gutachten-300x200.jpg 300w\" sizes=\"(max-width: 412px) 100vw, 412px\" \/>\t\t\t\t\t\t\t\t\t\t\t\t\t\t\t<\/div>\n\t\t\t\t<\/div>\n\t\t\t\t\t<\/div>\n\t\t\t\t<\/div>\n\t\t<div class=\"elementor-element elementor-element-b5a13ee e-flex e-con-boxed e-con e-child\" data-id=\"b5a13ee\" data-element_type=\"container\" data-e-type=\"container\">\n\t\t\t\t\t<div class=\"e-con-inner\">\n\t\t\t\t<div class=\"elementor-element elementor-element-3743a91 elementor-widget elementor-widget-text-editor\" data-id=\"3743a91\" data-element_type=\"widget\" data-e-type=\"widget\" data-widget_type=\"text-editor.default\">\n\t\t\t\t<div class=\"elementor-widget-container\">\n\t\t\t\t\t\t\t\t\t<p>Photo de gauche : Un test de longue dur\u00e9e dans des conditions extr\u00eames dans le tunnel du Simplon &#8211; avec des contr\u00f4les r\u00e9guliers selon les normes internationales en vigueur ISO1461, ISO 12944 ) &#8211; prouve la stabilit\u00e9 de surface du Duroplex\u00ae (peinture liquide sur galvanisation \u00e0 chaud), m\u00eame \u00e0 long terme.<\/p>\n\t\t\t\t\t\t\t\t<\/div>\n\t\t\t\t<\/div>\n\t\t\t\t\t<\/div>\n\t\t\t\t<\/div>\n\t\t\t\t\t<\/div>\n\t\t\t\t<\/div>\n\t\t<div class=\"elementor-element elementor-element-b2ae8f0 regular-padding e-flex e-con-boxed e-con e-parent\" data-id=\"b2ae8f0\" data-element_type=\"container\" data-e-type=\"container\" data-settings=\"{&quot;background_background&quot;:&quot;classic&quot;}\">\n\t\t\t\t\t<div class=\"e-con-inner\">\n\t\t<div class=\"elementor-element elementor-element-bcc52de e-con-full col-10 e-flex e-con e-child\" data-id=\"bcc52de\" data-element_type=\"container\" data-e-type=\"container\" data-settings=\"{&quot;background_background&quot;:&quot;classic&quot;}\">\n\t\t<div class=\"elementor-element elementor-element-3bf6586 e-con-full e-flex e-con e-child\" data-id=\"3bf6586\" data-element_type=\"container\" data-e-type=\"container\">\n\t\t\t\t<div class=\"elementor-element elementor-element-c6d2ef5 elementor-widget__width-inherit elementor-widget elementor-widget-image\" data-id=\"c6d2ef5\" data-element_type=\"widget\" data-e-type=\"widget\" data-widget_type=\"image.default\">\n\t\t\t\t<div class=\"elementor-widget-container\">\n\t\t\t\t\t\t\t\t\t\t\t\t\t\t\t<img decoding=\"async\" width=\"1600\" height=\"1723\" src=\"https:\/\/www.galvaswiss.ch\/app\/uploads\/IMG_3253-scaled-e1710163268633.jpeg\" class=\"attachment-full size-full wp-image-6928\" alt=\"\" srcset=\"https:\/\/www.galvaswiss.ch\/app\/uploads\/IMG_3253-scaled-e1710163268633.jpeg 1600w, https:\/\/www.galvaswiss.ch\/app\/uploads\/IMG_3253-scaled-e1710163268633-279x300.jpeg 279w, https:\/\/www.galvaswiss.ch\/app\/uploads\/IMG_3253-scaled-e1710163268633-951x1024.jpeg 951w, https:\/\/www.galvaswiss.ch\/app\/uploads\/IMG_3253-scaled-e1710163268633-768x827.jpeg 768w, https:\/\/www.galvaswiss.ch\/app\/uploads\/IMG_3253-scaled-e1710163268633-1426x1536.jpeg 1426w\" sizes=\"(max-width: 1600px) 100vw, 1600px\" \/>\t\t\t\t\t\t\t\t\t\t\t\t\t\t\t<\/div>\n\t\t\t\t<\/div>\n\t\t\t\t<\/div>\n\t\t<div class=\"elementor-element elementor-element-6e451f4 e-con-full e-flex e-con e-child\" data-id=\"6e451f4\" data-element_type=\"container\" data-e-type=\"container\">\n\t\t\t\t<div class=\"elementor-element elementor-element-f1063f5 elementor-widget elementor-widget-heading\" data-id=\"f1063f5\" data-element_type=\"widget\" data-e-type=\"widget\" data-widget_type=\"heading.default\">\n\t\t\t\t<div class=\"elementor-widget-container\">\n\t\t\t\t\t<p class=\"elementor-heading-title elementor-size-default\">Personne \u00e0 contacter<\/p>\t\t\t\t<\/div>\n\t\t\t\t<\/div>\n\t\t\t\t<div class=\"elementor-element elementor-element-44729c6 elementor-widget elementor-widget-heading\" data-id=\"44729c6\" data-element_type=\"widget\" data-e-type=\"widget\" data-widget_type=\"heading.default\">\n\t\t\t\t<div class=\"elementor-widget-container\">\n\t\t\t\t\t<h2 class=\"elementor-heading-title elementor-size-default\">Martin Matter<\/h2>\t\t\t\t<\/div>\n\t\t\t\t<\/div>\n\t\t\t\t<div class=\"elementor-element elementor-element-35fe5f9 elementor-widget elementor-widget-text-editor\" data-id=\"35fe5f9\" data-element_type=\"widget\" data-e-type=\"widget\" data-widget_type=\"text-editor.default\">\n\t\t\t\t<div class=\"elementor-widget-container\">\n\t\t\t\t\t\t\t\t\t<p>Conseil technique<\/p>\n\t\t\t\t\t\t\t\t<\/div>\n\t\t\t\t<\/div>\n\t\t\t\t<div class=\"elementor-element elementor-element-3a7c8d6 elementor-icon-list--layout-traditional elementor-list-item-link-full_width elementor-widget elementor-widget-icon-list\" data-id=\"3a7c8d6\" data-element_type=\"widget\" data-e-type=\"widget\" data-widget_type=\"icon-list.default\">\n\t\t\t\t<div class=\"elementor-widget-container\">\n\t\t\t\t\t\t\t<ul class=\"elementor-icon-list-items\">\n\t\t\t\t\t\t\t<li class=\"elementor-icon-list-item\">\n\t\t\t\t\t\t\t\t\t\t\t<a href=\"tel:+410795420774\">\n\n\t\t\t\t\t\t\t\t\t\t\t\t<span class=\"elementor-icon-list-icon\">\n\t\t\t\t\t\t\t<i aria-hidden=\"true\" class=\"fas fa-phone-alt\"><\/i>\t\t\t\t\t\t<\/span>\n\t\t\t\t\t\t\t\t\t\t<span class=\"elementor-icon-list-text\">+41 (0)79 542 07 74<\/span>\n\t\t\t\t\t\t\t\t\t\t\t<\/a>\n\t\t\t\t\t\t\t\t\t<\/li>\n\t\t\t\t\t\t\t\t<li class=\"elementor-icon-list-item\">\n\t\t\t\t\t\t\t\t\t\t\t<a href=\"mailto:m.matter@galvaswiss.ch\">\n\n\t\t\t\t\t\t\t\t\t\t\t\t<span class=\"elementor-icon-list-icon\">\n\t\t\t\t\t\t\t<i aria-hidden=\"true\" class=\"fas fa-envelope\"><\/i>\t\t\t\t\t\t<\/span>\n\t\t\t\t\t\t\t\t\t\t<span class=\"elementor-icon-list-text\">m.matter@galvaswiss.ch<\/span>\n\t\t\t\t\t\t\t\t\t\t\t<\/a>\n\t\t\t\t\t\t\t\t\t<\/li>\n\t\t\t\t\t\t<\/ul>\n\t\t\t\t\t\t<\/div>\n\t\t\t\t<\/div>\n\t\t\t\t<\/div>\n\t\t\t\t<\/div>\n\t\t\t\t\t<\/div>\n\t\t\t\t<\/div>\n\t\t\t\t<\/div>\n\t\t","protected":false},"excerpt":{"rendered":"<p>\u00c9laboration de l&#8217;expertise Thermoplex Si vous le souhaitez, nous pouvons vous mettre en contact avec un expert pour les questions li\u00e9es \u00e0 la corrosion. N&#8217;h\u00e9sitez pas \u00e0 nous contacter. Photo de gauche : Un test de longue dur\u00e9e dans des conditions extr\u00eames dans le tunnel du Simplon &#8211; avec des contr\u00f4les r\u00e9guliers selon les normes [&hellip;]<\/p>\n","protected":false},"author":1,"featured_media":0,"parent":7119,"menu_order":0,"comment_status":"closed","ping_status":"closed","template":"","meta":{"_glsr_average":0,"_glsr_ranking":0,"_glsr_reviews":0,"footnotes":""},"class_list":["post-7163","page","type-page","status-publish","hentry"],"yoast_head":"<!-- This site is optimized with the Yoast SEO plugin v26.9 - https:\/\/yoast.com\/product\/yoast-seo-wordpress\/ -->\n<title>\u00c9laboration de l&#039;expertise - Galvaswiss AG<\/title>\n<meta name=\"description\" content=\"Si vous le souhaitez, nous pouvons vous fournir des expertises conformes aux normes sur les questions de corrosion.\" \/>\n<meta name=\"robots\" content=\"index, follow, max-snippet:-1, max-image-preview:large, max-video-preview:-1\" \/>\n<link rel=\"canonical\" href=\"https:\/\/www.galvaswiss.ch\/service\/gutachten-erstellung\/\" \/>\n<meta property=\"og:locale\" content=\"fr_FR\" \/>\n<meta property=\"og:type\" content=\"article\" \/>\n<meta property=\"og:title\" content=\"\u00c9laboration de l&#039;expertise - Galvaswiss AG\" \/>\n<meta property=\"og:description\" content=\"Si vous le souhaitez, nous pouvons vous fournir des expertises conformes aux normes sur les questions de corrosion.\" \/>\n<meta property=\"og:url\" content=\"https:\/\/www.galvaswiss.ch\/service\/gutachten-erstellung\/\" \/>\n<meta property=\"og:site_name\" content=\"Galvaswiss AG\" \/>\n<meta property=\"article:modified_time\" content=\"2024-11-26T10:31:21+00:00\" \/>\n<meta property=\"og:image\" content=\"https:\/\/www.galvaswiss.ch\/app\/uploads\/Gutachten.jpg\" \/>\n<meta name=\"twitter:card\" content=\"summary_large_image\" \/>\n<script type=\"application\/ld+json\" class=\"yoast-schema-graph\">{\"@context\":\"https:\/\/schema.org\",\"@graph\":[{\"@type\":\"WebPage\",\"@id\":\"https:\/\/www.galvaswiss.ch\/service\/gutachten-erstellung\/\",\"url\":\"https:\/\/www.galvaswiss.ch\/service\/gutachten-erstellung\/\",\"name\":\"\u00c9laboration de l'expertise - Galvaswiss AG\",\"isPartOf\":{\"@id\":\"https:\/\/staging.galvaswiss.zwei14.website\/#website\"},\"primaryImageOfPage\":{\"@id\":\"https:\/\/www.galvaswiss.ch\/service\/gutachten-erstellung\/#primaryimage\"},\"image\":{\"@id\":\"https:\/\/www.galvaswiss.ch\/service\/gutachten-erstellung\/#primaryimage\"},\"thumbnailUrl\":\"https:\/\/www.galvaswiss.ch\/app\/uploads\/Gutachten.jpg\",\"datePublished\":\"2023-06-28T07:47:27+00:00\",\"dateModified\":\"2024-11-26T10:31:21+00:00\",\"description\":\"Si vous le souhaitez, nous pouvons vous fournir des expertises conformes aux normes sur les questions de corrosion.\",\"breadcrumb\":{\"@id\":\"https:\/\/www.galvaswiss.ch\/service\/gutachten-erstellung\/#breadcrumb\"},\"inLanguage\":\"fr-FR\",\"potentialAction\":[{\"@type\":\"ReadAction\",\"target\":[\"https:\/\/www.galvaswiss.ch\/service\/gutachten-erstellung\/\"]}]},{\"@type\":\"ImageObject\",\"inLanguage\":\"fr-FR\",\"@id\":\"https:\/\/www.galvaswiss.ch\/service\/gutachten-erstellung\/#primaryimage\",\"url\":\"https:\/\/www.galvaswiss.ch\/app\/uploads\/Gutachten.jpg\",\"contentUrl\":\"https:\/\/www.galvaswiss.ch\/app\/uploads\/Gutachten.jpg\"},{\"@type\":\"BreadcrumbList\",\"@id\":\"https:\/\/www.galvaswiss.ch\/service\/gutachten-erstellung\/#breadcrumb\",\"itemListElement\":[{\"@type\":\"ListItem\",\"position\":1,\"name\":\"Home\",\"item\":\"https:\/\/www.galvaswiss.ch\/fr\/\"},{\"@type\":\"ListItem\",\"position\":2,\"name\":\"Service\",\"item\":\"https:\/\/www.galvaswiss.ch\/fr\/service\/\"},{\"@type\":\"ListItem\",\"position\":3,\"name\":\"\u00c9laboration de l&#8217;expertise\"}]},{\"@type\":\"WebSite\",\"@id\":\"https:\/\/staging.galvaswiss.zwei14.website\/#website\",\"url\":\"https:\/\/staging.galvaswiss.zwei14.website\/\",\"name\":\"Galvaswiss AG\",\"description\":\"\",\"publisher\":{\"@id\":\"https:\/\/staging.galvaswiss.zwei14.website\/#organization\"},\"potentialAction\":[{\"@type\":\"SearchAction\",\"target\":{\"@type\":\"EntryPoint\",\"urlTemplate\":\"https:\/\/staging.galvaswiss.zwei14.website\/?s={search_term_string}\"},\"query-input\":{\"@type\":\"PropertyValueSpecification\",\"valueRequired\":true,\"valueName\":\"search_term_string\"}}],\"inLanguage\":\"fr-FR\"},{\"@type\":\"Organization\",\"@id\":\"https:\/\/staging.galvaswiss.zwei14.website\/#organization\",\"name\":\"Galvaswiss AG\",\"url\":\"https:\/\/staging.galvaswiss.zwei14.website\/\",\"logo\":{\"@type\":\"ImageObject\",\"inLanguage\":\"fr-FR\",\"@id\":\"https:\/\/staging.galvaswiss.zwei14.website\/#\/schema\/logo\/image\/\",\"url\":\"https:\/\/www.galvaswiss.ch\/app\/uploads\/galvaswiss_230.svg\",\"contentUrl\":\"https:\/\/www.galvaswiss.ch\/app\/uploads\/galvaswiss_230.svg\",\"width\":230,\"height\":41,\"caption\":\"Galvaswiss AG\"},\"image\":{\"@id\":\"https:\/\/staging.galvaswiss.zwei14.website\/#\/schema\/logo\/image\/\"}}]}<\/script>\n<!-- \/ Yoast SEO plugin. -->","yoast_head_json":{"title":"\u00c9laboration de l'expertise - Galvaswiss AG","description":"Si vous le souhaitez, nous pouvons vous fournir des expertises conformes aux normes sur les questions de corrosion.","robots":{"index":"index","follow":"follow","max-snippet":"max-snippet:-1","max-image-preview":"max-image-preview:large","max-video-preview":"max-video-preview:-1"},"canonical":"https:\/\/www.galvaswiss.ch\/service\/gutachten-erstellung\/","og_locale":"fr_FR","og_type":"article","og_title":"\u00c9laboration de l'expertise - Galvaswiss AG","og_description":"Si vous le souhaitez, nous pouvons vous fournir des expertises conformes aux normes sur les questions de corrosion.","og_url":"https:\/\/www.galvaswiss.ch\/service\/gutachten-erstellung\/","og_site_name":"Galvaswiss AG","article_modified_time":"2024-11-26T10:31:21+00:00","og_image":[{"url":"https:\/\/www.galvaswiss.ch\/app\/uploads\/Gutachten.jpg","type":"","width":"","height":""}],"twitter_card":"summary_large_image","schema":{"@context":"https:\/\/schema.org","@graph":[{"@type":"WebPage","@id":"https:\/\/www.galvaswiss.ch\/service\/gutachten-erstellung\/","url":"https:\/\/www.galvaswiss.ch\/service\/gutachten-erstellung\/","name":"\u00c9laboration de l'expertise - Galvaswiss AG","isPartOf":{"@id":"https:\/\/staging.galvaswiss.zwei14.website\/#website"},"primaryImageOfPage":{"@id":"https:\/\/www.galvaswiss.ch\/service\/gutachten-erstellung\/#primaryimage"},"image":{"@id":"https:\/\/www.galvaswiss.ch\/service\/gutachten-erstellung\/#primaryimage"},"thumbnailUrl":"https:\/\/www.galvaswiss.ch\/app\/uploads\/Gutachten.jpg","datePublished":"2023-06-28T07:47:27+00:00","dateModified":"2024-11-26T10:31:21+00:00","description":"Si vous le souhaitez, nous pouvons vous fournir des expertises conformes aux normes sur les questions de corrosion.","breadcrumb":{"@id":"https:\/\/www.galvaswiss.ch\/service\/gutachten-erstellung\/#breadcrumb"},"inLanguage":"fr-FR","potentialAction":[{"@type":"ReadAction","target":["https:\/\/www.galvaswiss.ch\/service\/gutachten-erstellung\/"]}]},{"@type":"ImageObject","inLanguage":"fr-FR","@id":"https:\/\/www.galvaswiss.ch\/service\/gutachten-erstellung\/#primaryimage","url":"https:\/\/www.galvaswiss.ch\/app\/uploads\/Gutachten.jpg","contentUrl":"https:\/\/www.galvaswiss.ch\/app\/uploads\/Gutachten.jpg"},{"@type":"BreadcrumbList","@id":"https:\/\/www.galvaswiss.ch\/service\/gutachten-erstellung\/#breadcrumb","itemListElement":[{"@type":"ListItem","position":1,"name":"Home","item":"https:\/\/www.galvaswiss.ch\/fr\/"},{"@type":"ListItem","position":2,"name":"Service","item":"https:\/\/www.galvaswiss.ch\/fr\/service\/"},{"@type":"ListItem","position":3,"name":"\u00c9laboration de l&#8217;expertise"}]},{"@type":"WebSite","@id":"https:\/\/staging.galvaswiss.zwei14.website\/#website","url":"https:\/\/staging.galvaswiss.zwei14.website\/","name":"Galvaswiss AG","description":"","publisher":{"@id":"https:\/\/staging.galvaswiss.zwei14.website\/#organization"},"potentialAction":[{"@type":"SearchAction","target":{"@type":"EntryPoint","urlTemplate":"https:\/\/staging.galvaswiss.zwei14.website\/?s={search_term_string}"},"query-input":{"@type":"PropertyValueSpecification","valueRequired":true,"valueName":"search_term_string"}}],"inLanguage":"fr-FR"},{"@type":"Organization","@id":"https:\/\/staging.galvaswiss.zwei14.website\/#organization","name":"Galvaswiss AG","url":"https:\/\/staging.galvaswiss.zwei14.website\/","logo":{"@type":"ImageObject","inLanguage":"fr-FR","@id":"https:\/\/staging.galvaswiss.zwei14.website\/#\/schema\/logo\/image\/","url":"https:\/\/www.galvaswiss.ch\/app\/uploads\/galvaswiss_230.svg","contentUrl":"https:\/\/www.galvaswiss.ch\/app\/uploads\/galvaswiss_230.svg","width":230,"height":41,"caption":"Galvaswiss AG"},"image":{"@id":"https:\/\/staging.galvaswiss.zwei14.website\/#\/schema\/logo\/image\/"}}]}},"_links":{"self":[{"href":"https:\/\/www.galvaswiss.ch\/fr\/wp-json\/wp\/v2\/pages\/7163","targetHints":{"allow":["GET"]}}],"collection":[{"href":"https:\/\/www.galvaswiss.ch\/fr\/wp-json\/wp\/v2\/pages"}],"about":[{"href":"https:\/\/www.galvaswiss.ch\/fr\/wp-json\/wp\/v2\/types\/page"}],"author":[{"embeddable":true,"href":"https:\/\/www.galvaswiss.ch\/fr\/wp-json\/wp\/v2\/users\/1"}],"replies":[{"embeddable":true,"href":"https:\/\/www.galvaswiss.ch\/fr\/wp-json\/wp\/v2\/comments?post=7163"}],"version-history":[{"count":8,"href":"https:\/\/www.galvaswiss.ch\/fr\/wp-json\/wp\/v2\/pages\/7163\/revisions"}],"predecessor-version":[{"id":7943,"href":"https:\/\/www.galvaswiss.ch\/fr\/wp-json\/wp\/v2\/pages\/7163\/revisions\/7943"}],"up":[{"embeddable":true,"href":"https:\/\/www.galvaswiss.ch\/fr\/wp-json\/wp\/v2\/pages\/7119"}],"wp:attachment":[{"href":"https:\/\/www.galvaswiss.ch\/fr\/wp-json\/wp\/v2\/media?parent=7163"}],"curies":[{"name":"wp","href":"https:\/\/api.w.org\/{rel}","templated":true}]}}