{"id":7176,"date":"2023-07-05T12:45:12","date_gmt":"2023-07-05T10:45:12","guid":{"rendered":"https:\/\/www.galvaswiss.ch\/construction\/soudure\/"},"modified":"2024-11-04T15:33:56","modified_gmt":"2024-11-04T14:33:56","slug":"soudure","status":"publish","type":"page","link":"https:\/\/www.galvaswiss.ch\/fr\/construction\/soudure\/","title":{"rendered":"Soudure"},"content":{"rendered":"\t\t<div data-elementor-type=\"wp-page\" data-elementor-id=\"7176\" class=\"elementor elementor-7176 elementor-1763\" data-elementor-post-type=\"page\">\n\t\t\t\t<div class=\"elementor-element elementor-element-c1a2b13 e-con-full e-flex e-con e-parent\" data-id=\"c1a2b13\" data-element_type=\"container\" data-e-type=\"container\" data-settings=\"{&quot;background_background&quot;:&quot;classic&quot;}\">\n\t\t<div class=\"elementor-element elementor-element-7223c96 e-flex e-con-boxed e-con e-child\" data-id=\"7223c96\" data-element_type=\"container\" data-e-type=\"container\">\n\t\t\t\t\t<div class=\"e-con-inner\">\n\t\t<div class=\"elementor-element elementor-element-c3b90ce e-con-full e-flex e-con e-child\" data-id=\"c3b90ce\" data-element_type=\"container\" data-e-type=\"container\">\n\t\t\t\t<div class=\"elementor-element elementor-element-f65e0a8 elementor-widget elementor-widget-breadcrumbs\" data-id=\"f65e0a8\" data-element_type=\"widget\" data-e-type=\"widget\" data-widget_type=\"breadcrumbs.default\">\n\t\t\t\t<div class=\"elementor-widget-container\">\n\t\t\t\t\t<div id=\"breadcrumbs\"><span><span><a href=\"https:\/\/www.galvaswiss.ch\/fr\/\">Home<\/a><\/span><\/span><\/div>\t\t\t\t<\/div>\n\t\t\t\t<\/div>\n\t\t\t\t<div class=\"elementor-element elementor-element-bc714f1 elementor-widget elementor-widget-heading\" data-id=\"bc714f1\" data-element_type=\"widget\" data-e-type=\"widget\" data-widget_type=\"heading.default\">\n\t\t\t\t<div class=\"elementor-widget-container\">\n\t\t\t\t\t<h1 class=\"elementor-heading-title elementor-size-default\">La soudure<\/h1>\t\t\t\t<\/div>\n\t\t\t\t<\/div>\n\t\t\t\t<\/div>\n\t\t\t\t\t<\/div>\n\t\t\t\t<\/div>\n\t\t\t\t<\/div>\n\t\t<div class=\"elementor-element elementor-element-41e69f0 e-flex e-con-boxed e-con e-parent\" data-id=\"41e69f0\" data-element_type=\"container\" data-e-type=\"container\" data-settings=\"{&quot;background_background&quot;:&quot;classic&quot;}\">\n\t\t\t\t\t<div class=\"e-con-inner\">\n\t\t<div class=\"elementor-element elementor-element-f35b5fc e-con-full e-flex e-con e-child\" data-id=\"f35b5fc\" data-element_type=\"container\" data-e-type=\"container\">\n\t\t\t\t<div class=\"elementor-element elementor-element-a532cfb elementor-widget elementor-widget-heading\" data-id=\"a532cfb\" data-element_type=\"widget\" data-e-type=\"widget\" data-widget_type=\"heading.default\">\n\t\t\t\t<div class=\"elementor-widget-container\">\n\t\t\t\t\t<h2 class=\"elementor-heading-title elementor-size-default\">D\u00e9finition, types de couture<\/h2>\t\t\t\t<\/div>\n\t\t\t\t<\/div>\n\t\t\t\t<div class=\"elementor-element elementor-element-3916f64 bordered-button elementor-widget elementor-widget-button\" data-id=\"3916f64\" data-element_type=\"widget\" data-e-type=\"widget\" data-widget_type=\"button.default\">\n\t\t\t\t<div class=\"elementor-widget-container\">\n\t\t\t\t\t\t\t\t\t<div class=\"elementor-button-wrapper\">\n\t\t\t\t\t<a class=\"elementor-button elementor-button-link elementor-size-md\" href=\"https:\/\/ks-ratgeber.galvaswiss.ch\/fr\/274-275\/index.html\" target=\"_blank\">\n\t\t\t\t\t\t<span class=\"elementor-button-content-wrapper\">\n\t\t\t\t\t\t<span class=\"elementor-button-icon\">\n\t\t\t\t<svg xmlns=\"http:\/\/www.w3.org\/2000\/svg\" width=\"14\" height=\"13\" viewBox=\"0 0 14 13\" fill=\"none\"><path d=\"M12.877 7.18872C13.2578 6.83716 13.2578 6.22192 12.877 5.87036L8.18945 1.18286C7.83789 0.802002 7.22266 0.802002 6.87109 1.18286C6.49023 1.53442 6.49023 2.14966 6.87109 2.50122L9.94727 5.57739H0.982422C0.455078 5.57739 0.0449219 6.01685 0.0449219 6.51489C0.0449219 7.04224 0.455078 7.45239 0.982422 7.45239H9.94727L6.87109 10.5579C6.49023 10.9094 6.49023 11.5247 6.87109 11.8762C7.22266 12.2571 7.83789 12.2571 8.18945 11.8762L12.877 7.18872Z\" fill=\"#DD0016\"><\/path><\/svg>\t\t\t<\/span>\n\t\t\t\t\t\t\t\t\t<span class=\"elementor-button-text\">en savoir plus<\/span>\n\t\t\t\t\t<\/span>\n\t\t\t\t\t<\/a>\n\t\t\t\t<\/div>\n\t\t\t\t\t\t\t\t<\/div>\n\t\t\t\t<\/div>\n\t\t\t\t<\/div>\n\t\t<div class=\"elementor-element elementor-element-73b3314 e-con-full e-flex e-con e-child\" data-id=\"73b3314\" data-element_type=\"container\" data-e-type=\"container\">\n\t\t\t\t<div class=\"elementor-element elementor-element-2c6aad2 elementor-widget elementor-widget-heading\" data-id=\"2c6aad2\" data-element_type=\"widget\" data-e-type=\"widget\" data-widget_type=\"heading.default\">\n\t\t\t\t<div class=\"elementor-widget-container\">\n\t\t\t\t\t<h2 class=\"elementor-heading-title elementor-size-default\">Positions de soudage \/ Code ASME<\/h2>\t\t\t\t<\/div>\n\t\t\t\t<\/div>\n\t\t\t\t<div class=\"elementor-element elementor-element-27e16af bordered-button elementor-widget elementor-widget-button\" data-id=\"27e16af\" data-element_type=\"widget\" data-e-type=\"widget\" data-widget_type=\"button.default\">\n\t\t\t\t<div class=\"elementor-widget-container\">\n\t\t\t\t\t\t\t\t\t<div class=\"elementor-button-wrapper\">\n\t\t\t\t\t<a class=\"elementor-button elementor-button-link elementor-size-md\" href=\"https:\/\/ks-ratgeber.galvaswiss.ch\/fr\/278-279\/index.html\" target=\"_blank\">\n\t\t\t\t\t\t<span class=\"elementor-button-content-wrapper\">\n\t\t\t\t\t\t<span class=\"elementor-button-icon\">\n\t\t\t\t<svg xmlns=\"http:\/\/www.w3.org\/2000\/svg\" width=\"14\" height=\"13\" viewBox=\"0 0 14 13\" fill=\"none\"><path d=\"M12.877 7.18872C13.2578 6.83716 13.2578 6.22192 12.877 5.87036L8.18945 1.18286C7.83789 0.802002 7.22266 0.802002 6.87109 1.18286C6.49023 1.53442 6.49023 2.14966 6.87109 2.50122L9.94727 5.57739H0.982422C0.455078 5.57739 0.0449219 6.01685 0.0449219 6.51489C0.0449219 7.04224 0.455078 7.45239 0.982422 7.45239H9.94727L6.87109 10.5579C6.49023 10.9094 6.49023 11.5247 6.87109 11.8762C7.22266 12.2571 7.83789 12.2571 8.18945 11.8762L12.877 7.18872Z\" fill=\"#DD0016\"><\/path><\/svg>\t\t\t<\/span>\n\t\t\t\t\t\t\t\t\t<span class=\"elementor-button-text\">en savoir plus<\/span>\n\t\t\t\t\t<\/span>\n\t\t\t\t\t<\/a>\n\t\t\t\t<\/div>\n\t\t\t\t\t\t\t\t<\/div>\n\t\t\t\t<\/div>\n\t\t\t\t<\/div>\n\t\t<div class=\"elementor-element elementor-element-9854d75 e-con-full e-flex e-con e-child\" data-id=\"9854d75\" data-element_type=\"container\" data-e-type=\"container\">\n\t\t\t\t<div class=\"elementor-element elementor-element-624ac79 elementor-widget elementor-widget-heading\" data-id=\"624ac79\" data-element_type=\"widget\" data-e-type=\"widget\" data-widget_type=\"heading.default\">\n\t\t\t\t<div class=\"elementor-widget-container\">\n\t\t\t\t\t<h2 class=\"elementor-heading-title elementor-size-default\">D\u00e9signation de la norme EN 287-1<\/h2>\t\t\t\t<\/div>\n\t\t\t\t<\/div>\n\t\t\t\t<div class=\"elementor-element elementor-element-75b3591 bordered-button elementor-widget elementor-widget-button\" data-id=\"75b3591\" data-element_type=\"widget\" data-e-type=\"widget\" data-widget_type=\"button.default\">\n\t\t\t\t<div class=\"elementor-widget-container\">\n\t\t\t\t\t\t\t\t\t<div class=\"elementor-button-wrapper\">\n\t\t\t\t\t<a class=\"elementor-button elementor-button-link elementor-size-md\" href=\"https:\/\/ks-ratgeber.galvaswiss.ch\/fr\/280-281\/index.html\" target=\"_blank\">\n\t\t\t\t\t\t<span class=\"elementor-button-content-wrapper\">\n\t\t\t\t\t\t<span class=\"elementor-button-icon\">\n\t\t\t\t<svg xmlns=\"http:\/\/www.w3.org\/2000\/svg\" width=\"14\" height=\"13\" viewBox=\"0 0 14 13\" fill=\"none\"><path d=\"M12.877 7.18872C13.2578 6.83716 13.2578 6.22192 12.877 5.87036L8.18945 1.18286C7.83789 0.802002 7.22266 0.802002 6.87109 1.18286C6.49023 1.53442 6.49023 2.14966 6.87109 2.50122L9.94727 5.57739H0.982422C0.455078 5.57739 0.0449219 6.01685 0.0449219 6.51489C0.0449219 7.04224 0.455078 7.45239 0.982422 7.45239H9.94727L6.87109 10.5579C6.49023 10.9094 6.49023 11.5247 6.87109 11.8762C7.22266 12.2571 7.83789 12.2571 8.18945 11.8762L12.877 7.18872Z\" fill=\"#DD0016\"><\/path><\/svg>\t\t\t<\/span>\n\t\t\t\t\t\t\t\t\t<span class=\"elementor-button-text\">en savoir plus<\/span>\n\t\t\t\t\t<\/span>\n\t\t\t\t\t<\/a>\n\t\t\t\t<\/div>\n\t\t\t\t\t\t\t\t<\/div>\n\t\t\t\t<\/div>\n\t\t\t\t<\/div>\n\t\t<div class=\"elementor-element elementor-element-217c399 e-con-full e-flex e-con e-child\" data-id=\"217c399\" data-element_type=\"container\" data-e-type=\"container\">\n\t\t\t\t<div class=\"elementor-element elementor-element-d4c60ec elementor-widget elementor-widget-heading\" data-id=\"d4c60ec\" data-element_type=\"widget\" data-e-type=\"widget\" data-widget_type=\"heading.default\">\n\t\t\t\t<div class=\"elementor-widget-container\">\n\t\t\t\t\t<h2 class=\"elementor-heading-title elementor-size-default\">Cotation de la soudure<\/h2>\t\t\t\t<\/div>\n\t\t\t\t<\/div>\n\t\t\t\t<div class=\"elementor-element elementor-element-6bb5d93 bordered-button elementor-widget elementor-widget-button\" data-id=\"6bb5d93\" data-element_type=\"widget\" data-e-type=\"widget\" data-widget_type=\"button.default\">\n\t\t\t\t<div class=\"elementor-widget-container\">\n\t\t\t\t\t\t\t\t\t<div class=\"elementor-button-wrapper\">\n\t\t\t\t\t<a class=\"elementor-button elementor-button-link elementor-size-md\" href=\"https:\/\/ks-ratgeber.galvaswiss.ch\/fr\/282-283\/index.html\" target=\"_blank\">\n\t\t\t\t\t\t<span class=\"elementor-button-content-wrapper\">\n\t\t\t\t\t\t<span class=\"elementor-button-icon\">\n\t\t\t\t<svg xmlns=\"http:\/\/www.w3.org\/2000\/svg\" width=\"14\" height=\"13\" viewBox=\"0 0 14 13\" fill=\"none\"><path d=\"M12.877 7.18872C13.2578 6.83716 13.2578 6.22192 12.877 5.87036L8.18945 1.18286C7.83789 0.802002 7.22266 0.802002 6.87109 1.18286C6.49023 1.53442 6.49023 2.14966 6.87109 2.50122L9.94727 5.57739H0.982422C0.455078 5.57739 0.0449219 6.01685 0.0449219 6.51489C0.0449219 7.04224 0.455078 7.45239 0.982422 7.45239H9.94727L6.87109 10.5579C6.49023 10.9094 6.49023 11.5247 6.87109 11.8762C7.22266 12.2571 7.83789 12.2571 8.18945 11.8762L12.877 7.18872Z\" fill=\"#DD0016\"><\/path><\/svg>\t\t\t<\/span>\n\t\t\t\t\t\t\t\t\t<span class=\"elementor-button-text\">en savoir plus<\/span>\n\t\t\t\t\t<\/span>\n\t\t\t\t\t<\/a>\n\t\t\t\t<\/div>\n\t\t\t\t\t\t\t\t<\/div>\n\t\t\t\t<\/div>\n\t\t\t\t<\/div>\n\t\t\t\t\t<\/div>\n\t\t\t\t<\/div>\n\t\t<div class=\"elementor-element elementor-element-f0bbf45 regular-padding e-flex e-con-boxed e-con e-parent\" data-id=\"f0bbf45\" data-element_type=\"container\" data-e-type=\"container\" data-settings=\"{&quot;background_background&quot;:&quot;classic&quot;}\">\n\t\t\t\t\t<div class=\"e-con-inner\">\n\t\t<div class=\"elementor-element elementor-element-c6246d3 e-con-full col-10 e-flex e-con e-child\" data-id=\"c6246d3\" data-element_type=\"container\" data-e-type=\"container\" data-settings=\"{&quot;background_background&quot;:&quot;classic&quot;}\">\n\t\t<div class=\"elementor-element elementor-element-9c277f5 e-flex e-con-boxed e-con e-child\" data-id=\"9c277f5\" data-element_type=\"container\" data-e-type=\"container\">\n\t\t\t\t\t<div class=\"e-con-inner\">\n\t\t\t\t<div class=\"elementor-element elementor-element-49a1642 elementor-widget elementor-widget-heading\" data-id=\"49a1642\" data-element_type=\"widget\" data-e-type=\"widget\" data-widget_type=\"heading.default\">\n\t\t\t\t<div class=\"elementor-widget-container\">\n\t\t\t\t\t<h3 class=\"elementor-heading-title elementor-size-default\">Vous avez des questions ?<\/h3>\t\t\t\t<\/div>\n\t\t\t\t<\/div>\n\t\t\t\t<div class=\"elementor-element elementor-element-3924d3d elementor-widget elementor-widget-text-editor\" data-id=\"3924d3d\" data-element_type=\"widget\" data-e-type=\"widget\" data-widget_type=\"text-editor.default\">\n\t\t\t\t<div class=\"elementor-widget-container\">\n\t\t\t\t\t\t\t\t\t<p>Nos experts du service d&#8217;assistance technique se feront un plaisir de vous aider.<\/p>\n\t\t\t\t\t\t\t\t<\/div>\n\t\t\t\t<\/div>\n\t\t\t\t<div class=\"elementor-element elementor-element-4d72c07 bordered-button animated-slow elementor-invisible elementor-widget elementor-widget-button\" data-id=\"4d72c07\" data-element_type=\"widget\" data-e-type=\"widget\" data-settings=\"{&quot;_animation&quot;:&quot;fadeInUp&quot;}\" data-widget_type=\"button.default\">\n\t\t\t\t<div class=\"elementor-widget-container\">\n\t\t\t\t\t\t\t\t\t<div class=\"elementor-button-wrapper\">\n\t\t\t\t\t<a class=\"elementor-button elementor-button-link elementor-size-md\" href=\"https:\/\/www.galvaswiss.ch\/fr\/?page_id=7126\">\n\t\t\t\t\t\t<span class=\"elementor-button-content-wrapper\">\n\t\t\t\t\t\t<span class=\"elementor-button-icon\">\n\t\t\t\t<svg xmlns=\"http:\/\/www.w3.org\/2000\/svg\" width=\"14\" height=\"13\" viewBox=\"0 0 14 13\" fill=\"none\"><path d=\"M12.877 7.18872C13.2578 6.83716 13.2578 6.22192 12.877 5.87036L8.18945 1.18286C7.83789 0.802002 7.22266 0.802002 6.87109 1.18286C6.49023 1.53442 6.49023 2.14966 6.87109 2.50122L9.94727 5.57739H0.982422C0.455078 5.57739 0.0449219 6.01685 0.0449219 6.51489C0.0449219 7.04224 0.455078 7.45239 0.982422 7.45239H9.94727L6.87109 10.5579C6.49023 10.9094 6.49023 11.5247 6.87109 11.8762C7.22266 12.2571 7.83789 12.2571 8.18945 11.8762L12.877 7.18872Z\" fill=\"#DD0016\"><\/path><\/svg>\t\t\t<\/span>\n\t\t\t\t\t\t\t\t\t<span class=\"elementor-button-text\">Vers la page de contact<\/span>\n\t\t\t\t\t<\/span>\n\t\t\t\t\t<\/a>\n\t\t\t\t<\/div>\n\t\t\t\t\t\t\t\t<\/div>\n\t\t\t\t<\/div>\n\t\t\t\t\t<\/div>\n\t\t\t\t<\/div>\n\t\t<div class=\"elementor-element elementor-element-3b4d7a9 e-flex e-con-boxed e-con e-child\" data-id=\"3b4d7a9\" data-element_type=\"container\" data-e-type=\"container\">\n\t\t\t\t\t<div class=\"e-con-inner\">\n\t\t\t\t<div class=\"elementor-element elementor-element-da10cf5 elementor-widget elementor-widget-image\" data-id=\"da10cf5\" data-element_type=\"widget\" data-e-type=\"widget\" data-widget_type=\"image.default\">\n\t\t\t\t<div class=\"elementor-widget-container\">\n\t\t\t\t\t\t\t\t\t\t\t\t\t\t\t<img decoding=\"async\" src=\"https:\/\/www.galvaswiss.ch\/app\/uploads\/speach_bubbles.svg\" class=\"attachment-full size-full wp-image-6709\" alt=\"\" \/>\t\t\t\t\t\t\t\t\t\t\t\t\t\t\t<\/div>\n\t\t\t\t<\/div>\n\t\t\t\t\t<\/div>\n\t\t\t\t<\/div>\n\t\t\t\t<\/div>\n\t\t\t\t\t<\/div>\n\t\t\t\t<\/div>\n\t\t\t\t<\/div>\n\t\t","protected":false},"excerpt":{"rendered":"<p>La soudure D\u00e9finition, types de couture en savoir plus Positions de soudage \/ Code ASME en savoir plus D\u00e9signation de la norme EN 287-1 en savoir plus Cotation de la soudure en savoir plus Vous avez des questions ? Nos experts du service d&#8217;assistance technique se feront un plaisir de vous aider. Vers la page [&hellip;]<\/p>\n","protected":false},"author":1,"featured_media":0,"parent":7110,"menu_order":0,"comment_status":"closed","ping_status":"closed","template":"","meta":{"_glsr_average":0,"_glsr_ranking":0,"_glsr_reviews":0,"footnotes":""},"class_list":["post-7176","page","type-page","status-publish","hentry"],"yoast_head":"<!-- This site is optimized with the Yoast SEO plugin v26.9 - https:\/\/yoast.com\/product\/yoast-seo-wordpress\/ -->\n<title>Soudure - Galvaswiss AG<\/title>\n<meta name=\"description\" content=\"D\u00e9finition de la soudure ; symbole, d\u00e9nomination et repr\u00e9sentation des types de soudures\" \/>\n<meta name=\"robots\" content=\"index, follow, max-snippet:-1, max-image-preview:large, max-video-preview:-1\" \/>\n<link rel=\"canonical\" href=\"https:\/\/www.galvaswiss.ch\/fr\/construction\/soudure\/\" \/>\n<meta property=\"og:locale\" content=\"fr_FR\" \/>\n<meta property=\"og:type\" content=\"article\" \/>\n<meta property=\"og:title\" content=\"Soudure - Galvaswiss AG\" \/>\n<meta property=\"og:description\" content=\"D\u00e9finition de la soudure ; symbole, d\u00e9nomination et repr\u00e9sentation des types de soudures\" \/>\n<meta property=\"og:url\" content=\"https:\/\/www.galvaswiss.ch\/fr\/construction\/soudure\/\" \/>\n<meta property=\"og:site_name\" content=\"Galvaswiss AG\" \/>\n<meta property=\"article:modified_time\" content=\"2024-11-04T14:33:56+00:00\" \/>\n<meta property=\"og:image\" content=\"https:\/\/www.galvaswiss.ch\/app\/uploads\/speach_bubbles.svg\" \/>\n<meta name=\"twitter:card\" content=\"summary_large_image\" \/>\n<script type=\"application\/ld+json\" class=\"yoast-schema-graph\">{\"@context\":\"https:\/\/schema.org\",\"@graph\":[{\"@type\":\"WebPage\",\"@id\":\"https:\/\/www.galvaswiss.ch\/fr\/construction\/soudure\/\",\"url\":\"https:\/\/www.galvaswiss.ch\/fr\/construction\/soudure\/\",\"name\":\"Soudure - Galvaswiss AG\",\"isPartOf\":{\"@id\":\"https:\/\/staging.galvaswiss.zwei14.website\/#website\"},\"primaryImageOfPage\":{\"@id\":\"https:\/\/www.galvaswiss.ch\/fr\/construction\/soudure\/#primaryimage\"},\"image\":{\"@id\":\"https:\/\/www.galvaswiss.ch\/fr\/construction\/soudure\/#primaryimage\"},\"thumbnailUrl\":\"https:\/\/www.galvaswiss.ch\/app\/uploads\/speach_bubbles.svg\",\"datePublished\":\"2023-07-05T10:45:12+00:00\",\"dateModified\":\"2024-11-04T14:33:56+00:00\",\"description\":\"D\u00e9finition de la soudure ; symbole, d\u00e9nomination et repr\u00e9sentation des types de soudures\",\"breadcrumb\":{\"@id\":\"https:\/\/www.galvaswiss.ch\/fr\/construction\/soudure\/#breadcrumb\"},\"inLanguage\":\"fr-FR\",\"potentialAction\":[{\"@type\":\"ReadAction\",\"target\":[\"https:\/\/www.galvaswiss.ch\/fr\/construction\/soudure\/\"]}]},{\"@type\":\"ImageObject\",\"inLanguage\":\"fr-FR\",\"@id\":\"https:\/\/www.galvaswiss.ch\/fr\/construction\/soudure\/#primaryimage\",\"url\":\"https:\/\/www.galvaswiss.ch\/app\/uploads\/speach_bubbles.svg\",\"contentUrl\":\"https:\/\/www.galvaswiss.ch\/app\/uploads\/speach_bubbles.svg\"},{\"@type\":\"BreadcrumbList\",\"@id\":\"https:\/\/www.galvaswiss.ch\/fr\/construction\/soudure\/#breadcrumb\",\"itemListElement\":[{\"@type\":\"ListItem\",\"position\":1,\"name\":\"Home\",\"item\":\"https:\/\/www.galvaswiss.ch\/fr\/\"},{\"@type\":\"ListItem\",\"position\":2,\"name\":\"Construction\",\"item\":\"https:\/\/www.galvaswiss.ch\/fr\/construction\/\"},{\"@type\":\"ListItem\",\"position\":3,\"name\":\"Soudure\"}]},{\"@type\":\"WebSite\",\"@id\":\"https:\/\/staging.galvaswiss.zwei14.website\/#website\",\"url\":\"https:\/\/staging.galvaswiss.zwei14.website\/\",\"name\":\"Galvaswiss AG\",\"description\":\"\",\"publisher\":{\"@id\":\"https:\/\/staging.galvaswiss.zwei14.website\/#organization\"},\"potentialAction\":[{\"@type\":\"SearchAction\",\"target\":{\"@type\":\"EntryPoint\",\"urlTemplate\":\"https:\/\/staging.galvaswiss.zwei14.website\/?s={search_term_string}\"},\"query-input\":{\"@type\":\"PropertyValueSpecification\",\"valueRequired\":true,\"valueName\":\"search_term_string\"}}],\"inLanguage\":\"fr-FR\"},{\"@type\":\"Organization\",\"@id\":\"https:\/\/staging.galvaswiss.zwei14.website\/#organization\",\"name\":\"Galvaswiss AG\",\"url\":\"https:\/\/staging.galvaswiss.zwei14.website\/\",\"logo\":{\"@type\":\"ImageObject\",\"inLanguage\":\"fr-FR\",\"@id\":\"https:\/\/staging.galvaswiss.zwei14.website\/#\/schema\/logo\/image\/\",\"url\":\"https:\/\/www.galvaswiss.ch\/app\/uploads\/galvaswiss_230.svg\",\"contentUrl\":\"https:\/\/www.galvaswiss.ch\/app\/uploads\/galvaswiss_230.svg\",\"width\":230,\"height\":41,\"caption\":\"Galvaswiss AG\"},\"image\":{\"@id\":\"https:\/\/staging.galvaswiss.zwei14.website\/#\/schema\/logo\/image\/\"}}]}<\/script>\n<!-- \/ Yoast SEO plugin. -->","yoast_head_json":{"title":"Soudure - Galvaswiss AG","description":"D\u00e9finition de la soudure ; symbole, d\u00e9nomination et repr\u00e9sentation des types de soudures","robots":{"index":"index","follow":"follow","max-snippet":"max-snippet:-1","max-image-preview":"max-image-preview:large","max-video-preview":"max-video-preview:-1"},"canonical":"https:\/\/www.galvaswiss.ch\/fr\/construction\/soudure\/","og_locale":"fr_FR","og_type":"article","og_title":"Soudure - Galvaswiss AG","og_description":"D\u00e9finition de la soudure ; symbole, d\u00e9nomination et repr\u00e9sentation des types de soudures","og_url":"https:\/\/www.galvaswiss.ch\/fr\/construction\/soudure\/","og_site_name":"Galvaswiss AG","article_modified_time":"2024-11-04T14:33:56+00:00","og_image":[{"url":"https:\/\/www.galvaswiss.ch\/app\/uploads\/speach_bubbles.svg","type":"","width":"","height":""}],"twitter_card":"summary_large_image","schema":{"@context":"https:\/\/schema.org","@graph":[{"@type":"WebPage","@id":"https:\/\/www.galvaswiss.ch\/fr\/construction\/soudure\/","url":"https:\/\/www.galvaswiss.ch\/fr\/construction\/soudure\/","name":"Soudure - Galvaswiss AG","isPartOf":{"@id":"https:\/\/staging.galvaswiss.zwei14.website\/#website"},"primaryImageOfPage":{"@id":"https:\/\/www.galvaswiss.ch\/fr\/construction\/soudure\/#primaryimage"},"image":{"@id":"https:\/\/www.galvaswiss.ch\/fr\/construction\/soudure\/#primaryimage"},"thumbnailUrl":"https:\/\/www.galvaswiss.ch\/app\/uploads\/speach_bubbles.svg","datePublished":"2023-07-05T10:45:12+00:00","dateModified":"2024-11-04T14:33:56+00:00","description":"D\u00e9finition de la soudure ; symbole, d\u00e9nomination et repr\u00e9sentation des types de soudures","breadcrumb":{"@id":"https:\/\/www.galvaswiss.ch\/fr\/construction\/soudure\/#breadcrumb"},"inLanguage":"fr-FR","potentialAction":[{"@type":"ReadAction","target":["https:\/\/www.galvaswiss.ch\/fr\/construction\/soudure\/"]}]},{"@type":"ImageObject","inLanguage":"fr-FR","@id":"https:\/\/www.galvaswiss.ch\/fr\/construction\/soudure\/#primaryimage","url":"https:\/\/www.galvaswiss.ch\/app\/uploads\/speach_bubbles.svg","contentUrl":"https:\/\/www.galvaswiss.ch\/app\/uploads\/speach_bubbles.svg"},{"@type":"BreadcrumbList","@id":"https:\/\/www.galvaswiss.ch\/fr\/construction\/soudure\/#breadcrumb","itemListElement":[{"@type":"ListItem","position":1,"name":"Home","item":"https:\/\/www.galvaswiss.ch\/fr\/"},{"@type":"ListItem","position":2,"name":"Construction","item":"https:\/\/www.galvaswiss.ch\/fr\/construction\/"},{"@type":"ListItem","position":3,"name":"Soudure"}]},{"@type":"WebSite","@id":"https:\/\/staging.galvaswiss.zwei14.website\/#website","url":"https:\/\/staging.galvaswiss.zwei14.website\/","name":"Galvaswiss AG","description":"","publisher":{"@id":"https:\/\/staging.galvaswiss.zwei14.website\/#organization"},"potentialAction":[{"@type":"SearchAction","target":{"@type":"EntryPoint","urlTemplate":"https:\/\/staging.galvaswiss.zwei14.website\/?s={search_term_string}"},"query-input":{"@type":"PropertyValueSpecification","valueRequired":true,"valueName":"search_term_string"}}],"inLanguage":"fr-FR"},{"@type":"Organization","@id":"https:\/\/staging.galvaswiss.zwei14.website\/#organization","name":"Galvaswiss AG","url":"https:\/\/staging.galvaswiss.zwei14.website\/","logo":{"@type":"ImageObject","inLanguage":"fr-FR","@id":"https:\/\/staging.galvaswiss.zwei14.website\/#\/schema\/logo\/image\/","url":"https:\/\/www.galvaswiss.ch\/app\/uploads\/galvaswiss_230.svg","contentUrl":"https:\/\/www.galvaswiss.ch\/app\/uploads\/galvaswiss_230.svg","width":230,"height":41,"caption":"Galvaswiss AG"},"image":{"@id":"https:\/\/staging.galvaswiss.zwei14.website\/#\/schema\/logo\/image\/"}}]}},"_links":{"self":[{"href":"https:\/\/www.galvaswiss.ch\/fr\/wp-json\/wp\/v2\/pages\/7176","targetHints":{"allow":["GET"]}}],"collection":[{"href":"https:\/\/www.galvaswiss.ch\/fr\/wp-json\/wp\/v2\/pages"}],"about":[{"href":"https:\/\/www.galvaswiss.ch\/fr\/wp-json\/wp\/v2\/types\/page"}],"author":[{"embeddable":true,"href":"https:\/\/www.galvaswiss.ch\/fr\/wp-json\/wp\/v2\/users\/1"}],"replies":[{"embeddable":true,"href":"https:\/\/www.galvaswiss.ch\/fr\/wp-json\/wp\/v2\/comments?post=7176"}],"version-history":[{"count":18,"href":"https:\/\/www.galvaswiss.ch\/fr\/wp-json\/wp\/v2\/pages\/7176\/revisions"}],"predecessor-version":[{"id":7729,"href":"https:\/\/www.galvaswiss.ch\/fr\/wp-json\/wp\/v2\/pages\/7176\/revisions\/7729"}],"up":[{"embeddable":true,"href":"https:\/\/www.galvaswiss.ch\/fr\/wp-json\/wp\/v2\/pages\/7110"}],"wp:attachment":[{"href":"https:\/\/www.galvaswiss.ch\/fr\/wp-json\/wp\/v2\/media?parent=7176"}],"curies":[{"name":"wp","href":"https:\/\/api.w.org\/{rel}","templated":true}]}}