{"id":7189,"date":"2023-07-10T08:50:15","date_gmt":"2023-07-10T06:50:15","guid":{"rendered":"https:\/\/www.galvaswiss.ch\/carriere\/"},"modified":"2024-05-07T09:13:39","modified_gmt":"2024-05-07T07:13:39","slug":"carriere","status":"publish","type":"page","link":"https:\/\/www.galvaswiss.ch\/fr\/carriere\/","title":{"rendered":"Carri\u00e8re"},"content":{"rendered":"\t\t<div data-elementor-type=\"wp-page\" data-elementor-id=\"7189\" class=\"elementor elementor-7189 elementor-1870\" data-elementor-post-type=\"page\">\n\t\t\t\t<div class=\"elementor-element elementor-element-7b34a08 e-con-full e-flex e-con e-parent\" data-id=\"7b34a08\" data-element_type=\"container\" data-e-type=\"container\" data-settings=\"{&quot;background_background&quot;:&quot;classic&quot;}\">\n\t\t<div class=\"elementor-element elementor-element-76aed00 e-flex e-con-boxed e-con e-child\" data-id=\"76aed00\" data-element_type=\"container\" data-e-type=\"container\">\n\t\t\t\t\t<div class=\"e-con-inner\">\n\t\t<div class=\"elementor-element elementor-element-a1621b5 e-flex e-con-boxed e-con e-child\" data-id=\"a1621b5\" data-element_type=\"container\" data-e-type=\"container\">\n\t\t\t\t\t<div class=\"e-con-inner\">\n\t\t\t\t<div class=\"elementor-element elementor-element-1004158 elementor-widget elementor-widget-breadcrumbs\" data-id=\"1004158\" data-element_type=\"widget\" data-e-type=\"widget\" data-widget_type=\"breadcrumbs.default\">\n\t\t\t\t<div class=\"elementor-widget-container\">\n\t\t\t\t\t<div id=\"breadcrumbs\"><span><span><a href=\"https:\/\/www.galvaswiss.ch\/fr\/\">Home<\/a><\/span><\/span><\/div>\t\t\t\t<\/div>\n\t\t\t\t<\/div>\n\t\t\t\t<div class=\"elementor-element elementor-element-fed6549 elementor-widget elementor-widget-heading\" data-id=\"fed6549\" data-element_type=\"widget\" data-e-type=\"widget\" data-widget_type=\"heading.default\">\n\t\t\t\t<div class=\"elementor-widget-container\">\n\t\t\t\t\t<h1 class=\"elementor-heading-title elementor-size-default\">Carri\u00e8re<\/h1>\t\t\t\t<\/div>\n\t\t\t\t<\/div>\n\t\t\t\t<div class=\"elementor-element elementor-element-bcca9aa elementor-widget elementor-widget-heading\" data-id=\"bcca9aa\" data-element_type=\"widget\" data-e-type=\"widget\" data-widget_type=\"heading.default\">\n\t\t\t\t<div class=\"elementor-widget-container\">\n\t\t\t\t\t<h1 class=\"elementor-heading-title elementor-size-default\">Thermoplex<\/h1>\t\t\t\t<\/div>\n\t\t\t\t<\/div>\n\t\t\t\t<div class=\"elementor-element elementor-element-29f994d elementor-widget elementor-widget-text-editor\" data-id=\"29f994d\" data-element_type=\"widget\" data-e-type=\"widget\" data-widget_type=\"text-editor.default\">\n\t\t\t\t<div class=\"elementor-widget-container\">\n\t\t\t\t\t\t\t\t\t<p>Envie d&#8217;un changement professionnel ou d&#8217;une nouvelle carri\u00e8re chez Galvaswiss AG ? Sur cette page, vous trouverez en permanence de nouveaux postes dans nos 4 usines.<\/p>\n\t\t\t\t\t\t\t\t<\/div>\n\t\t\t\t<\/div>\n\t\t\t\t<div class=\"elementor-element elementor-element-a54dba6 elementor-icon-list--layout-inline elementor-hidden-desktop elementor-hidden-tablet elementor-hidden-mobile elementor-list-item-link-full_width elementor-widget elementor-widget-icon-list\" data-id=\"a54dba6\" data-element_type=\"widget\" data-e-type=\"widget\" data-widget_type=\"icon-list.default\">\n\t\t\t\t<div class=\"elementor-widget-container\">\n\t\t\t\t\t\t\t<ul class=\"elementor-icon-list-items elementor-inline-items\">\n\t\t\t\t\t\t\t<li class=\"elementor-icon-list-item elementor-inline-item\">\n\t\t\t\t\t\t\t\t\t\t\t<span class=\"elementor-icon-list-icon\">\n\t\t\t\t\t\t\t<svg xmlns=\"http:\/\/www.w3.org\/2000\/svg\" width=\"19\" height=\"19\" viewBox=\"0 0 19 19\" fill=\"none\"><circle cx=\"9.66846\" cy=\"9.80627\" r=\"8.5\" transform=\"rotate(-90 9.66846 9.80627)\" stroke=\"#DD0016\"><\/circle><path d=\"M8.32263 12.9015L11.5076 9.71653L8.32263 6.71102\" stroke=\"#DD0016\"><\/path><\/svg>\t\t\t\t\t\t<\/span>\n\t\t\t\t\t\t\t\t\t\t<span class=\"elementor-icon-list-text\">Benefit travailler chez Galvaswiss<\/span>\n\t\t\t\t\t\t\t\t\t<\/li>\n\t\t\t\t\t\t\t\t<li class=\"elementor-icon-list-item elementor-inline-item\">\n\t\t\t\t\t\t\t\t\t\t\t<span class=\"elementor-icon-list-icon\">\n\t\t\t\t\t\t\t<svg xmlns=\"http:\/\/www.w3.org\/2000\/svg\" width=\"19\" height=\"19\" viewBox=\"0 0 19 19\" fill=\"none\"><circle cx=\"9.66846\" cy=\"9.80627\" r=\"8.5\" transform=\"rotate(-90 9.66846 9.80627)\" stroke=\"#DD0016\"><\/circle><path d=\"M8.32263 12.9015L11.5076 9.71653L8.32263 6.71102\" stroke=\"#DD0016\"><\/path><\/svg>\t\t\t\t\t\t<\/span>\n\t\t\t\t\t\t\t\t\t\t<span class=\"elementor-icon-list-text\">Benefit travailler chez Galvaswiss<\/span>\n\t\t\t\t\t\t\t\t\t<\/li>\n\t\t\t\t\t\t<\/ul>\n\t\t\t\t\t\t<\/div>\n\t\t\t\t<\/div>\n\t\t\t\t\t<\/div>\n\t\t\t\t<\/div>\n\t\t<div class=\"elementor-element elementor-element-3b73595 e-flex e-con-boxed e-con e-child\" data-id=\"3b73595\" data-element_type=\"container\" data-e-type=\"container\">\n\t\t\t\t\t<div class=\"e-con-inner\">\n\t\t\t\t<div class=\"elementor-element elementor-element-bbaff30 elementor-widget elementor-widget-image\" data-id=\"bbaff30\" data-element_type=\"widget\" data-e-type=\"widget\" data-widget_type=\"image.default\">\n\t\t\t\t<div class=\"elementor-widget-container\">\n\t\t\t\t\t\t\t\t\t\t\t\t\t\t\t<img fetchpriority=\"high\" decoding=\"async\" width=\"240\" height=\"300\" src=\"https:\/\/www.galvaswiss.ch\/app\/uploads\/Dragon-rot-240x300.png\" class=\"attachment-medium size-medium wp-image-6808\" alt=\"\" srcset=\"https:\/\/www.galvaswiss.ch\/app\/uploads\/Dragon-rot-240x300.png 240w, https:\/\/www.galvaswiss.ch\/app\/uploads\/Dragon-rot.png 365w\" sizes=\"(max-width: 240px) 100vw, 240px\" \/>\t\t\t\t\t\t\t\t\t\t\t\t\t\t\t<\/div>\n\t\t\t\t<\/div>\n\t\t\t\t\t<\/div>\n\t\t\t\t<\/div>\n\t\t\t\t\t<\/div>\n\t\t\t\t<\/div>\n\t\t\t\t<\/div>\n\t\t<div class=\"elementor-element elementor-element-64e89a4 regular-padding e-flex e-con-boxed e-con e-parent\" data-id=\"64e89a4\" data-element_type=\"container\" data-e-type=\"container\">\n\t\t\t\t\t<div class=\"e-con-inner\">\n\t\t<div class=\"elementor-element elementor-element-e56c85b e-flex e-con-boxed e-con e-child\" data-id=\"e56c85b\" data-element_type=\"container\" data-e-type=\"container\">\n\t\t\t\t\t<div class=\"e-con-inner\">\n\t\t\t\t<div class=\"elementor-element elementor-element-1e36775 elementor-widget elementor-widget-heading\" data-id=\"1e36775\" data-element_type=\"widget\" data-e-type=\"widget\" data-widget_type=\"heading.default\">\n\t\t\t\t<div class=\"elementor-widget-container\">\n\t\t\t\t\t<h2 class=\"elementor-heading-title elementor-size-default\">Postes \u00e0 pourvoir<\/h2>\t\t\t\t<\/div>\n\t\t\t\t<\/div>\n\t\t\t\t<div class=\"elementor-element elementor-element-062bc26 elementor-widget elementor-widget-html\" data-id=\"062bc26\" data-element_type=\"widget\" data-e-type=\"widget\" data-widget_type=\"html.default\">\n\t\t\t\t<div class=\"elementor-widget-container\">\n\t\t\t\t\t<!-- loading ostendis jobpublisher script --><script src=\"https:\/\/odm.ostendis.com\/ojp\/assets\/loader\" integrity=\"sha384-5b5wkUwcE8WHpVL\/Nv+0GlCAmaHiLlYU3xehBaxgs7txsDqu\/mcoRIsutbpt84w+\" data-token=\"mdboy7kxrsxidt441gxmtqjad8dx2gyk\" crossorigin=\"anonymous\" id=\"ostendisLoader\"><\/script><!-- container into which all jobs are rendered --><div id=\"ostendisJobs\" class=\"ost-jobs\"><\/div><!-- render all published jobs for a publication place --><script>document.addEventListener(\"ostendisLoaderReady\", function () {\n        OSTENDISJOBS.embed(\n            \"mdboy7kxrsxidt441gxmtqjad8dx2gyk\",    \/\/ publication place hash\n            \"DE\",                                  \/\/ jobpublisher language\n            \"#ostendisJobs\",                       \/\/ css selector of container\n            {}                                     \/\/ view options, default \n        );\n    });\n<\/script><style>.ost-jobs select[name=\"ostSort\"] {\n        border-radius: 4px;\n        border: 1px solid #ededed;\n        background: #f8f8f8;\n        padding: 16px;\n        -webkit-appearance: none;\n        -moz-appearance: none;\n        appearance: none;\n        background-repeat: no-repeat;\n        background-position: center right 14px;\n        background-size: 14px;\n        background-image: url(data:image\/svg+xml;base64,PHN2ZyB3aWR0aD0iMTYiIGhlaWdodD0iMTAiIHZpZXdCb3g9IjAgMCAxNiAxMCIgZmlsbD0ibm9uZSIgeG1sbnM9Imh0dHA6Ly93d3cudzMub3JnLzIwMDAvc3ZnIj4NCjxwYXRoIGQ9Ik03LjI4MTI1IDguNzE4NzVMMS4yODEyNSAyLjcxODc1QzAuODc1IDIuMzQzNzUgMC44NzUgMS42ODc1IDEuMjgxMjUgMS4zMTI1QzEuNjU2MjUgMC45MDYyNSAyLjMxMjUgMC45MDYyNSAyLjY4NzUgMS4zMTI1TDggNi41OTM3NUwxMy4yODEyIDEuMzEyNUMxMy42NTYyIDAuOTA2MjUgMTQuMzEyNSAwLjkwNjI1IDE0LjY4NzUgMS4zMTI1QzE1LjA5MzggMS42ODc1IDE1LjA5MzggMi4zNDM3NSAxNC42ODc1IDIuNzE4NzVMOC42ODc1IDguNzE4NzVDOC4zMTI1IDkuMTI1IDcuNjU2MjUgOS4xMjUgNy4yODEyNSA4LjcxODc1WiIgZmlsbD0iIzI4MjkyOSIvPg0KPC9zdmc+DQo=);\n    }\n\n    .ost-jobs .ost-job .ost-job-info, .ost-jobs .ost-job .ost-job-teaser {\n        font-family: \"Helvetica Neue Pro\",Helvetica,Arial,sans-serif;\n        font-size: 15px;\n        font-style: normal;\n        font-weight: 300;\n        line-height: 150%;\n        letter-spacing: .6px;\n        margin: 0;\n        margin-bottom: 0.9rem;\n    }\n\n    .ost-jobs .ost-job h4 {\n        margin-top: 0.5rem;\n        margin-bottom: 1rem;\n    }\n\n    .ost-jobs .ost-job h4 a {\n        font-family: \"Helvetica Neue Pro\",Helvetica,Arial,sans-serif;\n        font-size: 17px;\n        font-style: normal;\n        font-weight: 800;\n        line-height: 130%;\n        letter-spacing: .17px;\n        color: #282929;\n    }\n\n    .ost-jobs .ost-job h4 a:hover {\n        color: #282929;\n    }\n\n    .ost-jobs .ost-job {\n        border-bottom: 2px solid #ededed;\n        transition: 1s;\n    }\n\n    .ost-jobs .ost-job:hover {\n        background-color: #f8f8f8;\n        transition: 1s;\n    }\n\n    .ost-jobs .ost-job .ost-row {\n        position: relative;\n    }\n    \n    .ost-jobs .ost-job .ost-row .ost-column3 {\n        background-image: url(data:image\/svg+xml;base64,PHN2ZyB3aWR0aD0iNTgiIGhlaWdodD0iNTYiIHZpZXdCb3g9IjAgMCA1OCA1NiIgZmlsbD0ibm9uZSIgeG1sbnM9Imh0dHA6Ly93d3cudzMub3JnLzIwMDAvc3ZnIj4NCgkJCQkJCQkJCQkJPHBhdGggZD0iTTM1LjI2OTUgMjguMzk0NEMzNS42NTA0IDI4LjA0MjggMzUuNjUwNCAyNy40Mjc2IDM1LjI2OTUgMjcuMDc2TDMwLjU4MiAyMi4zODg1QzMwLjIzMDUgMjIuMDA3NyAyOS42MTUyIDIyLjAwNzcgMjkuMjYzNyAyMi4zODg1QzI4Ljg4MjggMjIuNzQwMSAyOC44ODI4IDIzLjM1NTMgMjkuMjYzNyAyMy43MDY5TDMyLjMzOTggMjYuNzgzMUgyMy4zNzVDMjIuODQ3NyAyNi43ODMxIDIyLjQzNzUgMjcuMjIyNSAyMi40Mzc1IDI3LjcyMDZDMjIuNDM3NSAyOC4yNDc5IDIyLjg0NzcgMjguNjU4MSAyMy4zNzUgMjguNjU4MUgzMi4zMzk4TDI5LjI2MzcgMzEuNzYzNUMyOC44ODI4IDMyLjExNTEgMjguODgyOCAzMi43MzAzIDI5LjI2MzcgMzMuMDgxOUMyOS42MTUyIDMzLjQ2MjggMzAuMjMwNSAzMy40NjI4IDMwLjU4MiAzMy4wODE5TDM1LjI2OTUgMjguMzk0NFoiIGZpbGw9IiNERDAwMTYiPjwvcGF0aD4NCgkJCQkJCQkJCQkJPHJlY3QgeD0iMC41IiB5PSIwLjg0NTU4MSIgd2lkdGg9IjU3IiBoZWlnaHQ9IjU0IiByeD0iMjciIHN0cm9rZT0iI0REMDAxNiI+PC9yZWN0Pg0KCQkJCQkJCQkJCTwvc3ZnPg==);\n        background-size: contain;\n        background-repeat: no-repeat;\n        background-position: center;\n        width: 58px;\n        height: 56px;\n        top: 50%;\n        position: absolute;\n        right: 30px;\n        transform: translateY(-50%);\n        opacity: 0;\n        transition: 1s;\n    }\n\n    .ost-jobs .ost-job:hover .ost-column3 {\n        opacity: 1;\n        transition: 1s;\n    }\n\n    .ost-job button.action {\n        display: none;\n    }\n\n\n    @media (max-width: 576px) {\n        .ost-jobs .ost-job .ost-row .ost-column1, .ost-jobs .ost-job .ost-row .ost-column2, .ost-jobs .ost-job .ost-row .ost-column3 {\n            text-align: left;\n        }\n\n        .ost-jobs form.grid-col-xs-6 {\n            width: 100%;\n        }\n    }\n\n\n    @media(min-width:768px) {\n        .ost-jobs ul.ost-list {\n            width: calc(100% \/ 1.5);\n        }\n    }\n<\/style>\t\t\t\t<\/div>\n\t\t\t\t<\/div>\n\t\t\t\t\t<\/div>\n\t\t\t\t<\/div>\n\t\t\t\t\t<\/div>\n\t\t\t\t<\/div>\n\t\t<div class=\"elementor-element elementor-element-4f51a61 e-con-full mix-blend-multiply e-flex e-con e-parent\" data-id=\"4f51a61\" data-element_type=\"container\" data-e-type=\"container\" data-settings=\"{&quot;background_background&quot;:&quot;classic&quot;}\">\n\t\t\t\t<div class=\"elementor-element elementor-element-e8a0b75 animated-slow elementor-invisible elementor-widget elementor-widget-heading\" data-id=\"e8a0b75\" data-element_type=\"widget\" data-e-type=\"widget\" data-settings=\"{&quot;_animation&quot;:&quot;fadeInDown&quot;}\" data-widget_type=\"heading.default\">\n\t\t\t\t<div class=\"elementor-widget-container\">\n\t\t\t\t\t<p class=\"elementor-heading-title elementor-size-default\">Le travail d'\u00e9quipe est essentiel.<\/p>\t\t\t\t<\/div>\n\t\t\t\t<\/div>\n\t\t\t\t<div class=\"elementor-element elementor-element-76a3d9a animated-slow elementor-invisible elementor-widget elementor-widget-heading\" data-id=\"76a3d9a\" data-element_type=\"widget\" data-e-type=\"widget\" data-settings=\"{&quot;_animation&quot;:&quot;fadeInUp&quot;}\" data-widget_type=\"heading.default\">\n\t\t\t\t<div class=\"elementor-widget-container\">\n\t\t\t\t\t<p class=\"elementor-heading-title elementor-size-default\">La r\u00e9ussite est plus efficace lorsqu'elle est partag\u00e9e -  <br>c'est pourquoi nous misons sur le travail d'\u00e9quipe !<\/p>\t\t\t\t<\/div>\n\t\t\t\t<\/div>\n\t\t\t\t<\/div>\n\t\t<div class=\"elementor-element elementor-element-7be8aac regular-padding e-flex e-con-boxed e-con e-parent\" data-id=\"7be8aac\" data-element_type=\"container\" data-e-type=\"container\" data-settings=\"{&quot;background_background&quot;:&quot;classic&quot;}\">\n\t\t\t\t\t<div class=\"e-con-inner\">\n\t\t<div class=\"elementor-element elementor-element-e5db30c e-con-full col-10 e-flex e-con e-child\" data-id=\"e5db30c\" data-element_type=\"container\" data-e-type=\"container\" data-settings=\"{&quot;background_background&quot;:&quot;classic&quot;}\">\n\t\t<div class=\"elementor-element elementor-element-dd4e4a8 e-flex e-con-boxed e-con e-child\" data-id=\"dd4e4a8\" data-element_type=\"container\" data-e-type=\"container\">\n\t\t\t\t\t<div class=\"e-con-inner\">\n\t\t\t\t<div class=\"elementor-element elementor-element-c4cd0bf elementor-widget elementor-widget-heading\" data-id=\"c4cd0bf\" data-element_type=\"widget\" data-e-type=\"widget\" data-widget_type=\"heading.default\">\n\t\t\t\t<div class=\"elementor-widget-container\">\n\t\t\t\t\t<h3 class=\"elementor-heading-title elementor-size-default\">Vous avez des questions ?<\/h3>\t\t\t\t<\/div>\n\t\t\t\t<\/div>\n\t\t\t\t<div class=\"elementor-element elementor-element-895c3d2 elementor-widget elementor-widget-text-editor\" data-id=\"895c3d2\" data-element_type=\"widget\" data-e-type=\"widget\" data-widget_type=\"text-editor.default\">\n\t\t\t\t<div class=\"elementor-widget-container\">\n\t\t\t\t\t\t\t\t\t<p>Envoyez-nous un e-mail \u00e0<\/p>\n<p><span style=\"text-decoration: underline;\"><span style=\"color: #000000;\"><a style=\"color: #000000;\" href=\"mailto:bewerbung@galvaswiss.ch\"><em>bewerbung@galvaswiss.ch<\/em><\/a><\/span><\/span><\/p>\n\t\t\t\t\t\t\t\t<\/div>\n\t\t\t\t<\/div>\n\t\t\t\t\t<\/div>\n\t\t\t\t<\/div>\n\t\t<div class=\"elementor-element elementor-element-1a564bb e-flex e-con-boxed e-con e-child\" data-id=\"1a564bb\" data-element_type=\"container\" data-e-type=\"container\">\n\t\t\t\t\t<div class=\"e-con-inner\">\n\t\t\t\t<div class=\"elementor-element elementor-element-6b50347 elementor-widget elementor-widget-image\" data-id=\"6b50347\" data-element_type=\"widget\" data-e-type=\"widget\" data-widget_type=\"image.default\">\n\t\t\t\t<div class=\"elementor-widget-container\">\n\t\t\t\t\t\t\t\t\t\t\t\t\t\t\t<img decoding=\"async\" src=\"https:\/\/www.galvaswiss.ch\/app\/uploads\/speach_bubbles.svg\" class=\"attachment-full size-full wp-image-6709\" alt=\"\" \/>\t\t\t\t\t\t\t\t\t\t\t\t\t\t\t<\/div>\n\t\t\t\t<\/div>\n\t\t\t\t\t<\/div>\n\t\t\t\t<\/div>\n\t\t\t\t<\/div>\n\t\t\t\t\t<\/div>\n\t\t\t\t<\/div>\n\t\t\t\t<\/div>\n\t\t","protected":false},"excerpt":{"rendered":"<p>Carri\u00e8re Thermoplex Envie d&#8217;un changement professionnel ou d&#8217;une nouvelle carri\u00e8re chez Galvaswiss AG ? Sur cette page, vous trouverez en permanence de nouveaux postes dans nos 4 usines. Benefit travailler chez Galvaswiss Benefit travailler chez Galvaswiss Postes \u00e0 pourvoir Le travail d&#8217;\u00e9quipe est essentiel. La r\u00e9ussite est plus efficace lorsqu&#8217;elle est partag\u00e9e &#8211; c&#8217;est pourquoi [&hellip;]<\/p>\n","protected":false},"author":1,"featured_media":0,"parent":0,"menu_order":0,"comment_status":"closed","ping_status":"closed","template":"","meta":{"_glsr_average":0,"_glsr_ranking":0,"_glsr_reviews":0,"footnotes":""},"class_list":["post-7189","page","type-page","status-publish","hentry"],"yoast_head":"<!-- This site is optimized with the Yoast SEO plugin v26.9 - https:\/\/yoast.com\/product\/yoast-seo-wordpress\/ -->\n<title>Carri\u00e8re - Galvaswiss AG<\/title>\n<meta name=\"description\" content=\"Envie d&#039;un changement professionnel ou d&#039;une nouvelle carri\u00e8re chez Galvaswiss AG ? Dans notre portail d&#039;emploi, vous trouverez en permanence de nouveaux postes dans nos 4 usines.\" \/>\n<meta name=\"robots\" content=\"index, follow, max-snippet:-1, max-image-preview:large, max-video-preview:-1\" \/>\n<link rel=\"canonical\" href=\"https:\/\/www.galvaswiss.ch\/fr\/?page_id=7189\" \/>\n<meta property=\"og:locale\" content=\"fr_FR\" \/>\n<meta property=\"og:type\" content=\"article\" \/>\n<meta property=\"og:title\" content=\"Carri\u00e8re - Galvaswiss AG\" \/>\n<meta property=\"og:description\" content=\"Envie d&#039;un changement professionnel ou d&#039;une nouvelle carri\u00e8re chez Galvaswiss AG ? Dans notre portail d&#039;emploi, vous trouverez en permanence de nouveaux postes dans nos 4 usines.\" \/>\n<meta property=\"og:url\" content=\"https:\/\/www.galvaswiss.ch\/fr\/?page_id=7189\" \/>\n<meta property=\"og:site_name\" content=\"Galvaswiss AG\" \/>\n<meta property=\"article:modified_time\" content=\"2024-05-07T07:13:39+00:00\" \/>\n<meta property=\"og:image\" content=\"https:\/\/www.galvaswiss.ch\/app\/uploads\/Dragon-rot-240x300.png\" \/>\n<meta name=\"twitter:card\" content=\"summary_large_image\" \/>\n<script type=\"application\/ld+json\" class=\"yoast-schema-graph\">{\"@context\":\"https:\/\/schema.org\",\"@graph\":[{\"@type\":\"WebPage\",\"@id\":\"https:\/\/www.galvaswiss.ch\/fr\/?page_id=7189\",\"url\":\"https:\/\/www.galvaswiss.ch\/fr\/?page_id=7189\",\"name\":\"Carri\u00e8re - Galvaswiss AG\",\"isPartOf\":{\"@id\":\"https:\/\/staging.galvaswiss.zwei14.website\/#website\"},\"primaryImageOfPage\":{\"@id\":\"https:\/\/www.galvaswiss.ch\/fr\/?page_id=7189#primaryimage\"},\"image\":{\"@id\":\"https:\/\/www.galvaswiss.ch\/fr\/?page_id=7189#primaryimage\"},\"thumbnailUrl\":\"https:\/\/www.galvaswiss.ch\/app\/uploads\/Dragon-rot-240x300.png\",\"datePublished\":\"2023-07-10T06:50:15+00:00\",\"dateModified\":\"2024-05-07T07:13:39+00:00\",\"description\":\"Envie d'un changement professionnel ou d'une nouvelle carri\u00e8re chez Galvaswiss AG ? Dans notre portail d'emploi, vous trouverez en permanence de nouveaux postes dans nos 4 usines.\",\"breadcrumb\":{\"@id\":\"https:\/\/www.galvaswiss.ch\/fr\/?page_id=7189#breadcrumb\"},\"inLanguage\":\"fr-FR\",\"potentialAction\":[{\"@type\":\"ReadAction\",\"target\":[\"https:\/\/www.galvaswiss.ch\/fr\/?page_id=7189\"]}]},{\"@type\":\"ImageObject\",\"inLanguage\":\"fr-FR\",\"@id\":\"https:\/\/www.galvaswiss.ch\/fr\/?page_id=7189#primaryimage\",\"url\":\"https:\/\/www.galvaswiss.ch\/app\/uploads\/Dragon-rot-240x300.png\",\"contentUrl\":\"https:\/\/www.galvaswiss.ch\/app\/uploads\/Dragon-rot-240x300.png\"},{\"@type\":\"BreadcrumbList\",\"@id\":\"https:\/\/www.galvaswiss.ch\/fr\/?page_id=7189#breadcrumb\",\"itemListElement\":[{\"@type\":\"ListItem\",\"position\":1,\"name\":\"Home\",\"item\":\"https:\/\/www.galvaswiss.ch\/fr\/\"},{\"@type\":\"ListItem\",\"position\":2,\"name\":\"Carri\u00e8re\"}]},{\"@type\":\"WebSite\",\"@id\":\"https:\/\/staging.galvaswiss.zwei14.website\/#website\",\"url\":\"https:\/\/staging.galvaswiss.zwei14.website\/\",\"name\":\"Galvaswiss AG\",\"description\":\"\",\"publisher\":{\"@id\":\"https:\/\/staging.galvaswiss.zwei14.website\/#organization\"},\"potentialAction\":[{\"@type\":\"SearchAction\",\"target\":{\"@type\":\"EntryPoint\",\"urlTemplate\":\"https:\/\/staging.galvaswiss.zwei14.website\/?s={search_term_string}\"},\"query-input\":{\"@type\":\"PropertyValueSpecification\",\"valueRequired\":true,\"valueName\":\"search_term_string\"}}],\"inLanguage\":\"fr-FR\"},{\"@type\":\"Organization\",\"@id\":\"https:\/\/staging.galvaswiss.zwei14.website\/#organization\",\"name\":\"Galvaswiss AG\",\"url\":\"https:\/\/staging.galvaswiss.zwei14.website\/\",\"logo\":{\"@type\":\"ImageObject\",\"inLanguage\":\"fr-FR\",\"@id\":\"https:\/\/staging.galvaswiss.zwei14.website\/#\/schema\/logo\/image\/\",\"url\":\"https:\/\/www.galvaswiss.ch\/app\/uploads\/galvaswiss_230.svg\",\"contentUrl\":\"https:\/\/www.galvaswiss.ch\/app\/uploads\/galvaswiss_230.svg\",\"width\":230,\"height\":41,\"caption\":\"Galvaswiss AG\"},\"image\":{\"@id\":\"https:\/\/staging.galvaswiss.zwei14.website\/#\/schema\/logo\/image\/\"}}]}<\/script>\n<!-- \/ Yoast SEO plugin. -->","yoast_head_json":{"title":"Carri\u00e8re - Galvaswiss AG","description":"Envie d'un changement professionnel ou d'une nouvelle carri\u00e8re chez Galvaswiss AG ? Dans notre portail d'emploi, vous trouverez en permanence de nouveaux postes dans nos 4 usines.","robots":{"index":"index","follow":"follow","max-snippet":"max-snippet:-1","max-image-preview":"max-image-preview:large","max-video-preview":"max-video-preview:-1"},"canonical":"https:\/\/www.galvaswiss.ch\/fr\/?page_id=7189","og_locale":"fr_FR","og_type":"article","og_title":"Carri\u00e8re - Galvaswiss AG","og_description":"Envie d'un changement professionnel ou d'une nouvelle carri\u00e8re chez Galvaswiss AG ? Dans notre portail d'emploi, vous trouverez en permanence de nouveaux postes dans nos 4 usines.","og_url":"https:\/\/www.galvaswiss.ch\/fr\/?page_id=7189","og_site_name":"Galvaswiss AG","article_modified_time":"2024-05-07T07:13:39+00:00","og_image":[{"url":"https:\/\/www.galvaswiss.ch\/app\/uploads\/Dragon-rot-240x300.png","type":"","width":"","height":""}],"twitter_card":"summary_large_image","schema":{"@context":"https:\/\/schema.org","@graph":[{"@type":"WebPage","@id":"https:\/\/www.galvaswiss.ch\/fr\/?page_id=7189","url":"https:\/\/www.galvaswiss.ch\/fr\/?page_id=7189","name":"Carri\u00e8re - Galvaswiss AG","isPartOf":{"@id":"https:\/\/staging.galvaswiss.zwei14.website\/#website"},"primaryImageOfPage":{"@id":"https:\/\/www.galvaswiss.ch\/fr\/?page_id=7189#primaryimage"},"image":{"@id":"https:\/\/www.galvaswiss.ch\/fr\/?page_id=7189#primaryimage"},"thumbnailUrl":"https:\/\/www.galvaswiss.ch\/app\/uploads\/Dragon-rot-240x300.png","datePublished":"2023-07-10T06:50:15+00:00","dateModified":"2024-05-07T07:13:39+00:00","description":"Envie d'un changement professionnel ou d'une nouvelle carri\u00e8re chez Galvaswiss AG ? Dans notre portail d'emploi, vous trouverez en permanence de nouveaux postes dans nos 4 usines.","breadcrumb":{"@id":"https:\/\/www.galvaswiss.ch\/fr\/?page_id=7189#breadcrumb"},"inLanguage":"fr-FR","potentialAction":[{"@type":"ReadAction","target":["https:\/\/www.galvaswiss.ch\/fr\/?page_id=7189"]}]},{"@type":"ImageObject","inLanguage":"fr-FR","@id":"https:\/\/www.galvaswiss.ch\/fr\/?page_id=7189#primaryimage","url":"https:\/\/www.galvaswiss.ch\/app\/uploads\/Dragon-rot-240x300.png","contentUrl":"https:\/\/www.galvaswiss.ch\/app\/uploads\/Dragon-rot-240x300.png"},{"@type":"BreadcrumbList","@id":"https:\/\/www.galvaswiss.ch\/fr\/?page_id=7189#breadcrumb","itemListElement":[{"@type":"ListItem","position":1,"name":"Home","item":"https:\/\/www.galvaswiss.ch\/fr\/"},{"@type":"ListItem","position":2,"name":"Carri\u00e8re"}]},{"@type":"WebSite","@id":"https:\/\/staging.galvaswiss.zwei14.website\/#website","url":"https:\/\/staging.galvaswiss.zwei14.website\/","name":"Galvaswiss AG","description":"","publisher":{"@id":"https:\/\/staging.galvaswiss.zwei14.website\/#organization"},"potentialAction":[{"@type":"SearchAction","target":{"@type":"EntryPoint","urlTemplate":"https:\/\/staging.galvaswiss.zwei14.website\/?s={search_term_string}"},"query-input":{"@type":"PropertyValueSpecification","valueRequired":true,"valueName":"search_term_string"}}],"inLanguage":"fr-FR"},{"@type":"Organization","@id":"https:\/\/staging.galvaswiss.zwei14.website\/#organization","name":"Galvaswiss AG","url":"https:\/\/staging.galvaswiss.zwei14.website\/","logo":{"@type":"ImageObject","inLanguage":"fr-FR","@id":"https:\/\/staging.galvaswiss.zwei14.website\/#\/schema\/logo\/image\/","url":"https:\/\/www.galvaswiss.ch\/app\/uploads\/galvaswiss_230.svg","contentUrl":"https:\/\/www.galvaswiss.ch\/app\/uploads\/galvaswiss_230.svg","width":230,"height":41,"caption":"Galvaswiss AG"},"image":{"@id":"https:\/\/staging.galvaswiss.zwei14.website\/#\/schema\/logo\/image\/"}}]}},"_links":{"self":[{"href":"https:\/\/www.galvaswiss.ch\/fr\/wp-json\/wp\/v2\/pages\/7189","targetHints":{"allow":["GET"]}}],"collection":[{"href":"https:\/\/www.galvaswiss.ch\/fr\/wp-json\/wp\/v2\/pages"}],"about":[{"href":"https:\/\/www.galvaswiss.ch\/fr\/wp-json\/wp\/v2\/types\/page"}],"author":[{"embeddable":true,"href":"https:\/\/www.galvaswiss.ch\/fr\/wp-json\/wp\/v2\/users\/1"}],"replies":[{"embeddable":true,"href":"https:\/\/www.galvaswiss.ch\/fr\/wp-json\/wp\/v2\/comments?post=7189"}],"version-history":[{"count":2,"href":"https:\/\/www.galvaswiss.ch\/fr\/wp-json\/wp\/v2\/pages\/7189\/revisions"}],"predecessor-version":[{"id":7192,"href":"https:\/\/www.galvaswiss.ch\/fr\/wp-json\/wp\/v2\/pages\/7189\/revisions\/7192"}],"wp:attachment":[{"href":"https:\/\/www.galvaswiss.ch\/fr\/wp-json\/wp\/v2\/media?parent=7189"}],"curies":[{"name":"wp","href":"https:\/\/api.w.org\/{rel}","templated":true}]}}