{"id":7193,"date":"2023-07-05T12:46:51","date_gmt":"2023-07-05T10:46:51","guid":{"rendered":"https:\/\/www.galvaswiss.ch\/construction\/ce-quil-faut-savoir-sur-le-metal\/"},"modified":"2024-11-04T15:39:40","modified_gmt":"2024-11-04T14:39:40","slug":"ce-quil-faut-savoir-sur-le-metal","status":"publish","type":"page","link":"https:\/\/www.galvaswiss.ch\/fr\/construction\/ce-quil-faut-savoir-sur-le-metal\/","title":{"rendered":"Ce qu&#8217;il faut savoir sur le m\u00e9tal"},"content":{"rendered":"\t\t<div data-elementor-type=\"wp-page\" data-elementor-id=\"7193\" class=\"elementor elementor-7193 elementor-1768\" data-elementor-post-type=\"page\">\n\t\t\t\t<div class=\"elementor-element elementor-element-1a3efaa e-con-full e-flex e-con e-parent\" data-id=\"1a3efaa\" data-element_type=\"container\" data-e-type=\"container\" data-settings=\"{&quot;background_background&quot;:&quot;classic&quot;}\">\n\t\t<div class=\"elementor-element elementor-element-185df5b e-flex e-con-boxed e-con e-child\" data-id=\"185df5b\" data-element_type=\"container\" data-e-type=\"container\">\n\t\t\t\t\t<div class=\"e-con-inner\">\n\t\t<div class=\"elementor-element elementor-element-9e3cf13 e-con-full e-flex e-con e-child\" data-id=\"9e3cf13\" data-element_type=\"container\" data-e-type=\"container\">\n\t\t\t\t<div class=\"elementor-element elementor-element-50ed7ba elementor-widget elementor-widget-breadcrumbs\" data-id=\"50ed7ba\" data-element_type=\"widget\" data-e-type=\"widget\" data-widget_type=\"breadcrumbs.default\">\n\t\t\t\t<div class=\"elementor-widget-container\">\n\t\t\t\t\t<div id=\"breadcrumbs\"><span><span><a href=\"https:\/\/www.galvaswiss.ch\/fr\/\">Home<\/a><\/span><\/span><\/div>\t\t\t\t<\/div>\n\t\t\t\t<\/div>\n\t\t\t\t<div class=\"elementor-element elementor-element-3d70bbe elementor-widget elementor-widget-heading\" data-id=\"3d70bbe\" data-element_type=\"widget\" data-e-type=\"widget\" data-widget_type=\"heading.default\">\n\t\t\t\t<div class=\"elementor-widget-container\">\n\t\t\t\t\t<h1 class=\"elementor-heading-title elementor-size-default\">Ce qu'il faut savoir sur le m\u00e9tal<\/h1>\t\t\t\t<\/div>\n\t\t\t\t<\/div>\n\t\t\t\t<\/div>\n\t\t<div class=\"elementor-element elementor-element-a11f311 e-con-full e-flex e-con e-child\" data-id=\"a11f311\" data-element_type=\"container\" data-e-type=\"container\">\n\t\t\t\t<\/div>\n\t\t\t\t\t<\/div>\n\t\t\t\t<\/div>\n\t\t\t\t<\/div>\n\t\t<div class=\"elementor-element elementor-element-1308bb5 e-flex e-con-boxed e-con e-parent\" data-id=\"1308bb5\" data-element_type=\"container\" data-e-type=\"container\" data-settings=\"{&quot;background_background&quot;:&quot;classic&quot;}\">\n\t\t\t\t\t<div class=\"e-con-inner\">\n\t\t<div class=\"elementor-element elementor-element-8f23fb0 e-con-full e-flex e-con e-child\" data-id=\"8f23fb0\" data-element_type=\"container\" data-e-type=\"container\">\n\t\t\t\t<div class=\"elementor-element elementor-element-a45a510 elementor-widget elementor-widget-heading\" data-id=\"a45a510\" data-element_type=\"widget\" data-e-type=\"widget\" data-widget_type=\"heading.default\">\n\t\t\t\t<div class=\"elementor-widget-container\">\n\t\t\t\t\t<h2 class=\"elementor-heading-title elementor-size-default\">Nuances d'acier<\/h2>\t\t\t\t<\/div>\n\t\t\t\t<\/div>\n\t\t\t\t<div class=\"elementor-element elementor-element-df7f94a bordered-button elementor-widget elementor-widget-button\" data-id=\"df7f94a\" data-element_type=\"widget\" data-e-type=\"widget\" data-widget_type=\"button.default\">\n\t\t\t\t<div class=\"elementor-widget-container\">\n\t\t\t\t\t\t\t\t\t<div class=\"elementor-button-wrapper\">\n\t\t\t\t\t<a class=\"elementor-button elementor-button-link elementor-size-md\" href=\"https:\/\/ks-ratgeber.galvaswiss.ch\/fr\/210-211\/index.html\" target=\"_blank\">\n\t\t\t\t\t\t<span class=\"elementor-button-content-wrapper\">\n\t\t\t\t\t\t<span class=\"elementor-button-icon\">\n\t\t\t\t<svg xmlns=\"http:\/\/www.w3.org\/2000\/svg\" width=\"14\" height=\"13\" viewBox=\"0 0 14 13\" fill=\"none\"><path d=\"M12.877 7.18872C13.2578 6.83716 13.2578 6.22192 12.877 5.87036L8.18945 1.18286C7.83789 0.802002 7.22266 0.802002 6.87109 1.18286C6.49023 1.53442 6.49023 2.14966 6.87109 2.50122L9.94727 5.57739H0.982422C0.455078 5.57739 0.0449219 6.01685 0.0449219 6.51489C0.0449219 7.04224 0.455078 7.45239 0.982422 7.45239H9.94727L6.87109 10.5579C6.49023 10.9094 6.49023 11.5247 6.87109 11.8762C7.22266 12.2571 7.83789 12.2571 8.18945 11.8762L12.877 7.18872Z\" fill=\"#DD0016\"><\/path><\/svg>\t\t\t<\/span>\n\t\t\t\t\t\t\t\t\t<span class=\"elementor-button-text\">en savoir plus<\/span>\n\t\t\t\t\t<\/span>\n\t\t\t\t\t<\/a>\n\t\t\t\t<\/div>\n\t\t\t\t\t\t\t\t<\/div>\n\t\t\t\t<\/div>\n\t\t\t\t<\/div>\n\t\t<div class=\"elementor-element elementor-element-a670d38 e-con-full e-flex e-con e-child\" data-id=\"a670d38\" data-element_type=\"container\" data-e-type=\"container\">\n\t\t\t\t<div class=\"elementor-element elementor-element-5a45d27 elementor-widget elementor-widget-heading\" data-id=\"5a45d27\" data-element_type=\"widget\" data-e-type=\"widget\" data-widget_type=\"heading.default\">\n\t\t\t\t<div class=\"elementor-widget-container\">\n\t\t\t\t\t<h2 class=\"elementor-heading-title elementor-size-default\">Symboles pour les produits en acier selon EN 10027-1<\/h2>\t\t\t\t<\/div>\n\t\t\t\t<\/div>\n\t\t\t\t<div class=\"elementor-element elementor-element-55ea5d5 bordered-button elementor-widget elementor-widget-button\" data-id=\"55ea5d5\" data-element_type=\"widget\" data-e-type=\"widget\" data-widget_type=\"button.default\">\n\t\t\t\t<div class=\"elementor-widget-container\">\n\t\t\t\t\t\t\t\t\t<div class=\"elementor-button-wrapper\">\n\t\t\t\t\t<a class=\"elementor-button elementor-button-link elementor-size-md\" href=\"https:\/\/ks-ratgeber.galvaswiss.ch\/fr\/212-213\/index.html\" target=\"_blank\">\n\t\t\t\t\t\t<span class=\"elementor-button-content-wrapper\">\n\t\t\t\t\t\t<span class=\"elementor-button-icon\">\n\t\t\t\t<svg xmlns=\"http:\/\/www.w3.org\/2000\/svg\" width=\"14\" height=\"13\" viewBox=\"0 0 14 13\" fill=\"none\"><path d=\"M12.877 7.18872C13.2578 6.83716 13.2578 6.22192 12.877 5.87036L8.18945 1.18286C7.83789 0.802002 7.22266 0.802002 6.87109 1.18286C6.49023 1.53442 6.49023 2.14966 6.87109 2.50122L9.94727 5.57739H0.982422C0.455078 5.57739 0.0449219 6.01685 0.0449219 6.51489C0.0449219 7.04224 0.455078 7.45239 0.982422 7.45239H9.94727L6.87109 10.5579C6.49023 10.9094 6.49023 11.5247 6.87109 11.8762C7.22266 12.2571 7.83789 12.2571 8.18945 11.8762L12.877 7.18872Z\" fill=\"#DD0016\"><\/path><\/svg>\t\t\t<\/span>\n\t\t\t\t\t\t\t\t\t<span class=\"elementor-button-text\">en savoir plus<\/span>\n\t\t\t\t\t<\/span>\n\t\t\t\t\t<\/a>\n\t\t\t\t<\/div>\n\t\t\t\t\t\t\t\t<\/div>\n\t\t\t\t<\/div>\n\t\t\t\t<\/div>\n\t\t<div class=\"elementor-element elementor-element-ed8ffbe e-con-full e-flex e-con e-child\" data-id=\"ed8ffbe\" data-element_type=\"container\" data-e-type=\"container\">\n\t\t\t\t<div class=\"elementor-element elementor-element-0a8f885 elementor-widget elementor-widget-heading\" data-id=\"0a8f885\" data-element_type=\"widget\" data-e-type=\"widget\" data-widget_type=\"heading.default\">\n\t\t\t\t<div class=\"elementor-widget-container\">\n\t\t\t\t\t<h2 class=\"elementor-heading-title elementor-size-default\">Propri\u00e9t\u00e9s physiques du zinc et de l'acier<\/h2>\t\t\t\t<\/div>\n\t\t\t\t<\/div>\n\t\t\t\t<div class=\"elementor-element elementor-element-892752d bordered-button elementor-widget elementor-widget-button\" data-id=\"892752d\" data-element_type=\"widget\" data-e-type=\"widget\" data-widget_type=\"button.default\">\n\t\t\t\t<div class=\"elementor-widget-container\">\n\t\t\t\t\t\t\t\t\t<div class=\"elementor-button-wrapper\">\n\t\t\t\t\t<a class=\"elementor-button elementor-button-link elementor-size-md\" href=\"https:\/\/www.galvaswiss.ch\/fr\/service\/downloads\/#dast-richtlinie-022\">\n\t\t\t\t\t\t<span class=\"elementor-button-content-wrapper\">\n\t\t\t\t\t\t<span class=\"elementor-button-icon\">\n\t\t\t\t<svg xmlns=\"http:\/\/www.w3.org\/2000\/svg\" width=\"14\" height=\"13\" viewBox=\"0 0 14 13\" fill=\"none\"><path d=\"M12.877 7.18872C13.2578 6.83716 13.2578 6.22192 12.877 5.87036L8.18945 1.18286C7.83789 0.802002 7.22266 0.802002 6.87109 1.18286C6.49023 1.53442 6.49023 2.14966 6.87109 2.50122L9.94727 5.57739H0.982422C0.455078 5.57739 0.0449219 6.01685 0.0449219 6.51489C0.0449219 7.04224 0.455078 7.45239 0.982422 7.45239H9.94727L6.87109 10.5579C6.49023 10.9094 6.49023 11.5247 6.87109 11.8762C7.22266 12.2571 7.83789 12.2571 8.18945 11.8762L12.877 7.18872Z\" fill=\"#DD0016\"><\/path><\/svg>\t\t\t<\/span>\n\t\t\t\t\t\t\t\t\t<span class=\"elementor-button-text\">en savoir plus<\/span>\n\t\t\t\t\t<\/span>\n\t\t\t\t\t<\/a>\n\t\t\t\t<\/div>\n\t\t\t\t\t\t\t\t<\/div>\n\t\t\t\t<\/div>\n\t\t\t\t<\/div>\n\t\t\t\t\t<\/div>\n\t\t\t\t<\/div>\n\t\t<div class=\"elementor-element elementor-element-9e2487f regular-padding e-flex e-con-boxed e-con e-parent\" data-id=\"9e2487f\" data-element_type=\"container\" data-e-type=\"container\" data-settings=\"{&quot;background_background&quot;:&quot;classic&quot;}\">\n\t\t\t\t\t<div class=\"e-con-inner\">\n\t\t<div class=\"elementor-element elementor-element-55b1fca e-con-full col-10 e-flex e-con e-child\" data-id=\"55b1fca\" data-element_type=\"container\" data-e-type=\"container\" data-settings=\"{&quot;background_background&quot;:&quot;classic&quot;}\">\n\t\t<div class=\"elementor-element elementor-element-b76dc2f e-flex e-con-boxed e-con e-child\" data-id=\"b76dc2f\" data-element_type=\"container\" data-e-type=\"container\">\n\t\t\t\t\t<div class=\"e-con-inner\">\n\t\t\t\t<div class=\"elementor-element elementor-element-108d71e elementor-widget elementor-widget-heading\" data-id=\"108d71e\" data-element_type=\"widget\" data-e-type=\"widget\" data-widget_type=\"heading.default\">\n\t\t\t\t<div class=\"elementor-widget-container\">\n\t\t\t\t\t<h3 class=\"elementor-heading-title elementor-size-default\">Vous avez des questions ?<\/h3>\t\t\t\t<\/div>\n\t\t\t\t<\/div>\n\t\t\t\t<div class=\"elementor-element elementor-element-aa74161 elementor-widget elementor-widget-text-editor\" data-id=\"aa74161\" data-element_type=\"widget\" data-e-type=\"widget\" data-widget_type=\"text-editor.default\">\n\t\t\t\t<div class=\"elementor-widget-container\">\n\t\t\t\t\t\t\t\t\t<p>Nos experts du service d&#8217;assistance technique se feront un plaisir de vous aider.<\/p>\n\t\t\t\t\t\t\t\t<\/div>\n\t\t\t\t<\/div>\n\t\t\t\t<div class=\"elementor-element elementor-element-ba4b9a0 bordered-button animated-slow elementor-invisible elementor-widget elementor-widget-button\" data-id=\"ba4b9a0\" data-element_type=\"widget\" data-e-type=\"widget\" data-settings=\"{&quot;_animation&quot;:&quot;fadeInUp&quot;}\" data-widget_type=\"button.default\">\n\t\t\t\t<div class=\"elementor-widget-container\">\n\t\t\t\t\t\t\t\t\t<div class=\"elementor-button-wrapper\">\n\t\t\t\t\t<a class=\"elementor-button elementor-button-link elementor-size-md\" href=\"https:\/\/www.galvaswiss.ch\/fr\/?page_id=7126\">\n\t\t\t\t\t\t<span class=\"elementor-button-content-wrapper\">\n\t\t\t\t\t\t<span class=\"elementor-button-icon\">\n\t\t\t\t<svg xmlns=\"http:\/\/www.w3.org\/2000\/svg\" width=\"14\" height=\"13\" viewBox=\"0 0 14 13\" fill=\"none\"><path d=\"M12.877 7.18872C13.2578 6.83716 13.2578 6.22192 12.877 5.87036L8.18945 1.18286C7.83789 0.802002 7.22266 0.802002 6.87109 1.18286C6.49023 1.53442 6.49023 2.14966 6.87109 2.50122L9.94727 5.57739H0.982422C0.455078 5.57739 0.0449219 6.01685 0.0449219 6.51489C0.0449219 7.04224 0.455078 7.45239 0.982422 7.45239H9.94727L6.87109 10.5579C6.49023 10.9094 6.49023 11.5247 6.87109 11.8762C7.22266 12.2571 7.83789 12.2571 8.18945 11.8762L12.877 7.18872Z\" fill=\"#DD0016\"><\/path><\/svg>\t\t\t<\/span>\n\t\t\t\t\t\t\t\t\t<span class=\"elementor-button-text\">Vers la page de contact<\/span>\n\t\t\t\t\t<\/span>\n\t\t\t\t\t<\/a>\n\t\t\t\t<\/div>\n\t\t\t\t\t\t\t\t<\/div>\n\t\t\t\t<\/div>\n\t\t\t\t\t<\/div>\n\t\t\t\t<\/div>\n\t\t<div class=\"elementor-element elementor-element-eb4febf e-flex e-con-boxed e-con e-child\" data-id=\"eb4febf\" data-element_type=\"container\" data-e-type=\"container\">\n\t\t\t\t\t<div class=\"e-con-inner\">\n\t\t\t\t<div class=\"elementor-element elementor-element-1c06789 elementor-widget elementor-widget-image\" data-id=\"1c06789\" data-element_type=\"widget\" data-e-type=\"widget\" data-widget_type=\"image.default\">\n\t\t\t\t<div class=\"elementor-widget-container\">\n\t\t\t\t\t\t\t\t\t\t\t\t\t\t\t<img decoding=\"async\" src=\"https:\/\/www.galvaswiss.ch\/app\/uploads\/speach_bubbles.svg\" class=\"attachment-full size-full wp-image-6709\" alt=\"\" \/>\t\t\t\t\t\t\t\t\t\t\t\t\t\t\t<\/div>\n\t\t\t\t<\/div>\n\t\t\t\t\t<\/div>\n\t\t\t\t<\/div>\n\t\t\t\t<\/div>\n\t\t\t\t\t<\/div>\n\t\t\t\t<\/div>\n\t\t\t\t<\/div>\n\t\t","protected":false},"excerpt":{"rendered":"<p>Ce qu&#8217;il faut savoir sur le m\u00e9tal Nuances d&#8217;acier en savoir plus Symboles pour les produits en acier selon EN 10027-1 en savoir plus Propri\u00e9t\u00e9s physiques du zinc et de l&#8217;acier en savoir plus Vous avez des questions ? Nos experts du service d&#8217;assistance technique se feront un plaisir de vous aider. Vers la page [&hellip;]<\/p>\n","protected":false},"author":1,"featured_media":0,"parent":7110,"menu_order":0,"comment_status":"closed","ping_status":"closed","template":"","meta":{"_glsr_average":0,"_glsr_ranking":0,"_glsr_reviews":0,"footnotes":""},"class_list":["post-7193","page","type-page","status-publish","hentry"],"yoast_head":"<!-- This site is optimized with the Yoast SEO plugin v26.9 - https:\/\/yoast.com\/product\/yoast-seo-wordpress\/ -->\n<title>Ce qu&#039;il faut savoir sur le m\u00e9tal - Galvaswiss AG<\/title>\n<meta name=\"description\" content=\"Produits en aciers de construction non alli\u00e9s selon DIN EN 10025-2\" \/>\n<meta name=\"robots\" content=\"index, follow, max-snippet:-1, max-image-preview:large, max-video-preview:-1\" \/>\n<link rel=\"canonical\" href=\"https:\/\/www.galvaswiss.ch\/fr\/construction\/ce-quil-faut-savoir-sur-le-metal\/\" \/>\n<meta property=\"og:locale\" content=\"fr_FR\" \/>\n<meta property=\"og:type\" content=\"article\" \/>\n<meta property=\"og:title\" content=\"Ce qu&#039;il faut savoir sur le m\u00e9tal - Galvaswiss AG\" \/>\n<meta property=\"og:description\" content=\"Produits en aciers de construction non alli\u00e9s selon DIN EN 10025-2\" \/>\n<meta property=\"og:url\" content=\"https:\/\/www.galvaswiss.ch\/fr\/construction\/ce-quil-faut-savoir-sur-le-metal\/\" \/>\n<meta property=\"og:site_name\" content=\"Galvaswiss AG\" \/>\n<meta property=\"article:modified_time\" content=\"2024-11-04T14:39:40+00:00\" \/>\n<meta property=\"og:image\" content=\"https:\/\/www.galvaswiss.ch\/app\/uploads\/speach_bubbles.svg\" \/>\n<meta name=\"twitter:card\" content=\"summary_large_image\" \/>\n<script type=\"application\/ld+json\" class=\"yoast-schema-graph\">{\"@context\":\"https:\/\/schema.org\",\"@graph\":[{\"@type\":\"WebPage\",\"@id\":\"https:\/\/www.galvaswiss.ch\/fr\/construction\/ce-quil-faut-savoir-sur-le-metal\/\",\"url\":\"https:\/\/www.galvaswiss.ch\/fr\/construction\/ce-quil-faut-savoir-sur-le-metal\/\",\"name\":\"Ce qu'il faut savoir sur le m\u00e9tal - Galvaswiss AG\",\"isPartOf\":{\"@id\":\"https:\/\/staging.galvaswiss.zwei14.website\/#website\"},\"primaryImageOfPage\":{\"@id\":\"https:\/\/www.galvaswiss.ch\/fr\/construction\/ce-quil-faut-savoir-sur-le-metal\/#primaryimage\"},\"image\":{\"@id\":\"https:\/\/www.galvaswiss.ch\/fr\/construction\/ce-quil-faut-savoir-sur-le-metal\/#primaryimage\"},\"thumbnailUrl\":\"https:\/\/www.galvaswiss.ch\/app\/uploads\/speach_bubbles.svg\",\"datePublished\":\"2023-07-05T10:46:51+00:00\",\"dateModified\":\"2024-11-04T14:39:40+00:00\",\"description\":\"Produits en aciers de construction non alli\u00e9s selon DIN EN 10025-2\",\"breadcrumb\":{\"@id\":\"https:\/\/www.galvaswiss.ch\/fr\/construction\/ce-quil-faut-savoir-sur-le-metal\/#breadcrumb\"},\"inLanguage\":\"fr-FR\",\"potentialAction\":[{\"@type\":\"ReadAction\",\"target\":[\"https:\/\/www.galvaswiss.ch\/fr\/construction\/ce-quil-faut-savoir-sur-le-metal\/\"]}]},{\"@type\":\"ImageObject\",\"inLanguage\":\"fr-FR\",\"@id\":\"https:\/\/www.galvaswiss.ch\/fr\/construction\/ce-quil-faut-savoir-sur-le-metal\/#primaryimage\",\"url\":\"https:\/\/www.galvaswiss.ch\/app\/uploads\/speach_bubbles.svg\",\"contentUrl\":\"https:\/\/www.galvaswiss.ch\/app\/uploads\/speach_bubbles.svg\"},{\"@type\":\"BreadcrumbList\",\"@id\":\"https:\/\/www.galvaswiss.ch\/fr\/construction\/ce-quil-faut-savoir-sur-le-metal\/#breadcrumb\",\"itemListElement\":[{\"@type\":\"ListItem\",\"position\":1,\"name\":\"Home\",\"item\":\"https:\/\/www.galvaswiss.ch\/fr\/\"},{\"@type\":\"ListItem\",\"position\":2,\"name\":\"Construction\",\"item\":\"https:\/\/www.galvaswiss.ch\/fr\/construction\/\"},{\"@type\":\"ListItem\",\"position\":3,\"name\":\"Ce qu&#8217;il faut savoir sur le m\u00e9tal\"}]},{\"@type\":\"WebSite\",\"@id\":\"https:\/\/staging.galvaswiss.zwei14.website\/#website\",\"url\":\"https:\/\/staging.galvaswiss.zwei14.website\/\",\"name\":\"Galvaswiss AG\",\"description\":\"\",\"publisher\":{\"@id\":\"https:\/\/staging.galvaswiss.zwei14.website\/#organization\"},\"potentialAction\":[{\"@type\":\"SearchAction\",\"target\":{\"@type\":\"EntryPoint\",\"urlTemplate\":\"https:\/\/staging.galvaswiss.zwei14.website\/?s={search_term_string}\"},\"query-input\":{\"@type\":\"PropertyValueSpecification\",\"valueRequired\":true,\"valueName\":\"search_term_string\"}}],\"inLanguage\":\"fr-FR\"},{\"@type\":\"Organization\",\"@id\":\"https:\/\/staging.galvaswiss.zwei14.website\/#organization\",\"name\":\"Galvaswiss AG\",\"url\":\"https:\/\/staging.galvaswiss.zwei14.website\/\",\"logo\":{\"@type\":\"ImageObject\",\"inLanguage\":\"fr-FR\",\"@id\":\"https:\/\/staging.galvaswiss.zwei14.website\/#\/schema\/logo\/image\/\",\"url\":\"https:\/\/www.galvaswiss.ch\/app\/uploads\/galvaswiss_230.svg\",\"contentUrl\":\"https:\/\/www.galvaswiss.ch\/app\/uploads\/galvaswiss_230.svg\",\"width\":230,\"height\":41,\"caption\":\"Galvaswiss AG\"},\"image\":{\"@id\":\"https:\/\/staging.galvaswiss.zwei14.website\/#\/schema\/logo\/image\/\"}}]}<\/script>\n<!-- \/ Yoast SEO plugin. -->","yoast_head_json":{"title":"Ce qu'il faut savoir sur le m\u00e9tal - Galvaswiss AG","description":"Produits en aciers de construction non alli\u00e9s selon DIN EN 10025-2","robots":{"index":"index","follow":"follow","max-snippet":"max-snippet:-1","max-image-preview":"max-image-preview:large","max-video-preview":"max-video-preview:-1"},"canonical":"https:\/\/www.galvaswiss.ch\/fr\/construction\/ce-quil-faut-savoir-sur-le-metal\/","og_locale":"fr_FR","og_type":"article","og_title":"Ce qu'il faut savoir sur le m\u00e9tal - Galvaswiss AG","og_description":"Produits en aciers de construction non alli\u00e9s selon DIN EN 10025-2","og_url":"https:\/\/www.galvaswiss.ch\/fr\/construction\/ce-quil-faut-savoir-sur-le-metal\/","og_site_name":"Galvaswiss AG","article_modified_time":"2024-11-04T14:39:40+00:00","og_image":[{"url":"https:\/\/www.galvaswiss.ch\/app\/uploads\/speach_bubbles.svg","type":"","width":"","height":""}],"twitter_card":"summary_large_image","schema":{"@context":"https:\/\/schema.org","@graph":[{"@type":"WebPage","@id":"https:\/\/www.galvaswiss.ch\/fr\/construction\/ce-quil-faut-savoir-sur-le-metal\/","url":"https:\/\/www.galvaswiss.ch\/fr\/construction\/ce-quil-faut-savoir-sur-le-metal\/","name":"Ce qu'il faut savoir sur le m\u00e9tal - Galvaswiss AG","isPartOf":{"@id":"https:\/\/staging.galvaswiss.zwei14.website\/#website"},"primaryImageOfPage":{"@id":"https:\/\/www.galvaswiss.ch\/fr\/construction\/ce-quil-faut-savoir-sur-le-metal\/#primaryimage"},"image":{"@id":"https:\/\/www.galvaswiss.ch\/fr\/construction\/ce-quil-faut-savoir-sur-le-metal\/#primaryimage"},"thumbnailUrl":"https:\/\/www.galvaswiss.ch\/app\/uploads\/speach_bubbles.svg","datePublished":"2023-07-05T10:46:51+00:00","dateModified":"2024-11-04T14:39:40+00:00","description":"Produits en aciers de construction non alli\u00e9s selon DIN EN 10025-2","breadcrumb":{"@id":"https:\/\/www.galvaswiss.ch\/fr\/construction\/ce-quil-faut-savoir-sur-le-metal\/#breadcrumb"},"inLanguage":"fr-FR","potentialAction":[{"@type":"ReadAction","target":["https:\/\/www.galvaswiss.ch\/fr\/construction\/ce-quil-faut-savoir-sur-le-metal\/"]}]},{"@type":"ImageObject","inLanguage":"fr-FR","@id":"https:\/\/www.galvaswiss.ch\/fr\/construction\/ce-quil-faut-savoir-sur-le-metal\/#primaryimage","url":"https:\/\/www.galvaswiss.ch\/app\/uploads\/speach_bubbles.svg","contentUrl":"https:\/\/www.galvaswiss.ch\/app\/uploads\/speach_bubbles.svg"},{"@type":"BreadcrumbList","@id":"https:\/\/www.galvaswiss.ch\/fr\/construction\/ce-quil-faut-savoir-sur-le-metal\/#breadcrumb","itemListElement":[{"@type":"ListItem","position":1,"name":"Home","item":"https:\/\/www.galvaswiss.ch\/fr\/"},{"@type":"ListItem","position":2,"name":"Construction","item":"https:\/\/www.galvaswiss.ch\/fr\/construction\/"},{"@type":"ListItem","position":3,"name":"Ce qu&#8217;il faut savoir sur le m\u00e9tal"}]},{"@type":"WebSite","@id":"https:\/\/staging.galvaswiss.zwei14.website\/#website","url":"https:\/\/staging.galvaswiss.zwei14.website\/","name":"Galvaswiss AG","description":"","publisher":{"@id":"https:\/\/staging.galvaswiss.zwei14.website\/#organization"},"potentialAction":[{"@type":"SearchAction","target":{"@type":"EntryPoint","urlTemplate":"https:\/\/staging.galvaswiss.zwei14.website\/?s={search_term_string}"},"query-input":{"@type":"PropertyValueSpecification","valueRequired":true,"valueName":"search_term_string"}}],"inLanguage":"fr-FR"},{"@type":"Organization","@id":"https:\/\/staging.galvaswiss.zwei14.website\/#organization","name":"Galvaswiss AG","url":"https:\/\/staging.galvaswiss.zwei14.website\/","logo":{"@type":"ImageObject","inLanguage":"fr-FR","@id":"https:\/\/staging.galvaswiss.zwei14.website\/#\/schema\/logo\/image\/","url":"https:\/\/www.galvaswiss.ch\/app\/uploads\/galvaswiss_230.svg","contentUrl":"https:\/\/www.galvaswiss.ch\/app\/uploads\/galvaswiss_230.svg","width":230,"height":41,"caption":"Galvaswiss AG"},"image":{"@id":"https:\/\/staging.galvaswiss.zwei14.website\/#\/schema\/logo\/image\/"}}]}},"_links":{"self":[{"href":"https:\/\/www.galvaswiss.ch\/fr\/wp-json\/wp\/v2\/pages\/7193","targetHints":{"allow":["GET"]}}],"collection":[{"href":"https:\/\/www.galvaswiss.ch\/fr\/wp-json\/wp\/v2\/pages"}],"about":[{"href":"https:\/\/www.galvaswiss.ch\/fr\/wp-json\/wp\/v2\/types\/page"}],"author":[{"embeddable":true,"href":"https:\/\/www.galvaswiss.ch\/fr\/wp-json\/wp\/v2\/users\/1"}],"replies":[{"embeddable":true,"href":"https:\/\/www.galvaswiss.ch\/fr\/wp-json\/wp\/v2\/comments?post=7193"}],"version-history":[{"count":11,"href":"https:\/\/www.galvaswiss.ch\/fr\/wp-json\/wp\/v2\/pages\/7193\/revisions"}],"predecessor-version":[{"id":7738,"href":"https:\/\/www.galvaswiss.ch\/fr\/wp-json\/wp\/v2\/pages\/7193\/revisions\/7738"}],"up":[{"embeddable":true,"href":"https:\/\/www.galvaswiss.ch\/fr\/wp-json\/wp\/v2\/pages\/7110"}],"wp:attachment":[{"href":"https:\/\/www.galvaswiss.ch\/fr\/wp-json\/wp\/v2\/media?parent=7193"}],"curies":[{"name":"wp","href":"https:\/\/api.w.org\/{rel}","templated":true}]}}