{"id":7202,"date":"2023-08-29T12:57:27","date_gmt":"2023-08-29T10:57:27","guid":{"rendered":"https:\/\/www.galvaswiss.ch\/commander-le-livre-ks-ratgeber\/"},"modified":"2024-05-07T09:13:43","modified_gmt":"2024-05-07T07:13:43","slug":"commander-le-livre-ks-ratgeber","status":"publish","type":"page","link":"https:\/\/www.galvaswiss.ch\/fr\/commander-le-livre-ks-ratgeber\/","title":{"rendered":"Commander le livre Ks Ratgeber"},"content":{"rendered":"\t\t<div data-elementor-type=\"wp-page\" data-elementor-id=\"7202\" class=\"elementor elementor-7202 elementor-3101\" data-elementor-post-type=\"page\">\n\t\t\t\t<div class=\"elementor-element elementor-element-ca61f25 e-con-full e-flex e-con e-parent\" data-id=\"ca61f25\" data-element_type=\"container\" data-e-type=\"container\" data-settings=\"{&quot;background_background&quot;:&quot;classic&quot;}\">\n\t\t<div class=\"elementor-element elementor-element-9e19365 e-flex e-con-boxed e-con e-child\" data-id=\"9e19365\" data-element_type=\"container\" data-e-type=\"container\">\n\t\t\t\t\t<div class=\"e-con-inner\">\n\t\t<div class=\"elementor-element elementor-element-f676af4 e-flex e-con-boxed e-con e-child\" data-id=\"f676af4\" data-element_type=\"container\" data-e-type=\"container\">\n\t\t\t\t\t<div class=\"e-con-inner\">\n\t\t\t\t<div class=\"elementor-element elementor-element-42eb925 elementor-widget elementor-widget-breadcrumbs\" data-id=\"42eb925\" data-element_type=\"widget\" data-e-type=\"widget\" data-widget_type=\"breadcrumbs.default\">\n\t\t\t\t<div class=\"elementor-widget-container\">\n\t\t\t\t\t<div id=\"breadcrumbs\"><span><span><a href=\"https:\/\/www.galvaswiss.ch\/fr\/\">Home<\/a><\/span><\/span><\/div>\t\t\t\t<\/div>\n\t\t\t\t<\/div>\n\t\t\t\t<div class=\"elementor-element elementor-element-dab178d elementor-widget elementor-widget-heading\" data-id=\"dab178d\" data-element_type=\"widget\" data-e-type=\"widget\" data-widget_type=\"heading.default\">\n\t\t\t\t<div class=\"elementor-widget-container\">\n\t\t\t\t\t<h1 class=\"elementor-heading-title elementor-size-default\">Formulaire de commande de livre Ks<\/h1>\t\t\t\t<\/div>\n\t\t\t\t<\/div>\n\t\t\t\t\t<\/div>\n\t\t\t\t<\/div>\n\t\t<div class=\"elementor-element elementor-element-67998df e-flex e-con-boxed e-con e-child\" data-id=\"67998df\" data-element_type=\"container\" data-e-type=\"container\">\n\t\t\t\t\t<div class=\"e-con-inner\">\n\t\t\t\t\t<\/div>\n\t\t\t\t<\/div>\n\t\t\t\t\t<\/div>\n\t\t\t\t<\/div>\n\t\t\t\t<\/div>\n\t\t<div class=\"elementor-element elementor-element-e968791 regular-padding e-flex e-con-boxed e-con e-parent\" data-id=\"e968791\" data-element_type=\"container\" data-e-type=\"container\">\n\t\t\t\t\t<div class=\"e-con-inner\">\n\t\t<div class=\"elementor-element elementor-element-cd877c4 e-con-full e-flex e-con e-child\" data-id=\"cd877c4\" data-element_type=\"container\" data-e-type=\"container\">\n\t\t\t\t<div class=\"elementor-element elementor-element-0ff84a5 elementor-widget elementor-widget-heading\" data-id=\"0ff84a5\" data-element_type=\"widget\" data-e-type=\"widget\" data-widget_type=\"heading.default\">\n\t\t\t\t<div class=\"elementor-widget-container\">\n\t\t\t\t\t<h2 class=\"elementor-heading-title elementor-size-default\">Commandez d\u00e8s maintenant notre livre de conseils Ks<br><\/h2>\t\t\t\t<\/div>\n\t\t\t\t<\/div>\n\t\t\t\t<div class=\"elementor-element elementor-element-71107f6 elementor-widget elementor-widget-text-editor\" data-id=\"71107f6\" data-element_type=\"widget\" data-e-type=\"widget\" data-widget_type=\"text-editor.default\">\n\t\t\t\t<div class=\"elementor-widget-container\">\n\t\t\t\t\t\t\t\t\t<p>Guide sur la protection contre la corrosion, la galvanisation \u00e0 chaud, le rev\u00eatement et le m\u00e9tal<\/p>\n\t\t\t\t\t\t\t\t<\/div>\n\t\t\t\t<\/div>\n\t\t\t\t<\/div>\n\t\t<div class=\"elementor-element elementor-element-344ce69 e-con-full e-flex e-con e-child\" data-id=\"344ce69\" data-element_type=\"container\" data-e-type=\"container\">\n\t\t\t\t<div class=\"elementor-element elementor-element-dc6db73 elementor-widget elementor-widget-shortcode\" data-id=\"dc6db73\" data-element_type=\"widget\" data-e-type=\"widget\" data-widget_type=\"shortcode.default\">\n\t\t\t\t<div class=\"elementor-widget-container\">\n\t\t\t\t\t\t\t<div class=\"elementor-shortcode\">\n<div class=\"wpcf7 no-js\" id=\"wpcf7-f1337-o1\" lang=\"de-DE\" dir=\"ltr\" data-wpcf7-id=\"1337\">\n<div class=\"screen-reader-response\"><p role=\"status\" aria-live=\"polite\" aria-atomic=\"true\"><\/p> <ul><\/ul><\/div>\n<form action=\"\/fr\/wp-json\/wp\/v2\/pages\/7202#wpcf7-f1337-o1\" method=\"post\" class=\"wpcf7-form init\" aria-label=\"Formulaire de contact\" novalidate=\"novalidate\" data-status=\"init\">\n<fieldset class=\"hidden-fields-container\"><input type=\"hidden\" name=\"_wpcf7\" value=\"1337\" \/><input type=\"hidden\" name=\"_wpcf7_version\" value=\"6.1.4\" \/><input type=\"hidden\" name=\"_wpcf7_locale\" value=\"de_DE\" \/><input type=\"hidden\" name=\"_wpcf7_unit_tag\" value=\"wpcf7-f1337-o1\" \/><input type=\"hidden\" name=\"_wpcf7_container_post\" value=\"0\" \/><input type=\"hidden\" name=\"_wpcf7_posted_data_hash\" value=\"\" \/>\n<\/fieldset>\n<p><label> Firma*<br \/>\n<span class=\"wpcf7-form-control-wrap\" data-name=\"company\"><input size=\"40\" maxlength=\"400\" class=\"wpcf7-form-control wpcf7-text wpcf7-validates-as-required\" aria-required=\"true\" aria-invalid=\"false\" value=\"\" type=\"text\" name=\"company\" \/><\/span> <\/label>\n<\/p>\n<p><label> Vor- und Nachname*<br \/>\n<span class=\"wpcf7-form-control-wrap\" data-name=\"fullname\"><input size=\"40\" maxlength=\"400\" class=\"wpcf7-form-control wpcf7-text wpcf7-validates-as-required\" autocomplete=\"name\" aria-required=\"true\" aria-invalid=\"false\" value=\"\" type=\"text\" name=\"fullname\" \/><\/span> <\/label>\n<\/p>\n<p><label> Strasse + Haus Nr.*<br \/>\n<span class=\"wpcf7-form-control-wrap\" data-name=\"street\"><input size=\"40\" maxlength=\"400\" class=\"wpcf7-form-control wpcf7-text wpcf7-validates-as-required\" aria-required=\"true\" aria-invalid=\"false\" value=\"\" type=\"text\" name=\"street\" \/><\/span> <\/label>\n<\/p>\n<p><label> PLZ, Stadt*<br \/>\n<span class=\"wpcf7-form-control-wrap\" data-name=\"city\"><input size=\"40\" maxlength=\"400\" class=\"wpcf7-form-control wpcf7-text wpcf7-validates-as-required\" aria-required=\"true\" aria-invalid=\"false\" value=\"\" type=\"text\" name=\"city\" \/><\/span> <\/label>\n<\/p>\n<p><label> E-Mail*<br \/>\n<span class=\"wpcf7-form-control-wrap\" data-name=\"email\"><input size=\"40\" maxlength=\"400\" class=\"wpcf7-form-control wpcf7-email wpcf7-validates-as-required wpcf7-text wpcf7-validates-as-email\" autocomplete=\"email\" aria-required=\"true\" aria-invalid=\"false\" value=\"\" type=\"email\" name=\"email\" \/><\/span> <\/label>\n<\/p>\n<p><label> Telefon<br \/>\n<span class=\"wpcf7-form-control-wrap\" data-name=\"telephone\"><input size=\"40\" maxlength=\"400\" class=\"wpcf7-form-control wpcf7-tel wpcf7-text wpcf7-validates-as-tel\" aria-invalid=\"false\" value=\"\" type=\"tel\" name=\"telephone\" \/><\/span> <\/label>\n<\/p>\n<p><label> Anzahl*<br \/>\n<span class=\"wpcf7-form-control-wrap\" data-name=\"amount\"><input class=\"wpcf7-form-control wpcf7-number wpcf7-validates-as-required wpcf7-validates-as-number\" min=\"1\" aria-required=\"true\" aria-invalid=\"false\" value=\"\" type=\"number\" name=\"amount\" \/><\/span> <\/label>\n<\/p>\n<p><label> Mitteilung<br \/>\n<span class=\"wpcf7-form-control-wrap\" data-name=\"message\"><textarea cols=\"40\" rows=\"10\" maxlength=\"2000\" class=\"wpcf7-form-control wpcf7-textarea\" aria-invalid=\"false\" name=\"message\"><\/textarea><\/span> <\/label>\n<\/p>\n<p><span class=\"wpcf7-form-control-wrap\" data-name=\"acceptance-contact\"><span class=\"wpcf7-form-control wpcf7-acceptance\"><span class=\"wpcf7-list-item\"><label><input type=\"checkbox\" name=\"acceptance-contact\" value=\"1\" aria-invalid=\"false\" \/><span class=\"wpcf7-list-item-label\">Mit dem Absenden akzeptieren Sie die <a class=\"underline-link\" href=\"\/datenschutz\" target=\"_blank\">Datenschutzbestimmungen<\/a>.<\/span><\/label><\/span><\/span><\/span>\n<\/p>\n<p><div class=\"altcha-widget-wrap\"><altcha-widget challengeurl=\"https:\/\/www.galvaswiss.ch\/fr\/wp-json\/altcha\/v1\/challenge\" strings=\"{&quot;error&quot;:&quot;La v\\u00e9rification a \\u00e9chou\\u00e9. R\\u00e9essayez plus tard.&quot;,&quot;footer&quot;:&quot;Prot\\u00e9g\\u00e9 par &lt;a href=\\&quot;https:\\\/\\\/altcha.org\\\/\\&quot; target=\\&quot;_blank\\&quot;&gt;ALTCHA&lt;\\\/a&gt;&quot;,&quot;label&quot;:&quot;Je ne suis pas un robot&quot;,&quot;verified&quot;:&quot;V\\u00e9rifi\\u00e9&quot;,&quot;verifying&quot;:&quot;V\\u00e9rification en cours...&quot;,&quot;waitAlert&quot;:&quot;V\\u00e9rification en cours... veuillez patienter.&quot;}\" hidelogo=\"1\" hidefooter=\"1\"><\/altcha-widget><noscript><div class=\"altcha-no-javascript\">This form requires JavaScript!<\/div><\/noscript><\/div>\n<\/p>\n<div class=\"submit-input disabled\">\n\t<p><svg width=\"17\" height=\"16\" viewBox=\"0 0 17 16\" fill=\"none\" xmlns=\"http:\/\/www.w3.org\/2000\/svg\">\n<path d=\"M15.5898 1.05078C15.8828 1.25586 16.0293 1.60742 15.9707 1.95898L14.0957 14.1465C14.0664 14.4395 13.8906 14.6738 13.627 14.8203C13.3926 14.9668 13.0703 14.9961 12.8066 14.8789L9.11523 13.3262L7.94336 15.5234C7.79688 15.8164 7.44531 15.9336 7.15234 15.875C6.83008 15.7871 6.625 15.4941 6.625 15.1719V12.3594C6.625 12.2129 6.6543 12.0664 6.77148 11.9492L11.6055 5.70898C11.6641 5.50391 11.4004 5.29883 11.2246 5.47461L5.98047 10.2207L5.04297 11.0703C4.7793 11.3047 4.39844 11.3633 4.04688 11.2168L1.55664 10.1914C1.23438 10.0449 1 9.75195 1 9.37109C0.970703 9.01953 1.14648 8.69727 1.46875 8.52148L14.5938 1.02148C14.8867 0.845703 15.2969 0.845703 15.5898 1.05078Z\" fill=\"#DD0016\"\/>\n<\/svg><input class=\"wpcf7-form-control wpcf7-submit has-spinner\" type=\"submit\" value=\"Bestellen\" \/>\n\t<\/p>\n<\/div><div class=\"wpcf7-response-output\" aria-hidden=\"true\"><\/div>\n<\/form>\n<\/div>\n<\/div>\n\t\t\t\t\t\t<\/div>\n\t\t\t\t<\/div>\n\t\t\t\t<\/div>\n\t\t\t\t\t<\/div>\n\t\t\t\t<\/div>\n\t\t\t\t<\/div>\n\t\t","protected":false},"excerpt":{"rendered":"<p>Formulaire de commande de livre Ks Commandez d\u00e8s maintenant notre livre de conseils Ks Guide sur la protection contre la corrosion, la galvanisation \u00e0 chaud, le rev\u00eatement et le m\u00e9tal<\/p>\n","protected":false},"author":1,"featured_media":0,"parent":0,"menu_order":0,"comment_status":"closed","ping_status":"closed","template":"","meta":{"_glsr_average":0,"_glsr_ranking":0,"_glsr_reviews":0,"footnotes":""},"class_list":["post-7202","page","type-page","status-publish","hentry"],"yoast_head":"<!-- This site is optimized with the Yoast SEO plugin v26.9 - https:\/\/yoast.com\/product\/yoast-seo-wordpress\/ -->\n<title>Commander le livre Ks Ratgeber - Galvaswiss AG<\/title>\n<meta name=\"robots\" content=\"index, follow, max-snippet:-1, max-image-preview:large, max-video-preview:-1\" \/>\n<link rel=\"canonical\" href=\"https:\/\/www.galvaswiss.ch\/fr\/?page_id=7202\" \/>\n<meta property=\"og:locale\" content=\"fr_FR\" \/>\n<meta property=\"og:type\" content=\"article\" \/>\n<meta property=\"og:title\" content=\"Commander le livre Ks Ratgeber - Galvaswiss AG\" \/>\n<meta property=\"og:description\" content=\"Formulaire de commande de livre Ks Commandez d\u00e8s maintenant notre livre de conseils Ks Guide sur la protection contre la corrosion, la galvanisation \u00e0 chaud, le rev\u00eatement et le m\u00e9tal\" \/>\n<meta property=\"og:url\" content=\"https:\/\/www.galvaswiss.ch\/fr\/?page_id=7202\" \/>\n<meta property=\"og:site_name\" content=\"Galvaswiss AG\" \/>\n<meta property=\"article:modified_time\" content=\"2024-05-07T07:13:43+00:00\" \/>\n<meta name=\"twitter:card\" content=\"summary_large_image\" \/>\n<script type=\"application\/ld+json\" class=\"yoast-schema-graph\">{\"@context\":\"https:\/\/schema.org\",\"@graph\":[{\"@type\":\"WebPage\",\"@id\":\"https:\/\/www.galvaswiss.ch\/fr\/?page_id=7202\",\"url\":\"https:\/\/www.galvaswiss.ch\/fr\/?page_id=7202\",\"name\":\"Commander le livre Ks Ratgeber - Galvaswiss AG\",\"isPartOf\":{\"@id\":\"https:\/\/staging.galvaswiss.zwei14.website\/#website\"},\"datePublished\":\"2023-08-29T10:57:27+00:00\",\"dateModified\":\"2024-05-07T07:13:43+00:00\",\"breadcrumb\":{\"@id\":\"https:\/\/www.galvaswiss.ch\/fr\/?page_id=7202#breadcrumb\"},\"inLanguage\":\"fr-FR\",\"potentialAction\":[{\"@type\":\"ReadAction\",\"target\":[\"https:\/\/www.galvaswiss.ch\/fr\/?page_id=7202\"]}]},{\"@type\":\"BreadcrumbList\",\"@id\":\"https:\/\/www.galvaswiss.ch\/fr\/?page_id=7202#breadcrumb\",\"itemListElement\":[{\"@type\":\"ListItem\",\"position\":1,\"name\":\"Home\",\"item\":\"https:\/\/www.galvaswiss.ch\/fr\/\"},{\"@type\":\"ListItem\",\"position\":2,\"name\":\"Commander le livre Ks Ratgeber\"}]},{\"@type\":\"WebSite\",\"@id\":\"https:\/\/staging.galvaswiss.zwei14.website\/#website\",\"url\":\"https:\/\/staging.galvaswiss.zwei14.website\/\",\"name\":\"Galvaswiss AG\",\"description\":\"\",\"publisher\":{\"@id\":\"https:\/\/staging.galvaswiss.zwei14.website\/#organization\"},\"potentialAction\":[{\"@type\":\"SearchAction\",\"target\":{\"@type\":\"EntryPoint\",\"urlTemplate\":\"https:\/\/staging.galvaswiss.zwei14.website\/?s={search_term_string}\"},\"query-input\":{\"@type\":\"PropertyValueSpecification\",\"valueRequired\":true,\"valueName\":\"search_term_string\"}}],\"inLanguage\":\"fr-FR\"},{\"@type\":\"Organization\",\"@id\":\"https:\/\/staging.galvaswiss.zwei14.website\/#organization\",\"name\":\"Galvaswiss AG\",\"url\":\"https:\/\/staging.galvaswiss.zwei14.website\/\",\"logo\":{\"@type\":\"ImageObject\",\"inLanguage\":\"fr-FR\",\"@id\":\"https:\/\/staging.galvaswiss.zwei14.website\/#\/schema\/logo\/image\/\",\"url\":\"https:\/\/www.galvaswiss.ch\/app\/uploads\/galvaswiss_230.svg\",\"contentUrl\":\"https:\/\/www.galvaswiss.ch\/app\/uploads\/galvaswiss_230.svg\",\"width\":230,\"height\":41,\"caption\":\"Galvaswiss AG\"},\"image\":{\"@id\":\"https:\/\/staging.galvaswiss.zwei14.website\/#\/schema\/logo\/image\/\"}}]}<\/script>\n<!-- \/ Yoast SEO plugin. -->","yoast_head_json":{"title":"Commander le livre Ks Ratgeber - Galvaswiss AG","robots":{"index":"index","follow":"follow","max-snippet":"max-snippet:-1","max-image-preview":"max-image-preview:large","max-video-preview":"max-video-preview:-1"},"canonical":"https:\/\/www.galvaswiss.ch\/fr\/?page_id=7202","og_locale":"fr_FR","og_type":"article","og_title":"Commander le livre Ks Ratgeber - Galvaswiss AG","og_description":"Formulaire de commande de livre Ks Commandez d\u00e8s maintenant notre livre de conseils Ks Guide sur la protection contre la corrosion, la galvanisation \u00e0 chaud, le rev\u00eatement et le m\u00e9tal","og_url":"https:\/\/www.galvaswiss.ch\/fr\/?page_id=7202","og_site_name":"Galvaswiss AG","article_modified_time":"2024-05-07T07:13:43+00:00","twitter_card":"summary_large_image","schema":{"@context":"https:\/\/schema.org","@graph":[{"@type":"WebPage","@id":"https:\/\/www.galvaswiss.ch\/fr\/?page_id=7202","url":"https:\/\/www.galvaswiss.ch\/fr\/?page_id=7202","name":"Commander le livre Ks Ratgeber - Galvaswiss AG","isPartOf":{"@id":"https:\/\/staging.galvaswiss.zwei14.website\/#website"},"datePublished":"2023-08-29T10:57:27+00:00","dateModified":"2024-05-07T07:13:43+00:00","breadcrumb":{"@id":"https:\/\/www.galvaswiss.ch\/fr\/?page_id=7202#breadcrumb"},"inLanguage":"fr-FR","potentialAction":[{"@type":"ReadAction","target":["https:\/\/www.galvaswiss.ch\/fr\/?page_id=7202"]}]},{"@type":"BreadcrumbList","@id":"https:\/\/www.galvaswiss.ch\/fr\/?page_id=7202#breadcrumb","itemListElement":[{"@type":"ListItem","position":1,"name":"Home","item":"https:\/\/www.galvaswiss.ch\/fr\/"},{"@type":"ListItem","position":2,"name":"Commander le livre Ks Ratgeber"}]},{"@type":"WebSite","@id":"https:\/\/staging.galvaswiss.zwei14.website\/#website","url":"https:\/\/staging.galvaswiss.zwei14.website\/","name":"Galvaswiss AG","description":"","publisher":{"@id":"https:\/\/staging.galvaswiss.zwei14.website\/#organization"},"potentialAction":[{"@type":"SearchAction","target":{"@type":"EntryPoint","urlTemplate":"https:\/\/staging.galvaswiss.zwei14.website\/?s={search_term_string}"},"query-input":{"@type":"PropertyValueSpecification","valueRequired":true,"valueName":"search_term_string"}}],"inLanguage":"fr-FR"},{"@type":"Organization","@id":"https:\/\/staging.galvaswiss.zwei14.website\/#organization","name":"Galvaswiss AG","url":"https:\/\/staging.galvaswiss.zwei14.website\/","logo":{"@type":"ImageObject","inLanguage":"fr-FR","@id":"https:\/\/staging.galvaswiss.zwei14.website\/#\/schema\/logo\/image\/","url":"https:\/\/www.galvaswiss.ch\/app\/uploads\/galvaswiss_230.svg","contentUrl":"https:\/\/www.galvaswiss.ch\/app\/uploads\/galvaswiss_230.svg","width":230,"height":41,"caption":"Galvaswiss AG"},"image":{"@id":"https:\/\/staging.galvaswiss.zwei14.website\/#\/schema\/logo\/image\/"}}]}},"_links":{"self":[{"href":"https:\/\/www.galvaswiss.ch\/fr\/wp-json\/wp\/v2\/pages\/7202","targetHints":{"allow":["GET"]}}],"collection":[{"href":"https:\/\/www.galvaswiss.ch\/fr\/wp-json\/wp\/v2\/pages"}],"about":[{"href":"https:\/\/www.galvaswiss.ch\/fr\/wp-json\/wp\/v2\/types\/page"}],"author":[{"embeddable":true,"href":"https:\/\/www.galvaswiss.ch\/fr\/wp-json\/wp\/v2\/users\/1"}],"replies":[{"embeddable":true,"href":"https:\/\/www.galvaswiss.ch\/fr\/wp-json\/wp\/v2\/comments?post=7202"}],"version-history":[{"count":5,"href":"https:\/\/www.galvaswiss.ch\/fr\/wp-json\/wp\/v2\/pages\/7202\/revisions"}],"predecessor-version":[{"id":7221,"href":"https:\/\/www.galvaswiss.ch\/fr\/wp-json\/wp\/v2\/pages\/7202\/revisions\/7221"}],"wp:attachment":[{"href":"https:\/\/www.galvaswiss.ch\/fr\/wp-json\/wp\/v2\/media?parent=7202"}],"curies":[{"name":"wp","href":"https:\/\/api.w.org\/{rel}","templated":true}]}}